{"id":133700,"date":"2025-05-17T14:53:19","date_gmt":"2025-05-17T14:53:19","guid":{"rendered":"https:\/\/www.customywear.com\/?post_type=product&#038;p=133700"},"modified":"2026-05-07T15:29:31","modified_gmt":"2026-05-07T15:29:31","slug":"tricko-dite-inspirace-doktor","status":"publish","type":"product","link":"https:\/\/www.customywear.com\/cs\/doctor-inspiration-tshirt-child\/","title":{"rendered":"Custom Doctor Inspiration T-Shirt for Toddler Boys\u202f- Cotton DTG Personalized Photo Gift to Inspire Future Healthcare Heroes"},"content":{"rendered":"<p>Prom\u011b\u0148te fantazii sv\u00e9ho d\u00edt\u011bte ve skute\u010dnost s na\u0161\u00edm tri\u010dkem pro batolata s n\u00e1pisem \u201eDoctor Inspiration\u201c. Vyrobeno z m\u011bkk\u00e9, prody\u0161n\u00e9 pr\u00e9miov\u00e9 bavlny a poti\u0161t\u011bno z\u00e1\u0159ivou a odolnou technologi\u00ed DTG. Ka\u017ed\u00e9 tri\u010dko obsahuje fotografii va\u0161eho d\u00edt\u011bte prom\u011bn\u011bnou v okouzluj\u00edc\u00ed digit\u00e1ln\u00ed um\u011bleck\u00e9 d\u00edlo, na kter\u00e9m je d\u00edt\u011b v pln\u00e9 uniform\u011b jako l\u00e9ka\u0159. Toto personalizovan\u00e9 tri\u010dko je dostate\u010dn\u011b odoln\u00e9 pro ka\u017edodenn\u00ed hran\u00ed a je nezapomenuteln\u00fdm d\u00e1rkem k narozenin\u00e1m, sv\u00e1tk\u016fm nebo jednodu\u0161e k povzbuzen\u00ed jeho rozv\u00edjej\u00edc\u00ed se v\u00e1\u0161n\u011b pro pomoc druh\u00fdm.<\/p>","protected":false},"excerpt":{"rendered":"<p>Umo\u017en\u011bte Little Healthcare Heroes tri\u010dkem Custom Doctor Inspiration pro batolata. Pr\u00e9miov\u00e1 bavln\u011bn\u00e1 tri\u010dka DTG d\u011blaj\u00ed z ka\u017ed\u00e9 fotografie hrav\u00e9 a inspirativn\u00ed tri\u010dko.<\/p>","protected":false},"featured_media":133838,"comment_status":"open","ping_status":"closed","template":"","meta":{"_acf_changed":false},"product_brand":[],"product_cat":[6209,6380,6412,6428],"product_tag":[6433,6439,6221,6381],"class_list":{"0":"post-133700","1":"product","2":"type-product","3":"status-publish","4":"has-post-thumbnail","6":"product_cat-toddler-boy-t-shirts","7":"product_cat-custom-gifts-doctor-tees","8":"product_cat-photo-to-tees","9":"product_cat-translate-products","10":"product_tag-ai-artwork","11":"product_tag-ai-kids-artwork","12":"product_tag-custom-t-shirts-near-me","13":"product_tag-personalized-gifts-doctor-tees","15":"first","16":"instock","17":"taxable","18":"shipping-taxable","19":"purchasable","20":"product-type-simple"},"acf":[],"wcpa_form_fields":null,"_links":{"self":[{"href":"https:\/\/www.customywear.com\/cs\/wp-json\/wp\/v2\/product\/133700","targetHints":{"allow":["GET"]}}],"collection":[{"href":"https:\/\/www.customywear.com\/cs\/wp-json\/wp\/v2\/product"}],"about":[{"href":"https:\/\/www.customywear.com\/cs\/wp-json\/wp\/v2\/types\/product"}],"replies":[{"embeddable":true,"href":"https:\/\/www.customywear.com\/cs\/wp-json\/wp\/v2\/comments?post=133700"}],"wp:featuredmedia":[{"embeddable":true,"href":"https:\/\/www.customywear.com\/cs\/wp-json\/wp\/v2\/media\/133838"}],"wp:attachment":[{"href":"https:\/\/www.customywear.com\/cs\/wp-json\/wp\/v2\/media?parent=133700"}],"wp:term":[{"taxonomy":"product_brand","embeddable":true,"href":"https:\/\/www.customywear.com\/cs\/wp-json\/wp\/v2\/product_brand?post=133700"},{"taxonomy":"product_cat","embeddable":true,"href":"https:\/\/www.customywear.com\/cs\/wp-json\/wp\/v2\/product_cat?post=133700"},{"taxonomy":"product_tag","embeddable":true,"href":"https:\/\/www.customywear.com\/cs\/wp-json\/wp\/v2\/product_tag?post=133700"}],"curies":[{"name":"wp","href":"https:\/\/api.w.org\/{rel}","templated":true}]}}