{"id":133882,"date":"2025-05-18T08:46:13","date_gmt":"2025-05-18T08:46:13","guid":{"rendered":"https:\/\/www.customywear.com\/?post_type=product&#038;p=133882"},"modified":"2026-05-07T15:29:31","modified_gmt":"2026-05-07T15:29:31","slug":"divcenske-personalizovane-tricko-s-italskou-vlajkou","status":"publish","type":"product","link":"https:\/\/www.customywear.com\/cs\/custom-italian-flag-tshirt-girls\/","title":{"rendered":"D\u00edv\u010d\u00ed tri\u010dko s italskou vlajkou na zak\u00e1zku \u2013 personalizovan\u00fd d\u00e1rek s tri\u010dkem s motivem italsk\u00e9 vlajky pro mlad\u00e9 milovn\u00edky It\u00e1lie a nad\u0161ence do kulturn\u00edho cestov\u00e1n\u00ed"},"content":{"rendered":"<p class=\"\" data-start=\"445\" data-end=\"1108\">Oslavte l\u00e1sku va\u0161\u00ed hol\u010di\u010dky k It\u00e1lii s na\u0161\u00edm tri\u010dkem s italskou vlajkou na m\u00edru, kde je jej\u00ed fotografie digit\u00e1ln\u011b p\u0159evedena do \u00fa\u017easn\u00e9ho designu, na kter\u00e9m je oble\u010den\u00e1 v italsk\u00e9m vlajkov\u00e9m oble\u010den\u00ed na pozad\u00ed malebn\u00e9ho italsk\u00e9ho pozad\u00ed. Toto tri\u010dko je vyrobeno z m\u011bkk\u00e9 100% bavlny a nab\u00edz\u00ed pohodl\u00ed i odolnost, je ide\u00e1ln\u00ed pro ka\u017edodenn\u00ed no\u0161en\u00ed i zvl\u00e1\u0161tn\u00ed p\u0159\u00edle\u017eitosti. Je to v\u00edc ne\u017e jen tri\u010dko \u2013 je to personalizovan\u00e9 um\u011bleck\u00e9 d\u00edlo, kter\u00e9 spojuje mlad\u00e9 dobrodruhy s kr\u00e1sou italsk\u00e9 kultury. Toto tri\u010dko, vyroben\u00e9 s vysoce kvalitn\u00edm potiskem pro z\u00e1\u0159iv\u00e9 a trvanliv\u00e9 barvy, je ide\u00e1ln\u00edm d\u00e1rkem k narozenin\u00e1m, kulturn\u00edm oslav\u00e1m nebo jako suven\u00fdr, kter\u00fd inspiruje k sn\u016fm o cestov\u00e1n\u00ed po It\u00e1lii.<\/p>","protected":false},"excerpt":{"rendered":"<p>Uka\u017ete italskou hrdost s vlastn\u00edm tri\u010dkem s italskou vlajkou pro d\u00edvky. Personalizovan\u00e1 tri\u010dka Face-in-Flag prom\u011bn\u00ed jakoukoli fotografii v hrav\u00fd, kulturn\u00ed d\u00e1rek.<\/p>","protected":false},"featured_media":134015,"comment_status":"open","ping_status":"closed","template":"","meta":{"_acf_changed":false},"product_brand":[],"product_cat":[6193,152,6412,6428,58],"product_tag":[6433,6439,6331,6221,6382],"class_list":{"0":"post-133882","1":"product","2":"type-product","3":"status-publish","4":"has-post-thumbnail","6":"product_cat-girls-t-shirts","7":"product_cat-girls","8":"product_cat-photo-to-tees","9":"product_cat-translate-products","10":"product_cat-youth-kids","11":"product_tag-ai-artwork","12":"product_tag-ai-kids-artwork","13":"product_tag-custom-picture-t-shirt-for-girls","14":"product_tag-custom-t-shirts-near-me","15":"product_tag-personalized-gifts-italian-culture","17":"first","18":"instock","19":"taxable","20":"shipping-taxable","21":"purchasable","22":"product-type-simple"},"acf":[],"wcpa_form_fields":null,"_links":{"self":[{"href":"https:\/\/www.customywear.com\/cs\/wp-json\/wp\/v2\/product\/133882","targetHints":{"allow":["GET"]}}],"collection":[{"href":"https:\/\/www.customywear.com\/cs\/wp-json\/wp\/v2\/product"}],"about":[{"href":"https:\/\/www.customywear.com\/cs\/wp-json\/wp\/v2\/types\/product"}],"replies":[{"embeddable":true,"href":"https:\/\/www.customywear.com\/cs\/wp-json\/wp\/v2\/comments?post=133882"}],"wp:featuredmedia":[{"embeddable":true,"href":"https:\/\/www.customywear.com\/cs\/wp-json\/wp\/v2\/media\/134015"}],"wp:attachment":[{"href":"https:\/\/www.customywear.com\/cs\/wp-json\/wp\/v2\/media?parent=133882"}],"wp:term":[{"taxonomy":"product_brand","embeddable":true,"href":"https:\/\/www.customywear.com\/cs\/wp-json\/wp\/v2\/product_brand?post=133882"},{"taxonomy":"product_cat","embeddable":true,"href":"https:\/\/www.customywear.com\/cs\/wp-json\/wp\/v2\/product_cat?post=133882"},{"taxonomy":"product_tag","embeddable":true,"href":"https:\/\/www.customywear.com\/cs\/wp-json\/wp\/v2\/product_tag?post=133882"}],"curies":[{"name":"wp","href":"https:\/\/api.w.org\/{rel}","templated":true}]}}