{"id":133892,"date":"2025-05-18T08:46:14","date_gmt":"2025-05-18T08:46:14","guid":{"rendered":"https:\/\/www.customywear.com\/?post_type=product&#038;p=133892"},"modified":"2026-05-07T15:29:31","modified_gmt":"2026-05-07T15:29:31","slug":"tricko-italie-batole-chlapec-na-miru","status":"publish","type":"product","link":"https:\/\/www.customywear.com\/cs\/personalized-italian-flag-tshirt-toddler-boys\/","title":{"rendered":"Personalizovan\u00e9 tri\u010dko s italskou vlajkou pro batolata \u2013 tri\u010dko na selfie na m\u00edru s fotografi\u00ed va\u0161eho d\u00edt\u011bte a designem inspirovan\u00fdm cestov\u00e1n\u00edm po It\u00e1lii"},"content":{"rendered":"<p>Ud\u011blejte \u0161atn\u00edk sv\u00e9ho batolete nezapomenuteln\u00fdm s na\u0161\u00edm personalizovan\u00fdm tri\u010dkem s italskou vlajkou pro batolata. Tri\u010dko s vlastn\u00edm potiskem, kde se fotografie va\u0161eho d\u00edt\u011bte prom\u011bn\u00ed v roztomilou postavi\u010dku s italskou tematikou v oble\u010den\u00ed s italskou vlajkou na ikonick\u00e9m italsk\u00e9m pozad\u00ed, je vyrobeno z m\u011bkk\u00e9 a prody\u0161n\u00e9 bavlny pro celodenn\u00ed pohodl\u00ed a poti\u0161t\u011bno \u017eiv\u00fdmi a trvanliv\u00fdmi barvami. Toto tri\u010dko je perfektn\u00edm d\u00e1rkem k narozenin\u00e1m, sv\u00e1tk\u016fm nebo kulturn\u00edm oslav\u00e1m. Ka\u017ed\u00e9 tri\u010dko, navr\u017een\u00e9 profesion\u00e1ln\u00edmi um\u011blci, je nositeln\u00fdm um\u011bleck\u00fdm d\u00edlem, kter\u00e9 podporuje l\u00e1sku k It\u00e1lii a cestov\u00e1n\u00ed od \u00fatl\u00e9ho v\u011bku. Ide\u00e1ln\u00ed pro italsk\u00e9 rodiny nebo pro ka\u017ed\u00e9ho mal\u00e9ho objevitele, kter\u00fd sn\u00ed o Evrop\u011b!<\/p>","protected":false},"excerpt":{"rendered":"<p>Honor Heritage s personalizovan\u00fdm tri\u010dkem s italskou vlajkou pro batolata. Vlastn\u00ed selfie ko\u0161ile s designem inspirovan\u00fdm cestov\u00e1n\u00edm prom\u011bn\u00ed jakoukoli fotografii v hrav\u00e9, jedine\u010dn\u00e9 tri\u010dko.<\/p>","protected":false},"featured_media":134036,"comment_status":"open","ping_status":"closed","template":"","meta":{"_acf_changed":false},"product_brand":[],"product_cat":[6209,6412,6428],"product_tag":[6433,6439,6221,6382],"class_list":{"0":"post-133892","1":"product","2":"type-product","3":"status-publish","4":"has-post-thumbnail","6":"product_cat-toddler-boy-t-shirts","7":"product_cat-photo-to-tees","8":"product_cat-translate-products","9":"product_tag-ai-artwork","10":"product_tag-ai-kids-artwork","11":"product_tag-custom-t-shirts-near-me","12":"product_tag-personalized-gifts-italian-culture","14":"first","15":"instock","16":"taxable","17":"shipping-taxable","18":"purchasable","19":"product-type-simple"},"acf":[],"wcpa_form_fields":null,"_links":{"self":[{"href":"https:\/\/www.customywear.com\/cs\/wp-json\/wp\/v2\/product\/133892","targetHints":{"allow":["GET"]}}],"collection":[{"href":"https:\/\/www.customywear.com\/cs\/wp-json\/wp\/v2\/product"}],"about":[{"href":"https:\/\/www.customywear.com\/cs\/wp-json\/wp\/v2\/types\/product"}],"replies":[{"embeddable":true,"href":"https:\/\/www.customywear.com\/cs\/wp-json\/wp\/v2\/comments?post=133892"}],"wp:featuredmedia":[{"embeddable":true,"href":"https:\/\/www.customywear.com\/cs\/wp-json\/wp\/v2\/media\/134036"}],"wp:attachment":[{"href":"https:\/\/www.customywear.com\/cs\/wp-json\/wp\/v2\/media?parent=133892"}],"wp:term":[{"taxonomy":"product_brand","embeddable":true,"href":"https:\/\/www.customywear.com\/cs\/wp-json\/wp\/v2\/product_brand?post=133892"},{"taxonomy":"product_cat","embeddable":true,"href":"https:\/\/www.customywear.com\/cs\/wp-json\/wp\/v2\/product_cat?post=133892"},{"taxonomy":"product_tag","embeddable":true,"href":"https:\/\/www.customywear.com\/cs\/wp-json\/wp\/v2\/product_tag?post=133892"}],"curies":[{"name":"wp","href":"https:\/\/api.w.org\/{rel}","templated":true}]}}