{"id":133907,"date":"2025-05-18T08:46:14","date_gmt":"2025-05-18T08:46:14","guid":{"rendered":"https:\/\/www.customywear.com\/?post_type=product&#038;p=133907"},"modified":"2026-05-05T20:23:26","modified_gmt":"2026-05-05T20:23:26","slug":"damske-personalizovane-tricko-s-italskou-vlajkou","status":"publish","type":"product","link":"https:\/\/www.customywear.com\/cs\/custom-italian-flag-shirt-women\/","title":{"rendered":"D\u00e1msk\u00e9 tri\u010dko s italskou vlajkou na m\u00edru \u2013 personalizovan\u00e9 tri\u010dko s fotografi\u00ed pro milovn\u00edky italsk\u00e9 kultury, ide\u00e1ln\u00ed d\u00e1rek pro hrd\u00e9 Italy"},"content":{"rendered":"<p>Oslavte italsk\u00e9 d\u011bdictv\u00ed s na\u0161\u00edm d\u00e1msk\u00fdm tri\u010dkem s italskou vlajkou na m\u00edru \u2013 perfektn\u00edm d\u00e1rkem pro ka\u017ed\u00e9ho, kdo miluje italskou kulturu, j\u00eddlo nebo cestov\u00e1n\u00ed. Toto 100% bavln\u011bn\u00e9 tri\u010dko nab\u00edz\u00ed pohodl\u00ed i kvalitu d\u00edky odoln\u00e9mu potisku DTG, kter\u00fd o\u017eiv\u00ed va\u0161e fotografie spolu s ikonickou italskou vlajkou. A\u0165 u\u017e se jedn\u00e1 o narozeniny, v\u00fdro\u010d\u00ed nebo kulturn\u00ed oslavu, toto personalizovan\u00e9 tri\u010dko je smyslupln\u00fdm a stylov\u00fdm d\u00e1rkem. Ka\u017ed\u00e9 tri\u010dko, navr\u017een\u00e9 zku\u0161en\u00fdmi um\u011blci, odr\u00e1\u017e\u00ed n\u00e1rodn\u00ed hrdost s jedine\u010dn\u00fdm osobn\u00edm n\u00e1dechem.<\/p>","protected":false},"excerpt":{"rendered":"<p>Oslavte \u017eeny vlastn\u00edm tri\u010dkem s italskou vlajkou. Personalizovan\u00e1 fotografick\u00e1 tri\u010dka pro milovn\u00edky italsk\u00e9 kultury prom\u011bn\u00ed jakoukoli fotografii v odv\u00e1\u017en\u00e9, jedine\u010dn\u00e9 tri\u010dko.<\/p>","protected":false},"featured_media":133944,"comment_status":"open","ping_status":"closed","template":"","meta":{"_acf_changed":false},"product_brand":[],"product_cat":[6191,6412,6428,75,6355],"product_tag":[6214,6433,6328,229,6382,6215],"class_list":{"0":"post-133907","1":"product","2":"type-product","3":"status-publish","4":"has-post-thumbnail","6":"product_cat-t-shirts-women","7":"product_cat-photo-to-tees","8":"product_cat-translate-products","9":"product_cat-women","10":"product_cat-womens-culture-country-t-shirts","11":"product_tag-affordable-custom-t-shirts","12":"product_tag-ai-artwork","13":"product_tag-custom-image-t-shirt-for-women","14":"product_tag-custom-tee-shirts","15":"product_tag-personalized-gifts-italian-culture","16":"product_tag-screen-printing-near-me","18":"first","19":"instock","20":"taxable","21":"shipping-taxable","22":"purchasable","23":"product-type-simple"},"acf":[],"wcpa_form_fields":null,"_links":{"self":[{"href":"https:\/\/www.customywear.com\/cs\/wp-json\/wp\/v2\/product\/133907","targetHints":{"allow":["GET"]}}],"collection":[{"href":"https:\/\/www.customywear.com\/cs\/wp-json\/wp\/v2\/product"}],"about":[{"href":"https:\/\/www.customywear.com\/cs\/wp-json\/wp\/v2\/types\/product"}],"replies":[{"embeddable":true,"href":"https:\/\/www.customywear.com\/cs\/wp-json\/wp\/v2\/comments?post=133907"}],"wp:featuredmedia":[{"embeddable":true,"href":"https:\/\/www.customywear.com\/cs\/wp-json\/wp\/v2\/media\/133944"}],"wp:attachment":[{"href":"https:\/\/www.customywear.com\/cs\/wp-json\/wp\/v2\/media?parent=133907"}],"wp:term":[{"taxonomy":"product_brand","embeddable":true,"href":"https:\/\/www.customywear.com\/cs\/wp-json\/wp\/v2\/product_brand?post=133907"},{"taxonomy":"product_cat","embeddable":true,"href":"https:\/\/www.customywear.com\/cs\/wp-json\/wp\/v2\/product_cat?post=133907"},{"taxonomy":"product_tag","embeddable":true,"href":"https:\/\/www.customywear.com\/cs\/wp-json\/wp\/v2\/product_tag?post=133907"}],"curies":[{"name":"wp","href":"https:\/\/api.w.org\/{rel}","templated":true}]}}