{"id":133912,"date":"2025-05-18T08:46:14","date_gmt":"2025-05-18T08:46:14","guid":{"rendered":"https:\/\/www.customywear.com\/?post_type=product&#038;p=133912"},"modified":"2026-05-05T20:24:06","modified_gmt":"2026-05-05T20:24:06","slug":"panske-personalizovane-tricko-s-italskou-vlajkou","status":"publish","type":"product","link":"https:\/\/www.customywear.com\/cs\/custom-italian-flag-shirt-men\/","title":{"rendered":"P\u00e1nsk\u00e9 tri\u010dko s italskou vlajkou na m\u00edru \u2013 personalizovan\u00e9 tri\u010dko s fotografi\u00ed pro milovn\u00edky italsk\u00e9 kultury, ide\u00e1ln\u00ed d\u00e1rek pro hrd\u00e9 Italy"},"content":{"rendered":"<p>Oslavte italsk\u00e9 d\u011bdictv\u00ed s na\u0161\u00edm p\u00e1nsk\u00fdm tri\u010dkem s italskou vlajkou na m\u00edru \u2013 perfektn\u00edm d\u00e1rkem pro ka\u017ed\u00e9ho, kdo miluje italskou kulturu, j\u00eddlo nebo cestov\u00e1n\u00ed. Toto 100% bavln\u011bn\u00e9 tri\u010dko nab\u00edz\u00ed pohodl\u00ed i kvalitu d\u00edky odoln\u00e9mu potisku DTG, kter\u00fd o\u017eiv\u00ed va\u0161e fotografie spolu s ikonickou italskou vlajkou. A\u0165 u\u017e se jedn\u00e1 o narozeniny, v\u00fdro\u010d\u00ed nebo kulturn\u00ed oslavu, toto personalizovan\u00e9 tri\u010dko je smyslupln\u00fdm a stylov\u00fdm d\u00e1rkem. Ka\u017ed\u00e9 tri\u010dko, navr\u017een\u00e9 zku\u0161en\u00fdmi um\u011blci, odr\u00e1\u017e\u00ed n\u00e1rodn\u00ed hrdost s jedine\u010dn\u00fdm osobn\u00edm n\u00e1dechem.<\/p>","protected":false},"excerpt":{"rendered":"<p>Uka\u017ete italskou hrdost s vlastn\u00edm tri\u010dkem s italskou vlajkou pro mu\u017ee. Personalizovan\u00e1 fotografick\u00e1 tri\u010dka prom\u011bn\u00ed jakoukoli fotografii v jedine\u010dnou kulturn\u00ed pam\u00e1tku.<\/p>","protected":false},"featured_media":133923,"comment_status":"open","ping_status":"closed","template":"","meta":{"_acf_changed":false},"product_brand":[],"product_cat":[6195,186,6345,6412,6428],"product_tag":[6433,6327,6216,6382],"class_list":{"0":"post-133912","1":"product","2":"type-product","3":"status-publish","4":"has-post-thumbnail","6":"product_cat-t-shirts-men","7":"product_cat-men","8":"product_cat-mens-country-culture-t-shirts","9":"product_cat-photo-to-tees","10":"product_cat-translate-products","11":"product_tag-ai-artwork","12":"product_tag-custom-photo-t-shirt-for-men","13":"product_tag-mens-custom-t-shirts","14":"product_tag-personalized-gifts-italian-culture","16":"first","17":"instock","18":"taxable","19":"shipping-taxable","20":"purchasable","21":"product-type-simple"},"acf":[],"wcpa_form_fields":null,"_links":{"self":[{"href":"https:\/\/www.customywear.com\/cs\/wp-json\/wp\/v2\/product\/133912","targetHints":{"allow":["GET"]}}],"collection":[{"href":"https:\/\/www.customywear.com\/cs\/wp-json\/wp\/v2\/product"}],"about":[{"href":"https:\/\/www.customywear.com\/cs\/wp-json\/wp\/v2\/types\/product"}],"replies":[{"embeddable":true,"href":"https:\/\/www.customywear.com\/cs\/wp-json\/wp\/v2\/comments?post=133912"}],"wp:featuredmedia":[{"embeddable":true,"href":"https:\/\/www.customywear.com\/cs\/wp-json\/wp\/v2\/media\/133923"}],"wp:attachment":[{"href":"https:\/\/www.customywear.com\/cs\/wp-json\/wp\/v2\/media?parent=133912"}],"wp:term":[{"taxonomy":"product_brand","embeddable":true,"href":"https:\/\/www.customywear.com\/cs\/wp-json\/wp\/v2\/product_brand?post=133912"},{"taxonomy":"product_cat","embeddable":true,"href":"https:\/\/www.customywear.com\/cs\/wp-json\/wp\/v2\/product_cat?post=133912"},{"taxonomy":"product_tag","embeddable":true,"href":"https:\/\/www.customywear.com\/cs\/wp-json\/wp\/v2\/product_tag?post=133912"}],"curies":[{"name":"wp","href":"https:\/\/api.w.org\/{rel}","templated":true}]}}