{"id":136579,"date":"2025-07-29T13:09:19","date_gmt":"2025-07-29T13:09:19","guid":{"rendered":"https:\/\/www.customywear.com\/?post_type=product&#038;p=136579"},"modified":"2026-05-07T15:29:31","modified_gmt":"2026-05-07T15:29:31","slug":"tricko-divky-beh-foto-na-miru","status":"publish","type":"product","link":"https:\/\/www.customywear.com\/cs\/custom-runner-jogging-girls-photo-tshirt\/","title":{"rendered":"D\u00edv\u010d\u00ed b\u011b\u017eeck\u00e9 tri\u010dko na m\u00edru \u2013 personalizovan\u00e9 b\u011b\u017eeck\u00e9 tri\u010dko s fotkou pro aktivn\u00ed outdoorov\u00e9 d\u011bti"},"content":{"rendered":"<p>Oslavte jej\u00ed l\u00e1sku k p\u0159\u00edrod\u011b s na\u0161\u00edm d\u00edv\u010d\u00edm tri\u010dkem pro b\u011bh\u00e1n\u00ed a b\u011bh\u00e1n\u00ed. Toto personalizovan\u00e9 tri\u010dko je ur\u010deno pro mlad\u00e9 d\u00edvky, kter\u00e9 si r\u00e1dy u\u017e\u00edvaj\u00ed b\u011bh\u00e1n\u00ed, sport nebo aktivn\u00ed dobrodru\u017estv\u00ed. Prom\u011bn\u00ed va\u0161i fotografii v \u00fa\u017easn\u00e9 digit\u00e1ln\u00ed um\u011bn\u00ed. Je to perfektn\u00ed d\u00e1rek, kter\u00fd motivuje va\u0161i malou sportovkyni nebo p\u0159ipom\u00edn\u00e1 jej\u00ed v\u00e1\u0161e\u0148 pro aktivn\u00ed \u017eivot. D\u00edky z\u00e1\u0159iv\u00e9mu, trvanliv\u00e9mu potisku a vysoce kvalitn\u00ed bavln\u011b je odoln\u00e9 a z\u00e1rove\u0148 smyslupln\u00e9. Ide\u00e1ln\u00ed k narozenin\u00e1m, fitness akc\u00edm nebo jednodu\u0161e k vyj\u00e1d\u0159en\u00ed podpory jej\u00edmu aktivn\u00edmu \u017eivotn\u00edmu stylu.<\/p>","protected":false},"excerpt":{"rendered":"<p>Inspirujte venkovn\u00ed z\u00e1bavu s vlastn\u00edm b\u011b\u017eeck\u00fdm tri\u010dkem pro d\u00edvky. Personalizovan\u00e1 tri\u010dka na joggingov\u00e9 fotografie prom\u011bn\u00ed jakoukoli fotografii ve sportovn\u00ed, jedine\u010dn\u00e9 tri\u010dko.<\/p>","protected":false},"featured_media":136680,"comment_status":"open","ping_status":"closed","template":"","meta":{"_acf_changed":false},"product_brand":[],"product_cat":[6193,6411,152,6412,6428,58],"product_tag":[6433,6439,6331,6221],"class_list":{"0":"post-136579","1":"product","2":"type-product","3":"status-publish","4":"has-post-thumbnail","6":"product_cat-girls-t-shirts","7":"product_cat-custom-gifts-ai-jogging-runner","8":"product_cat-girls","9":"product_cat-photo-to-tees","10":"product_cat-translate-products","11":"product_cat-youth-kids","12":"product_tag-ai-artwork","13":"product_tag-ai-kids-artwork","14":"product_tag-custom-picture-t-shirt-for-girls","15":"product_tag-custom-t-shirts-near-me","17":"first","18":"instock","19":"taxable","20":"shipping-taxable","21":"purchasable","22":"product-type-simple"},"acf":[],"wcpa_form_fields":null,"_links":{"self":[{"href":"https:\/\/www.customywear.com\/cs\/wp-json\/wp\/v2\/product\/136579","targetHints":{"allow":["GET"]}}],"collection":[{"href":"https:\/\/www.customywear.com\/cs\/wp-json\/wp\/v2\/product"}],"about":[{"href":"https:\/\/www.customywear.com\/cs\/wp-json\/wp\/v2\/types\/product"}],"replies":[{"embeddable":true,"href":"https:\/\/www.customywear.com\/cs\/wp-json\/wp\/v2\/comments?post=136579"}],"wp:featuredmedia":[{"embeddable":true,"href":"https:\/\/www.customywear.com\/cs\/wp-json\/wp\/v2\/media\/136680"}],"wp:attachment":[{"href":"https:\/\/www.customywear.com\/cs\/wp-json\/wp\/v2\/media?parent=136579"}],"wp:term":[{"taxonomy":"product_brand","embeddable":true,"href":"https:\/\/www.customywear.com\/cs\/wp-json\/wp\/v2\/product_brand?post=136579"},{"taxonomy":"product_cat","embeddable":true,"href":"https:\/\/www.customywear.com\/cs\/wp-json\/wp\/v2\/product_cat?post=136579"},{"taxonomy":"product_tag","embeddable":true,"href":"https:\/\/www.customywear.com\/cs\/wp-json\/wp\/v2\/product_tag?post=136579"}],"curies":[{"name":"wp","href":"https:\/\/api.w.org\/{rel}","templated":true}]}}