{"id":136584,"date":"2025-07-29T13:09:19","date_gmt":"2025-07-29T13:09:19","guid":{"rendered":"https:\/\/www.customywear.com\/?post_type=product&#038;p=136584"},"modified":"2026-05-07T15:29:31","modified_gmt":"2026-05-07T15:29:31","slug":"tricko-chlapci-beh-foto-na-miru","status":"publish","type":"product","link":"https:\/\/www.customywear.com\/cs\/custom-runner-jogging-boys-photo-tshirt\/","title":{"rendered":"B\u011b\u017eeck\u00e9 tri\u010dko na m\u00edru pro chlapce \u2013 personalizovan\u00e9 b\u011b\u017eeck\u00e9 tri\u010dko s fotkou pro aktivn\u00ed d\u011bti, kter\u00e9 miluj\u00ed outdoorov\u00e1 dobrodru\u017estv\u00ed"},"content":{"rendered":"<p>Podn\u00ed\u0165te jeho v\u00e1\u0161e\u0148 pro outdoorov\u00e1 dobrodru\u017estv\u00ed s na\u0161\u00edm chlapeck\u00fdm tri\u010dkem Custom Runner, personalizovan\u00fdm s va\u0161\u00ed fotografi\u00ed. Toto jedine\u010dn\u00e9 tri\u010dko prom\u011bn\u00ed va\u0161e d\u00edt\u011b v \u017eiv\u00e9 digit\u00e1ln\u00ed um\u011bleck\u00e9 d\u00edlo a zachyt\u00ed ho ve sportovn\u00ed sc\u00e9n\u011b p\u0159i b\u011bh\u00e1n\u00ed. Je to perfektn\u00ed d\u00e1rek pro mal\u00e9 chlapce, kte\u0159\u00ed miluj\u00ed b\u011bh\u00e1n\u00ed, jogging nebo venkovn\u00ed hry. Toto tri\u010dko je ide\u00e1ln\u00ed k narozenin\u00e1m nebo jen pro povzbuzen\u00ed aktivn\u00edho \u017eivotn\u00edho stylu a v sob\u011b spojuje osobn\u00ed v\u00fdznam s ka\u017edodenn\u00edm pohodl\u00edm a odolnost\u00ed, to v\u0161e o\u017eivuje \u017eiv\u00fd a trvanliv\u00fd DTG potisk.<\/p>","protected":false},"excerpt":{"rendered":"<p>Oslavte mlad\u00e9 dobrodruhy tri\u010dkem Custom Runner pro chlapce. Personalizovan\u00e1 tri\u010dka pro jogging prom\u011bn\u00ed jakoukoli fotografii v hrav\u00e9, aktivn\u00ed tri\u010dko.<\/p>","protected":false},"featured_media":136701,"comment_status":"open","ping_status":"closed","template":"","meta":{"_acf_changed":false},"product_brand":[],"product_cat":[6189,6411,6412,6428],"product_tag":[6433,6439,6221,6330],"class_list":{"0":"post-136584","1":"product","2":"type-product","3":"status-publish","4":"has-post-thumbnail","6":"product_cat-boys-t-shirts","7":"product_cat-custom-gifts-ai-jogging-runner","8":"product_cat-photo-to-tees","9":"product_cat-translate-products","10":"product_tag-ai-artwork","11":"product_tag-ai-kids-artwork","12":"product_tag-custom-t-shirts-near-me","13":"product_tag-photo-print-t-shirt-for-boys","15":"first","16":"instock","17":"taxable","18":"shipping-taxable","19":"purchasable","20":"product-type-simple"},"acf":[],"wcpa_form_fields":null,"_links":{"self":[{"href":"https:\/\/www.customywear.com\/cs\/wp-json\/wp\/v2\/product\/136584","targetHints":{"allow":["GET"]}}],"collection":[{"href":"https:\/\/www.customywear.com\/cs\/wp-json\/wp\/v2\/product"}],"about":[{"href":"https:\/\/www.customywear.com\/cs\/wp-json\/wp\/v2\/types\/product"}],"replies":[{"embeddable":true,"href":"https:\/\/www.customywear.com\/cs\/wp-json\/wp\/v2\/comments?post=136584"}],"wp:featuredmedia":[{"embeddable":true,"href":"https:\/\/www.customywear.com\/cs\/wp-json\/wp\/v2\/media\/136701"}],"wp:attachment":[{"href":"https:\/\/www.customywear.com\/cs\/wp-json\/wp\/v2\/media?parent=136584"}],"wp:term":[{"taxonomy":"product_brand","embeddable":true,"href":"https:\/\/www.customywear.com\/cs\/wp-json\/wp\/v2\/product_brand?post=136584"},{"taxonomy":"product_cat","embeddable":true,"href":"https:\/\/www.customywear.com\/cs\/wp-json\/wp\/v2\/product_cat?post=136584"},{"taxonomy":"product_tag","embeddable":true,"href":"https:\/\/www.customywear.com\/cs\/wp-json\/wp\/v2\/product_tag?post=136584"}],"curies":[{"name":"wp","href":"https:\/\/api.w.org\/{rel}","templated":true}]}}