{"id":136589,"date":"2025-07-29T13:09:19","date_gmt":"2025-07-29T13:09:19","guid":{"rendered":"https:\/\/www.customywear.com\/?post_type=product&#038;p=136589"},"modified":"2026-05-07T15:29:25","modified_gmt":"2026-05-07T15:29:25","slug":"tricko-miminko-chlapec-beh-foto-na-miru","status":"publish","type":"product","link":"https:\/\/www.customywear.com\/cs\/custom-runner-toddler-boys-photo-tshirt\/","title":{"rendered":"B\u011b\u017eeck\u00e9 tri\u010dko na m\u00edru pro batolata \u2013 personalizovan\u00e9 b\u011b\u017eeck\u00e9 tri\u010dko s fotkou pro aktivn\u00ed mlad\u00e9 outdoorov\u00e9 dobrodruhy"},"content":{"rendered":"<p>Vdechn\u011bte sv\u00e9mu batoleti energii s na\u0161\u00edm chlapeck\u00fdm tri\u010dkem s n\u00e1pisem \u201eJogging &amp; Running\u201c na m\u00edru. Toto sportovn\u00ed tri\u010dko, personalizovan\u00e9 podle va\u0161\u00ed fotografie, prom\u011bn\u00ed va\u0161eho ratolesti v \u017eiv\u00e9 digit\u00e1ln\u00ed um\u011bleck\u00e9 d\u00edlo, b\u011bhaj\u00edc\u00ed nebo jogginguj\u00edc\u00ed v malebn\u00e9m parku. Toto tri\u010dko je ide\u00e1ln\u00ed pro batolata, kter\u00e1 miluj\u00ed venkovn\u00ed hry, a je z\u00e1bavn\u00fdm a inspirativn\u00edm d\u00e1rkem, kter\u00fd povzbuzuje pohyb a aktivitu. Vyrobeno z m\u011bkk\u00e9 a odoln\u00e9 bavlny a poti\u0161t\u011bno vysoce kvalitn\u00ed technologi\u00ed DTG, zaji\u0161\u0165uje trval\u00e9 pohodl\u00ed, z\u00e1\u0159iv\u00e9 barvy a je jedine\u010dn\u00fdm suven\u00fdrem, kter\u00fd zachycuje jeho hrav\u00e9ho ducha.<\/p>","protected":false},"excerpt":{"rendered":"<p>Palivov\u00e1 energie s vlastn\u00edm b\u011b\u017eeck\u00fdm tri\u010dkem pro batolata. Personalizovan\u00e1 tri\u010dka na joggingov\u00e9 fotografie prom\u011bn\u00ed jakoukoli fotografii v odv\u00e1\u017en\u00e9, jedine\u010dn\u00e9 tri\u010dko.<\/p>","protected":false},"featured_media":136742,"comment_status":"open","ping_status":"closed","template":"","meta":{"_acf_changed":false},"product_brand":[],"product_cat":[6209,6411,6412,6428],"product_tag":[6433,6439,6221],"class_list":{"0":"post-136589","1":"product","2":"type-product","3":"status-publish","4":"has-post-thumbnail","6":"product_cat-toddler-boy-t-shirts","7":"product_cat-custom-gifts-ai-jogging-runner","8":"product_cat-photo-to-tees","9":"product_cat-translate-products","10":"product_tag-ai-artwork","11":"product_tag-ai-kids-artwork","12":"product_tag-custom-t-shirts-near-me","14":"first","15":"instock","16":"taxable","17":"shipping-taxable","18":"purchasable","19":"product-type-simple"},"acf":[],"wcpa_form_fields":null,"_links":{"self":[{"href":"https:\/\/www.customywear.com\/cs\/wp-json\/wp\/v2\/product\/136589","targetHints":{"allow":["GET"]}}],"collection":[{"href":"https:\/\/www.customywear.com\/cs\/wp-json\/wp\/v2\/product"}],"about":[{"href":"https:\/\/www.customywear.com\/cs\/wp-json\/wp\/v2\/types\/product"}],"replies":[{"embeddable":true,"href":"https:\/\/www.customywear.com\/cs\/wp-json\/wp\/v2\/comments?post=136589"}],"wp:featuredmedia":[{"embeddable":true,"href":"https:\/\/www.customywear.com\/cs\/wp-json\/wp\/v2\/media\/136742"}],"wp:attachment":[{"href":"https:\/\/www.customywear.com\/cs\/wp-json\/wp\/v2\/media?parent=136589"}],"wp:term":[{"taxonomy":"product_brand","embeddable":true,"href":"https:\/\/www.customywear.com\/cs\/wp-json\/wp\/v2\/product_brand?post=136589"},{"taxonomy":"product_cat","embeddable":true,"href":"https:\/\/www.customywear.com\/cs\/wp-json\/wp\/v2\/product_cat?post=136589"},{"taxonomy":"product_tag","embeddable":true,"href":"https:\/\/www.customywear.com\/cs\/wp-json\/wp\/v2\/product_tag?post=136589"}],"curies":[{"name":"wp","href":"https:\/\/api.w.org\/{rel}","templated":true}]}}