{"id":136604,"date":"2025-07-29T13:09:19","date_gmt":"2025-07-29T13:09:19","guid":{"rendered":"https:\/\/www.customywear.com\/?post_type=product&#038;p=136604"},"modified":"2026-05-05T20:23:26","modified_gmt":"2026-05-05T20:23:26","slug":"tricko-damske-bezkyn-jogger-na-miru","status":"publish","type":"product","link":"https:\/\/www.customywear.com\/cs\/custom-womens-runner-jogger-tshirt\/","title":{"rendered":"D\u00e1msk\u00e9 tri\u010dko na m\u00edru pro b\u011b\u017ekyn\u011b a joggery \u2013 personalizovan\u00fd d\u00e1rek pro matky, sestry, man\u017eelky a p\u0159\u00edtelkyn\u011b"},"content":{"rendered":"<p>Oslavte aktivn\u00ed \u017eivotn\u00ed styl s na\u0161\u00edm d\u00e1msk\u00fdm b\u011b\u017eeck\u00fdm a joggingov\u00fdm tri\u010dkem na m\u00edru, kter\u00e9 je unik\u00e1tn\u011b navr\u017eeno podle va\u0161\u00ed vlastn\u00ed fotografie. Toto personalizovan\u00e9 tri\u010dko, vyroben\u00e9 pro b\u011b\u017ekyn\u011b, jogging \u017eeny, matky, sestry, man\u017eelky a p\u0159\u00edtelkyn\u011b, v sob\u011b spojuje digit\u00e1ln\u00ed um\u011bn\u00ed s pr\u00e9miovou m\u011bkkou bavlnou pro trval\u00e9 pohodl\u00ed a \u017eivost. A\u0165 u\u017e se vyd\u00e1v\u00e1te na stezku nebo leno\u0161\u00edte doma, je to perfektn\u00ed motiva\u010dn\u00ed d\u00e1rek, kter\u00fd uct\u00ed jejich v\u00e1\u0161e\u0148 pro outdoorov\u00fd fitness a prom\u011bn\u00ed drahocenn\u00e9 vzpom\u00ednky v nositeln\u00e9 um\u011bn\u00ed.<\/p>","protected":false},"excerpt":{"rendered":"<p>Empower women runners with a Custom Women&#8217;s T-Shirt. Personalized Gifts for Mothers, Sisters, Wives, and Girlfriends transform any photo into a sporty, unique tee.<\/p>","protected":false},"featured_media":136636,"comment_status":"open","ping_status":"closed","template":"","meta":{"_acf_changed":false},"product_brand":[],"product_cat":[6191,6411,6412,6428,75,6352],"product_tag":[6214,6433,6328,229,6215],"class_list":{"0":"post-136604","1":"product","2":"type-product","3":"status-publish","4":"has-post-thumbnail","6":"product_cat-t-shirts-women","7":"product_cat-custom-gifts-ai-jogging-runner","8":"product_cat-photo-to-tees","9":"product_cat-translate-products","10":"product_cat-women","11":"product_cat-womens-sports-t-shirts","12":"product_tag-affordable-custom-t-shirts","13":"product_tag-ai-artwork","14":"product_tag-custom-image-t-shirt-for-women","15":"product_tag-custom-tee-shirts","16":"product_tag-screen-printing-near-me","18":"first","19":"instock","20":"taxable","21":"shipping-taxable","22":"purchasable","23":"product-type-simple"},"acf":[],"wcpa_form_fields":null,"_links":{"self":[{"href":"https:\/\/www.customywear.com\/cs\/wp-json\/wp\/v2\/product\/136604","targetHints":{"allow":["GET"]}}],"collection":[{"href":"https:\/\/www.customywear.com\/cs\/wp-json\/wp\/v2\/product"}],"about":[{"href":"https:\/\/www.customywear.com\/cs\/wp-json\/wp\/v2\/types\/product"}],"replies":[{"embeddable":true,"href":"https:\/\/www.customywear.com\/cs\/wp-json\/wp\/v2\/comments?post=136604"}],"wp:featuredmedia":[{"embeddable":true,"href":"https:\/\/www.customywear.com\/cs\/wp-json\/wp\/v2\/media\/136636"}],"wp:attachment":[{"href":"https:\/\/www.customywear.com\/cs\/wp-json\/wp\/v2\/media?parent=136604"}],"wp:term":[{"taxonomy":"product_brand","embeddable":true,"href":"https:\/\/www.customywear.com\/cs\/wp-json\/wp\/v2\/product_brand?post=136604"},{"taxonomy":"product_cat","embeddable":true,"href":"https:\/\/www.customywear.com\/cs\/wp-json\/wp\/v2\/product_cat?post=136604"},{"taxonomy":"product_tag","embeddable":true,"href":"https:\/\/www.customywear.com\/cs\/wp-json\/wp\/v2\/product_tag?post=136604"}],"curies":[{"name":"wp","href":"https:\/\/api.w.org\/{rel}","templated":true}]}}