{"id":136609,"date":"2025-07-29T13:09:20","date_gmt":"2025-07-29T13:09:20","guid":{"rendered":"https:\/\/www.customywear.com\/?post_type=product&#038;p=136609"},"modified":"2026-05-05T20:24:06","modified_gmt":"2026-05-05T20:24:06","slug":"personalizovane-tricko-muz-beh-foto-umeni-darek","status":"publish","type":"product","link":"https:\/\/www.customywear.com\/cs\/custom-mens-running-tshirt-photo-art-gift\/","title":{"rendered":"Personalizovan\u00e9 p\u00e1nsk\u00e9 b\u011b\u017eeck\u00e9 tri\u010dko na m\u00edru jako d\u00e1rek pro b\u011b\u017ece \u2013 fotografie p\u0159evedena na digit\u00e1ln\u00ed um\u011bn\u00ed jako suven\u00fdr k narozenin\u00e1m, v\u00fdro\u010d\u00edm a V\u00e1noc\u016fm"},"content":{"rendered":"<p>Pozdvihn\u011bte \u00farove\u0148 sv\u00e9ho d\u00e1rku s na\u0161\u00edm p\u00e1nsk\u00fdm b\u011b\u017eeck\u00fdm a joggingov\u00fdm tri\u010dkem na m\u00edru a prom\u011b\u0148te svou obl\u00edbenou fotografii v personalizovan\u00e9 mistrovsk\u00e9 d\u00edlo digit\u00e1ln\u00edho um\u011bn\u00ed. Odborn\u00ed um\u011blci zobrazuj\u00ed obdarovan\u00e9ho v dynamick\u00e9m sportovn\u00edm oble\u010den\u00ed, jak b\u011b\u017e\u00ed malebn\u00fdm parkem, a vytv\u00e1\u0159ej\u00ed tak motiva\u010dn\u00ed suven\u00fdr, kter\u00fd oslavuje jeho v\u00e1\u0161e\u0148 pro outdoorov\u00e9 aktivity. Tento promy\u0161len\u00fd d\u00e1rek je ide\u00e1ln\u00ed pro mu\u017esk\u00e9 b\u011b\u017ece a nad\u0161ence do fitness a p\u0159ipom\u00edn\u00e1 narozeniny, v\u00fdro\u010d\u00ed a V\u00e1noce a s ka\u017ed\u00fdm no\u0161en\u00edm inspiruje k aktivn\u00edmu \u017eivotn\u00edmu stylu.<\/p>","protected":false},"excerpt":{"rendered":"<p>Personalizovan\u00e9 p\u00e1nsk\u00e9 b\u011b\u017eeck\u00e9 tri\u010dko \u2013 transformujte fotografii na digit\u00e1ln\u00ed um\u011bn\u00ed! Perfektn\u00ed d\u00e1rek pro b\u011b\u017ece na narozeniny, v\u00fdro\u010d\u00ed nebo V\u00e1noce.<\/p>","protected":false},"featured_media":136615,"comment_status":"open","ping_status":"closed","template":"","meta":{"_acf_changed":false},"product_brand":[],"product_cat":[6195,6411,186,6339,6412,6428],"product_tag":[6433,6327,6216],"class_list":{"0":"post-136609","1":"product","2":"type-product","3":"status-publish","4":"has-post-thumbnail","6":"product_cat-t-shirts-men","7":"product_cat-custom-gifts-ai-jogging-runner","8":"product_cat-men","9":"product_cat-mens-sports-t-shirts","10":"product_cat-photo-to-tees","11":"product_cat-translate-products","12":"product_tag-ai-artwork","13":"product_tag-custom-photo-t-shirt-for-men","14":"product_tag-mens-custom-t-shirts","16":"first","17":"instock","18":"taxable","19":"shipping-taxable","20":"purchasable","21":"product-type-simple"},"acf":[],"wcpa_form_fields":null,"_links":{"self":[{"href":"https:\/\/www.customywear.com\/cs\/wp-json\/wp\/v2\/product\/136609","targetHints":{"allow":["GET"]}}],"collection":[{"href":"https:\/\/www.customywear.com\/cs\/wp-json\/wp\/v2\/product"}],"about":[{"href":"https:\/\/www.customywear.com\/cs\/wp-json\/wp\/v2\/types\/product"}],"replies":[{"embeddable":true,"href":"https:\/\/www.customywear.com\/cs\/wp-json\/wp\/v2\/comments?post=136609"}],"wp:featuredmedia":[{"embeddable":true,"href":"https:\/\/www.customywear.com\/cs\/wp-json\/wp\/v2\/media\/136615"}],"wp:attachment":[{"href":"https:\/\/www.customywear.com\/cs\/wp-json\/wp\/v2\/media?parent=136609"}],"wp:term":[{"taxonomy":"product_brand","embeddable":true,"href":"https:\/\/www.customywear.com\/cs\/wp-json\/wp\/v2\/product_brand?post=136609"},{"taxonomy":"product_cat","embeddable":true,"href":"https:\/\/www.customywear.com\/cs\/wp-json\/wp\/v2\/product_cat?post=136609"},{"taxonomy":"product_tag","embeddable":true,"href":"https:\/\/www.customywear.com\/cs\/wp-json\/wp\/v2\/product_tag?post=136609"}],"curies":[{"name":"wp","href":"https:\/\/api.w.org\/{rel}","templated":true}]}}