{"id":20301,"date":"2023-07-28T13:32:47","date_gmt":"2023-07-28T13:32:47","guid":{"rendered":"https:\/\/www.customywear.com\/?post_type=product&#038;p=20301"},"modified":"2026-05-07T15:29:59","modified_gmt":"2026-05-07T15:29:59","slug":"chlapecka-kosile-mimozemske-vesmirne-lodi-na-zakazku","status":"publish","type":"product","link":"https:\/\/www.customywear.com\/cs\/custom-alien-spaceship-boy-shirt\/","title":{"rendered":"Chlapeck\u00e9 tri\u010dko s motivem mimozemsk\u00e9 vesm\u00edrn\u00e9 lodi | Personalizovan\u00e9 d\u011btsk\u00e9 tri\u010dko s motivem UFO"},"content":{"rendered":"<p>Za\u017eehn\u011bte fantazii sv\u00e9ho d\u00edt\u011bte s na\u0161\u00edm chlapeck\u00fdm tri\u010dkem s motivem mimozem\u0161\u0165ana na zak\u00e1zku, mistrovsk\u00fdm d\u00edlem, kter\u00e9 ho p\u0159enese do sv\u011bta za hv\u011bzdami. S vyu\u017eit\u00edm fotografie va\u0161eho d\u00edt\u011bte vytv\u00e1\u0159\u00edme poutav\u00fd vektorov\u00fd portr\u00e9t, kter\u00fd ho zobrazuje jako rozko\u0161n\u00e9ho mimozem\u0161\u0165ana na palub\u011b vesm\u00edrn\u00e9 lodi. Toto jedine\u010dn\u00e9 a z\u00e1bavn\u00e9 tri\u010dko na zak\u00e1zku je perfektn\u00edm d\u00e1rkem, kter\u00fd va\u0161emu d\u00edt\u011bti vykouzl\u00ed \u00fasm\u011bv na tv\u00e1\u0159i a probud\u00ed v n\u011bm touhu po \u00fa\u017easu. N\u00e1\u0161 specializovan\u00fd design\u00e9rsk\u00fd t\u00fdm vyu\u017e\u00edv\u00e1 kreativn\u00ed s\u00edlu program\u016f Adobe Illustrator a Adobe Photoshop k bezprobl\u00e9mov\u00e9mu propojen\u00ed obrazu va\u0161eho d\u00edt\u011bte s rozmarn\u00fdm sv\u011btem mimozemsk\u00fdch dobrodru\u017estv\u00ed. Design je vdechnut \u017eivotu pomoc\u00ed pokro\u010dil\u00e9 technologie tisku DTG, kter\u00e1 zaji\u0161\u0165uje \u017eiv\u00e9 barvy a v\u00fdjime\u010dnou odolnost. Na\u0161e unisex tri\u010dka, kter\u00e1 jsou k dispozici s dlouh\u00fdm i kr\u00e1tk\u00fdm ruk\u00e1vem, uspokoj\u00ed d\u011bti v\u0161ech v\u011bkov\u00fdch kategori\u00ed a slibuj\u00ed pohodln\u00e9 no\u0161en\u00ed pro ka\u017ed\u00e9ho mezihv\u011bzdn\u00e9ho pr\u016fzkumn\u00edka. Pozdvihn\u011bte \u0161atn\u00edk sv\u00e9ho d\u00edt\u011bte o personalizovan\u00e9 tri\u010dko, kter\u00e9 podn\u00edt\u00ed jeho zv\u011bdavost a nab\u00eddne kouzlo nezn\u00e1ma. Na\u0161e kolekce se py\u0161n\u00ed \u0159adou design\u016f, kter\u00e9 zachycuj\u00ed podstatu d\u011btsk\u00e9 fantazie, a ka\u017ed\u00fd z nich je pe\u010dliv\u011b vytvo\u0159en tak, aby vytvo\u0159il trvalou vzpom\u00ednku. A\u0165 u\u017e je to d\u00e1rek pro zvl\u00e1\u0161tn\u00ed p\u0159\u00edle\u017eitost nebo p\u0159\u00edjemn\u00fd dopln\u011bk ka\u017edodenn\u00edho oble\u010den\u00ed, na\u0161e personalizovan\u00e1 tri\u010dka jsou nositeln\u00e1 um\u011bleck\u00e1 d\u00edla, kter\u00e1 povzbuzuj\u00ed k objevov\u00e1n\u00ed a kreativit\u011b.<\/p>","protected":false},"excerpt":{"rendered":"<p>Ud\u011blejte ze sv\u00e9ho d\u00edt\u011bte kosmick\u00e9ho hrdinu s na\u0161\u00ed vlastn\u00ed ko\u0161il\u00ed Alien Spaceship Boy. Toto personalizovan\u00e9 tri\u010dko UFO Kids prom\u011bn\u00ed jakoukoli fotografii v tri\u010dko na zak\u00e1zku mimo tento sv\u011bt pln\u00e9 z\u00e1bavy a fantazie.<\/p>","protected":false},"featured_media":142400,"comment_status":"open","ping_status":"closed","template":"","meta":{"_acf_changed":false},"product_brand":[],"product_cat":[6189,113,6412,6428],"product_tag":[6433,6439,65,136,137,138,141,73],"class_list":{"0":"post-20301","1":"product","2":"type-product","3":"status-publish","4":"has-post-thumbnail","6":"product_cat-boys-t-shirts","7":"product_cat-custom-gifts-alien-shirts","8":"product_cat-photo-to-tees","9":"product_cat-translate-products","10":"product_tag-ai-artwork","11":"product_tag-ai-kids-artwork","12":"product_tag-kid","13":"product_tag-science_shirt","14":"product_tag-space_shirt","15":"product_tag-t-shirt-ufo","16":"product_tag-ufo-shirt","17":"product_tag-youth-boy","19":"first","20":"instock","21":"taxable","22":"shipping-taxable","23":"purchasable","24":"product-type-simple"},"acf":[],"wcpa_form_fields":null,"_links":{"self":[{"href":"https:\/\/www.customywear.com\/cs\/wp-json\/wp\/v2\/product\/20301","targetHints":{"allow":["GET"]}}],"collection":[{"href":"https:\/\/www.customywear.com\/cs\/wp-json\/wp\/v2\/product"}],"about":[{"href":"https:\/\/www.customywear.com\/cs\/wp-json\/wp\/v2\/types\/product"}],"replies":[{"embeddable":true,"href":"https:\/\/www.customywear.com\/cs\/wp-json\/wp\/v2\/comments?post=20301"}],"wp:featuredmedia":[{"embeddable":true,"href":"https:\/\/www.customywear.com\/cs\/wp-json\/wp\/v2\/media\/142400"}],"wp:attachment":[{"href":"https:\/\/www.customywear.com\/cs\/wp-json\/wp\/v2\/media?parent=20301"}],"wp:term":[{"taxonomy":"product_brand","embeddable":true,"href":"https:\/\/www.customywear.com\/cs\/wp-json\/wp\/v2\/product_brand?post=20301"},{"taxonomy":"product_cat","embeddable":true,"href":"https:\/\/www.customywear.com\/cs\/wp-json\/wp\/v2\/product_cat?post=20301"},{"taxonomy":"product_tag","embeddable":true,"href":"https:\/\/www.customywear.com\/cs\/wp-json\/wp\/v2\/product_tag?post=20301"}],"curies":[{"name":"wp","href":"https:\/\/api.w.org\/{rel}","templated":true}]}}