{"id":20302,"date":"2023-07-28T13:32:48","date_gmt":"2023-07-28T13:32:48","guid":{"rendered":"https:\/\/www.customywear.com\/?post_type=product&#038;p=20302"},"modified":"2026-05-07T15:29:59","modified_gmt":"2026-05-07T15:29:59","slug":"vlastni-andelska-chlapecka-vzdusna-kosile","status":"publish","type":"product","link":"https:\/\/www.customywear.com\/cs\/custom-angel-boy-airy-shirt\/","title":{"rendered":"Vzdu\u0161n\u00e9 tri\u010dko s motivem and\u011blsk\u00e9ho chlapce | Personalizovan\u00e9 tri\u010dko s fantasy k\u0159\u00eddly"},"content":{"rendered":"<p>Spl\u0148te sny sv\u00e9ho d\u00edt\u011bte s na\u0161\u00edm okouzluj\u00edc\u00edm tri\u010dkem s motivem and\u011blsk\u00e9ho chlapce na m\u00edru, personalizovan\u00fdm mistrovsk\u00fdm d\u00edlem, kter\u00e9 ho prom\u011bn\u00ed v nebeskou bytost. S vyu\u017eit\u00edm fotografie va\u0161eho d\u00edt\u011bte vytv\u00e1\u0159\u00edme podmaniv\u00e9 vektorov\u00e9 portr\u00e9tn\u00ed um\u011bn\u00ed, kter\u00e9 ho zobrazuje jako okouzluj\u00edc\u00edho and\u011bla s jemn\u00fdmi k\u0159\u00eddly. Toto jedine\u010dn\u00e9 a dojemn\u00e9 tri\u010dko na m\u00edru je ide\u00e1ln\u00edm d\u00e1rkem k oslav\u011b narozenin a probuzen\u00ed magie p\u0159edstavivosti. N\u00e1\u0161 specializovan\u00fd design\u00e9rsk\u00fd t\u00fdm vyu\u017e\u00edv\u00e1 kreativn\u00ed potenci\u00e1l program\u016f Adobe Illustrator a Adobe Photoshop k bezprobl\u00e9mov\u00e9mu propojen\u00ed obrazu va\u0161eho d\u00edt\u011bte s \u00e9terickou \u0159\u00ed\u0161\u00ed fantazie. Design je odborn\u011b vyti\u0161t\u011bn pomoc\u00ed nejmodern\u011bj\u0161\u00ed technologie DTG, co\u017e zaji\u0161\u0165uje z\u00e1\u0159iv\u00e9 barvy a v\u00fdjime\u010dnou odolnost. Na\u0161e unisex tri\u010dka, kter\u00e1 jsou k dispozici s kr\u00e1tk\u00fdm i dlouh\u00fdm ruk\u00e1vem, uspokoj\u00ed d\u011bti v\u0161ech v\u011bkov\u00fdch kategori\u00ed a zajist\u00ed pohodln\u00e9 no\u0161en\u00ed pro ka\u017ed\u00e9ho aspiruj\u00edc\u00edho and\u00edlka. Dodejte \u0161atn\u00edku sv\u00e9ho d\u00edt\u011bte n\u00e1dech rozmaru s personalizovan\u00fdm tri\u010dkem, kter\u00e9 oslavuje z\u00e1zrak d\u011btsk\u00e9 fantazie. Na\u0161e kolekce obsahuje \u0159adu design\u016f, kter\u00e9 zachycuj\u00ed podstatu imaginativn\u00ed hry a ka\u017ed\u00fd z nich je promy\u0161len\u011b vytvo\u0159en tak, aby vytvo\u0159il trval\u00e9 vzpom\u00ednky. A\u0165 u\u017e se jedn\u00e1 o speci\u00e1ln\u00ed narozeninov\u00e9 p\u0159ekvapen\u00ed nebo o p\u0159\u00edjemn\u00fd dopln\u011bk ka\u017edodenn\u00edho no\u0161en\u00ed, na\u0161e personalizovan\u00e1 tri\u010dka jsou nositeln\u00e1 um\u011bleck\u00e1 d\u00edla, kter\u00e1 inspiruj\u00ed ke sn\u016fm a kreativit\u011b.<\/p>","protected":false},"excerpt":{"rendered":"<p>Prom\u011b\u0148te fotografii sv\u00e9ho d\u00edt\u011bte v vzdu\u0161nou ko\u0161ili Heavenly Custom Angel Boy. Na\u0161e personalizovan\u00e9 tri\u010dko Fantasy Wings p\u0159in\u00e1\u0161\u00ed and\u011blsk\u00e9 kouzlo a n\u00e1padit\u00e1 k\u0159\u00eddla do jedine\u010dn\u00e9ho tri\u010dka na m\u00edru.<\/p>","protected":false},"featured_media":142726,"comment_status":"open","ping_status":"closed","template":"","meta":{"_acf_changed":false},"product_brand":[],"product_cat":[6189,145,6412,6428],"product_tag":[6433,6439,146,65,67,149,73],"class_list":{"0":"post-20302","1":"product","2":"type-product","3":"status-publish","4":"has-post-thumbnail","6":"product_cat-boys-t-shirts","7":"product_cat-custom-gifts-fairy-angels","8":"product_cat-photo-to-tees","9":"product_cat-translate-products","10":"product_tag-ai-artwork","11":"product_tag-ai-kids-artwork","12":"product_tag-angel_shirt","13":"product_tag-kid","14":"product_tag-kids_birthday_shirt","15":"product_tag-toddler_birthday","16":"product_tag-youth-boy","18":"first","19":"instock","20":"taxable","21":"shipping-taxable","22":"purchasable","23":"product-type-simple"},"acf":[],"wcpa_form_fields":null,"_links":{"self":[{"href":"https:\/\/www.customywear.com\/cs\/wp-json\/wp\/v2\/product\/20302","targetHints":{"allow":["GET"]}}],"collection":[{"href":"https:\/\/www.customywear.com\/cs\/wp-json\/wp\/v2\/product"}],"about":[{"href":"https:\/\/www.customywear.com\/cs\/wp-json\/wp\/v2\/types\/product"}],"replies":[{"embeddable":true,"href":"https:\/\/www.customywear.com\/cs\/wp-json\/wp\/v2\/comments?post=20302"}],"wp:featuredmedia":[{"embeddable":true,"href":"https:\/\/www.customywear.com\/cs\/wp-json\/wp\/v2\/media\/142726"}],"wp:attachment":[{"href":"https:\/\/www.customywear.com\/cs\/wp-json\/wp\/v2\/media?parent=20302"}],"wp:term":[{"taxonomy":"product_brand","embeddable":true,"href":"https:\/\/www.customywear.com\/cs\/wp-json\/wp\/v2\/product_brand?post=20302"},{"taxonomy":"product_cat","embeddable":true,"href":"https:\/\/www.customywear.com\/cs\/wp-json\/wp\/v2\/product_cat?post=20302"},{"taxonomy":"product_tag","embeddable":true,"href":"https:\/\/www.customywear.com\/cs\/wp-json\/wp\/v2\/product_tag?post=20302"}],"curies":[{"name":"wp","href":"https:\/\/api.w.org\/{rel}","templated":true}]}}