{"id":20303,"date":"2023-07-28T13:32:49","date_gmt":"2023-07-28T13:32:49","guid":{"rendered":"https:\/\/www.customywear.com\/?post_type=product&#038;p=20303"},"modified":"2026-05-07T15:29:59","modified_gmt":"2026-05-07T15:29:59","slug":"zakazkove-tricko-s-andelskou-divkou-a-vilou","status":"publish","type":"product","link":"https:\/\/www.customywear.com\/cs\/custom-angel-girl-fairy-shirt\/","title":{"rendered":"Roztomil\u00e9 tri\u010dko s and\u011blskou hol\u010di\u010dkou | Personalizovan\u00e9 fantasy tri\u010dko pro ml\u00e1de\u017e"},"content":{"rendered":"<p>Pozvedn\u011bte p\u0159edstavivost sv\u00e9ho d\u00edt\u011bte s na\u0161\u00edm okouzluj\u00edc\u00edm tri\u010dkem s motivem and\u011blsk\u00e9 hol\u010di\u010dky, personalizovan\u00fdm mistrovsk\u00fdm d\u00edlem, kter\u00e9 vdechne \u017eivot jeho sn\u016fm. D\u00edky magii na\u0161eho designov\u00e9ho procesu prom\u011bn\u00edme fotografii va\u0161eho d\u00edt\u011bte v podmaniv\u00fd vektorov\u00fd portr\u00e9t, kter\u00fd ho zobrazuje jako rozko\u0161nou v\u00edlu s jemn\u00fdmi k\u0159\u00eddly. Toto okouzluj\u00edc\u00ed a dojemn\u00e9 tri\u010dko na m\u00edru je perfektn\u00edm d\u00e1rkem k oslav\u011b jeho nevinnosti a kreativity. N\u00e1\u0161 specializovan\u00fd design\u00e9rsk\u00fd t\u00fdm vyu\u017e\u00edv\u00e1 tv\u016fr\u010d\u00ed s\u00edlu program\u016f Adobe Illustrator a Adobe Photoshop k bezprobl\u00e9mov\u00e9mu propojen\u00ed obrazu va\u0161eho d\u00edt\u011bte s rozmarn\u00fdm sv\u011btem fantazie. Design je pe\u010dliv\u011b vyti\u0161t\u011bn pomoc\u00ed nejmodern\u011bj\u0161\u00ed technologie DTG, co\u017e zaji\u0161\u0165uje z\u00e1\u0159iv\u00e9 barvy a v\u00fdjime\u010dnou odolnost. Na\u0161e unisex tri\u010dka, kter\u00e1 jsou k dispozici s kr\u00e1tk\u00fdm i dlouh\u00fdm ruk\u00e1vem, uspokoj\u00ed d\u011bti v\u0161ech v\u011bkov\u00fdch kategori\u00ed a zajist\u00ed pohodln\u00e9 no\u0161en\u00ed pro ka\u017ed\u00e9ho mal\u00e9ho sn\u00edlka. Dodejte \u0161atn\u00edku sv\u00e9ho d\u00edt\u011bte n\u00e1dech okouzlen\u00ed s personalizovan\u00fdm tri\u010dkem, kter\u00e9 oslavuje kouzlo d\u011btsk\u00e9 fantazie. Na\u0161e rozmanit\u00e1 kolekce obsahuje r\u016fzn\u00e9 designy, kter\u00e9 zachycuj\u00ed podstatu imaginativn\u00ed hry, a ka\u017ed\u00fd z nich je promy\u0161len\u011b vytvo\u0159en tak, aby v v\u00e1s probudil \u00fa\u017eas a pot\u011b\u0161en\u00ed. A\u0165 u\u017e se jedn\u00e1 o zvl\u00e1\u0161tn\u00ed p\u0159\u00edle\u017eitost nebo o p\u0159\u00edjemn\u00fd dopln\u011bk ka\u017edodenn\u00edho oble\u010den\u00ed, na\u0161e personalizovan\u00e1 tri\u010dka jsou nositeln\u00e1 um\u011bleck\u00e1 d\u00edla, kter\u00e1 inspiruj\u00ed k sn\u016fm a podn\u011bcuj\u00ed kreativitu.<\/p>","protected":false},"excerpt":{"rendered":"<p>Prom\u011b\u0148te svou fotografii v kouzelnou vlastn\u00ed ko\u0161ili Angel Girl Cute Fairy. Personalizovan\u00e9 tri\u010dko Fantasy pro ml\u00e1de\u017e p\u0159id\u00e1v\u00e1 rozmarn\u00e1 poh\u00e1dkov\u00e1 k\u0159\u00eddla a kouzlo pro jedine\u010dn\u00fd, okouzluj\u00edc\u00ed design, kter\u00fd va\u0161e d\u00edt\u011b bude zbo\u017e\u0148ovat.<\/p>","protected":false},"featured_media":142733,"comment_status":"open","ping_status":"closed","template":"","meta":{"_acf_changed":false},"product_brand":[],"product_cat":[6193,145,6412,6428],"product_tag":[6433,6439,146,65,67,149,156],"class_list":{"0":"post-20303","1":"product","2":"type-product","3":"status-publish","4":"has-post-thumbnail","6":"product_cat-girls-t-shirts","7":"product_cat-custom-gifts-fairy-angels","8":"product_cat-photo-to-tees","9":"product_cat-translate-products","10":"product_tag-ai-artwork","11":"product_tag-ai-kids-artwork","12":"product_tag-angel_shirt","13":"product_tag-kid","14":"product_tag-kids_birthday_shirt","15":"product_tag-toddler_birthday","16":"product_tag-youth-girl","18":"first","19":"instock","20":"taxable","21":"shipping-taxable","22":"purchasable","23":"product-type-simple"},"acf":[],"wcpa_form_fields":null,"_links":{"self":[{"href":"https:\/\/www.customywear.com\/cs\/wp-json\/wp\/v2\/product\/20303","targetHints":{"allow":["GET"]}}],"collection":[{"href":"https:\/\/www.customywear.com\/cs\/wp-json\/wp\/v2\/product"}],"about":[{"href":"https:\/\/www.customywear.com\/cs\/wp-json\/wp\/v2\/types\/product"}],"replies":[{"embeddable":true,"href":"https:\/\/www.customywear.com\/cs\/wp-json\/wp\/v2\/comments?post=20303"}],"wp:featuredmedia":[{"embeddable":true,"href":"https:\/\/www.customywear.com\/cs\/wp-json\/wp\/v2\/media\/142733"}],"wp:attachment":[{"href":"https:\/\/www.customywear.com\/cs\/wp-json\/wp\/v2\/media?parent=20303"}],"wp:term":[{"taxonomy":"product_brand","embeddable":true,"href":"https:\/\/www.customywear.com\/cs\/wp-json\/wp\/v2\/product_brand?post=20303"},{"taxonomy":"product_cat","embeddable":true,"href":"https:\/\/www.customywear.com\/cs\/wp-json\/wp\/v2\/product_cat?post=20303"},{"taxonomy":"product_tag","embeddable":true,"href":"https:\/\/www.customywear.com\/cs\/wp-json\/wp\/v2\/product_tag?post=20303"}],"curies":[{"name":"wp","href":"https:\/\/api.w.org\/{rel}","templated":true}]}}