{"id":20304,"date":"2023-07-28T13:32:49","date_gmt":"2023-07-28T13:32:49","guid":{"rendered":"https:\/\/www.customywear.com\/?post_type=product&#038;p=20304"},"modified":"2026-05-16T11:40:39","modified_gmt":"2026-05-16T11:40:39","slug":"vlastni-kosile-s-andelskymi-kridly","status":"publish","type":"product","link":"https:\/\/www.customywear.com\/cs\/custom-angel-woman-wings-shirt\/","title":{"rendered":"Tri\u010dko s and\u011blskou \u017eenou a k\u0159\u00eddly na zak\u00e1zku | Personalizovan\u00e9 fantasy tri\u010dko"},"content":{"rendered":"<p>Pozvedn\u011bte sv\u016fj pocit okouzlen\u00ed s na\u0161\u00edm podmaniv\u00fdm tri\u010dkem s motivem \u017eeny s k\u0159\u00eddly na m\u00edru, personalizovan\u00fdm mistrovsk\u00fdm d\u00edlem, kter\u00e9 vdechuje \u017eivot \u00e9terick\u00e9 kr\u00e1se. Prost\u0159ednictv\u00edm um\u011bleck\u00e9ho zpracov\u00e1n\u00ed na\u0161eho designov\u00e9ho procesu prom\u011bn\u00edme va\u0161i fotografii v fascinuj\u00edc\u00ed vektorov\u00fd portr\u00e9t, kter\u00fd v\u00e1s zobrazuje jako p\u016fvabn\u00e9ho and\u011bla s majest\u00e1tn\u00edmi k\u0159\u00eddly. Toto \u00fa\u017easn\u00e9 a dojemn\u00e9 tri\u010dko na m\u00edru je promy\u0161len\u00fdm d\u00e1rkem, kter\u00fd oslavuje va\u0161eho vnit\u0159n\u00edho ducha a individualitu. N\u00e1\u0161 specializovan\u00fd design\u00e9rsk\u00fd t\u00fdm vyu\u017e\u00edv\u00e1 kreativn\u00ed s\u00edlu program\u016f Adobe Illustrator a Adobe Photoshop k bezprobl\u00e9mov\u00e9mu propojen\u00ed va\u0161eho obrazu s \u0159\u00ed\u0161\u00ed fantazie. Design je bezchybn\u011b vyti\u0161t\u011bn pomoc\u00ed \u0161pi\u010dkov\u00e9 technologie DTG, co\u017e zaji\u0161\u0165uje \u017eiv\u00e9 barvy a v\u00fdjime\u010dnou odolnost. Na\u0161e unisex tri\u010dka, kter\u00e1 jsou k dispozici s kr\u00e1tk\u00fdm i dlouh\u00fdm ruk\u00e1vem, jsou ur\u010dena pro dosp\u011bl\u00e9 v\u0161ech v\u011bkov\u00fdch kategori\u00ed a poskytuj\u00ed pohodln\u00e9 no\u0161en\u00ed pro ka\u017ed\u00e9ho nositele. Dodejte sv\u00e9mu \u0161atn\u00edku n\u00e1dech nebesk\u00e9 elegance s personalizovan\u00fdm tri\u010dkem, kter\u00e9 zahrnuje kouzlo p\u0159edstavivosti. Na\u0161e rozmanit\u00e1 kolekce se py\u0161n\u00ed \u0159adou design\u016f, kter\u00e9 zachycuj\u00ed podstatu fantazie a sebevyj\u00e1d\u0159en\u00ed, ka\u017ed\u00fd z nich je promy\u0161len\u011b vytvo\u0159en tak, aby inspiroval \u00fa\u017eas a obdiv. A\u0165 u\u017e se jedn\u00e1 o jedine\u010dn\u00fd d\u00e1rek nebo okouzluj\u00edc\u00ed dopln\u011bk va\u0161eho ka\u017edodenn\u00edho oble\u010den\u00ed, na\u0161e personalizovan\u00e1 tri\u010dka jsou nositeln\u00e1 um\u011bleck\u00e1 d\u00edla, kter\u00e1 vyza\u0159uj\u00ed vnit\u0159n\u00ed kr\u00e1su a probouzej\u00ed ve v\u00e1s smysl pro \u00fa\u017eas.<\/p>","protected":false},"excerpt":{"rendered":"<p>Vytvo\u0159te ohromuj\u00edc\u00ed zak\u00e1zkovou and\u011blskou \u017eenu s ko\u0161il\u00ed s k\u0159\u00eddly z jak\u00e9koli fotografie. Na\u0161e personalizovan\u00e9 fantasy tri\u010dko kombinuje eleganci a fantasy pro jedine\u010dn\u00e9 tri\u010dko na m\u00edru.<\/p>","protected":false},"featured_media":142719,"comment_status":"open","ping_status":"closed","template":"","meta":{"_acf_changed":false},"product_brand":[],"product_cat":[6191,145,6412,6428,6358,6357,6356],"product_tag":[6214,6433,146,6328,229,6215,6442,112],"class_list":{"0":"post-20304","1":"product","2":"type-product","3":"status-publish","4":"has-post-thumbnail","6":"product_cat-t-shirts-women","7":"product_cat-custom-gifts-fairy-angels","8":"product_cat-photo-to-tees","9":"product_cat-translate-products","10":"product_cat-womens-anniversary-t-shirts","11":"product_cat-womens-birthday-t-shirts","12":"product_cat-womens-summer-t-shirts","13":"product_tag-affordable-custom-t-shirts","14":"product_tag-ai-artwork","15":"product_tag-angel_shirt","16":"product_tag-custom-image-t-shirt-for-women","17":"product_tag-custom-tee-shirts","18":"product_tag-screen-printing-near-me","19":"product_tag-top-artwork","20":"product_tag-women","22":"first","23":"instock","24":"taxable","25":"shipping-taxable","26":"purchasable","27":"product-type-simple"},"acf":[],"wcpa_form_fields":null,"_links":{"self":[{"href":"https:\/\/www.customywear.com\/cs\/wp-json\/wp\/v2\/product\/20304","targetHints":{"allow":["GET"]}}],"collection":[{"href":"https:\/\/www.customywear.com\/cs\/wp-json\/wp\/v2\/product"}],"about":[{"href":"https:\/\/www.customywear.com\/cs\/wp-json\/wp\/v2\/types\/product"}],"replies":[{"embeddable":true,"href":"https:\/\/www.customywear.com\/cs\/wp-json\/wp\/v2\/comments?post=20304"}],"wp:featuredmedia":[{"embeddable":true,"href":"https:\/\/www.customywear.com\/cs\/wp-json\/wp\/v2\/media\/142719"}],"wp:attachment":[{"href":"https:\/\/www.customywear.com\/cs\/wp-json\/wp\/v2\/media?parent=20304"}],"wp:term":[{"taxonomy":"product_brand","embeddable":true,"href":"https:\/\/www.customywear.com\/cs\/wp-json\/wp\/v2\/product_brand?post=20304"},{"taxonomy":"product_cat","embeddable":true,"href":"https:\/\/www.customywear.com\/cs\/wp-json\/wp\/v2\/product_cat?post=20304"},{"taxonomy":"product_tag","embeddable":true,"href":"https:\/\/www.customywear.com\/cs\/wp-json\/wp\/v2\/product_tag?post=20304"}],"curies":[{"name":"wp","href":"https:\/\/api.w.org\/{rel}","templated":true}]}}