{"id":20306,"date":"2023-07-28T13:32:51","date_gmt":"2023-07-28T13:32:51","guid":{"rendered":"https:\/\/www.customywear.com\/?post_type=product&#038;p=20306"},"modified":"2026-05-07T15:29:59","modified_gmt":"2026-05-07T15:29:59","slug":"personalizovane-divka-arab-hijab-tricko","status":"publish","type":"product","link":"https:\/\/www.customywear.com\/cs\/custom-arabian-girl-hijab-shirt\/","title":{"rendered":"D\u00edv\u010d\u00ed hid\u017e\u00e1bov\u00e9 tri\u010dko s personalizovanou kulturn\u00ed nab\u00eddkou |"},"content":{"rendered":"<p>Pozvedn\u011bte kulturn\u00ed cestu sv\u00e9ho d\u00edt\u011bte s na\u0161\u00edm okouzluj\u00edc\u00edm tri\u010dkem s hid\u017e\u00e1bem pro arabsk\u00e9 d\u00edvky, kter\u00e9 je personalizovanou poctou kr\u00e1se a p\u016fvabu arabsk\u00fdch tradic. Prost\u0159ednictv\u00edm um\u011bleck\u00e9ho p\u0159\u00edstupu na\u0161eho designov\u00e9ho procesu prom\u011bn\u00edme fotografii va\u0161eho d\u00edt\u011bte v podmaniv\u00fd vektorov\u00fd portr\u00e9t, kter\u00fd ho zobrazuje v n\u00e1dhern\u00e9m tradi\u010dn\u00edm arabsk\u00e9m od\u011bvu s hid\u017e\u00e1bem. Toto jedine\u010dn\u00e9 a dojemn\u00e9 tri\u010dko na m\u00edru je smyslupln\u00fdm d\u00e1rkem, kter\u00fd oslavuje kulturn\u00ed rozmanitost a inspiruje pocit kulturn\u00ed hrdosti. N\u00e1\u0161 t\u00fdm odborn\u00fdch design\u00e9r\u016f vyu\u017e\u00edv\u00e1 kreativn\u00ed s\u00edlu program\u016f Adobe Illustrator a Adobe Photoshop a pe\u010dliv\u011b vytv\u00e1\u0159\u00ed harmonick\u00e9 spojen\u00ed obrazu va\u0161eho d\u00edt\u011bte s propracovan\u00fdmi detaily arabsk\u00e9 estetiky. Pomoc\u00ed nejmodern\u011bj\u0161\u00ed technologie tisku DTG zaji\u0161\u0165ujeme, \u017ee se design py\u0161n\u00ed v\u00fdrazn\u00fdmi barvami a trvalou kvalitou. Na\u0161e unisex tri\u010dka, kter\u00e1 jsou k dispozici s kr\u00e1tk\u00fdm i dlouh\u00fdm ruk\u00e1vem, jsou ur\u010dena pro d\u011bti a ml\u00e1de\u017e v\u0161ech v\u011bkov\u00fdch kategori\u00ed a poskytuj\u00ed pohodln\u00e9 a stylov\u00e9 no\u0161en\u00ed. Oslavte bohatstv\u00ed d\u011bdictv\u00ed a kr\u00e1su kulturn\u00edho projevu s personalizovan\u00fdm tri\u010dkem, kter\u00e9 bezprobl\u00e9mov\u011b spojuje tradici se sou\u010dasn\u00fdm stylem. Na\u0161e rozs\u00e1hl\u00e1 kolekce p\u0159edstavuje nep\u0159ebern\u00e9 mno\u017estv\u00ed design\u016f, kter\u00e9 ct\u00ed rozmanit\u00e9 kultury, p\u0159i\u010dem\u017e ka\u017ed\u00fd z nich je pe\u010dliv\u011b vytvo\u0159en tak, aby podporoval kulturn\u00ed uzn\u00e1n\u00ed a posiloval siln\u00fd pocit identity. A\u0165 u\u017e se jedn\u00e1 o cenn\u00fd suven\u00fdr nebo m\u00f3dn\u00ed dopln\u011bk \u0161atn\u00edku, na\u0161e personalizovan\u00e1 tri\u010dka slou\u017e\u00ed jako nositeln\u00e9 sv\u011bdectv\u00ed o kulturn\u00ed hrdosti a jednot\u011b, p\u0159eklenuj\u00ed propast mezi generacemi a inspiruj\u00ed mlad\u00e9 mysli k p\u0159ijet\u00ed sv\u011bta kolem sebe.<\/p>","protected":false},"excerpt":{"rendered":"<p>Prom\u011b\u0148te svou fotografii v kr\u00e1snou vlastn\u00ed hid\u017e\u00e1bovou ko\u0161ili Arabian Girl. Na\u0161e personalizovan\u00e9 kulturn\u00ed tri\u010dko pro d\u011bti zd\u016fraz\u0148uje tradici a kouzlo v jedine\u010dn\u00e9m tri\u010dku na m\u00edru.<\/p>","protected":false},"featured_media":142482,"comment_status":"open","ping_status":"closed","template":"","meta":{"_acf_changed":false},"product_brand":[],"product_cat":[6193,179,6412,6428],"product_tag":[6433,6439,64,65,67,156],"class_list":{"0":"post-20306","1":"product","2":"type-product","3":"status-publish","4":"has-post-thumbnail","6":"product_cat-girls-t-shirts","7":"product_cat-custom-gifts-arabic-culture","8":"product_cat-photo-to-tees","9":"product_cat-translate-products","10":"product_tag-ai-artwork","11":"product_tag-ai-kids-artwork","12":"product_tag-country_shirts","13":"product_tag-kid","14":"product_tag-kids_birthday_shirt","15":"product_tag-youth-girl","17":"first","18":"instock","19":"taxable","20":"shipping-taxable","21":"purchasable","22":"product-type-simple"},"acf":[],"wcpa_form_fields":null,"_links":{"self":[{"href":"https:\/\/www.customywear.com\/cs\/wp-json\/wp\/v2\/product\/20306","targetHints":{"allow":["GET"]}}],"collection":[{"href":"https:\/\/www.customywear.com\/cs\/wp-json\/wp\/v2\/product"}],"about":[{"href":"https:\/\/www.customywear.com\/cs\/wp-json\/wp\/v2\/types\/product"}],"replies":[{"embeddable":true,"href":"https:\/\/www.customywear.com\/cs\/wp-json\/wp\/v2\/comments?post=20306"}],"wp:featuredmedia":[{"embeddable":true,"href":"https:\/\/www.customywear.com\/cs\/wp-json\/wp\/v2\/media\/142482"}],"wp:attachment":[{"href":"https:\/\/www.customywear.com\/cs\/wp-json\/wp\/v2\/media?parent=20306"}],"wp:term":[{"taxonomy":"product_brand","embeddable":true,"href":"https:\/\/www.customywear.com\/cs\/wp-json\/wp\/v2\/product_brand?post=20306"},{"taxonomy":"product_cat","embeddable":true,"href":"https:\/\/www.customywear.com\/cs\/wp-json\/wp\/v2\/product_cat?post=20306"},{"taxonomy":"product_tag","embeddable":true,"href":"https:\/\/www.customywear.com\/cs\/wp-json\/wp\/v2\/product_tag?post=20306"}],"curies":[{"name":"wp","href":"https:\/\/api.w.org\/{rel}","templated":true}]}}