{"id":20307,"date":"2023-07-28T13:32:53","date_gmt":"2023-07-28T13:32:53","guid":{"rendered":"https:\/\/www.customywear.com\/?post_type=product&#038;p=20307"},"modified":"2026-05-05T20:24:12","modified_gmt":"2026-05-05T20:24:12","slug":"zakazkova-arabska-kosile","status":"publish","type":"product","link":"https:\/\/www.customywear.com\/cs\/custom-arabian-man-shirt\/","title":{"rendered":"Tri\u010dko arabsk\u00e9ho mu\u017ee na zak\u00e1zku | Personalizovan\u00e9 tri\u010dko pro milovn\u00edky cestov\u00e1n\u00ed"},"content":{"rendered":"<p>Vydejte se na personalizovanou cestu stylu a kultury s na\u0161\u00ed n\u00e1dhernou p\u00e1nskou ko\u0161il\u00ed s arabsk\u00fdm potiskem, kter\u00e1 je navr\u017eena tak, aby zachytila \u200b\u200bpodstatu tradice a touhy po cestov\u00e1n\u00ed. Na\u0161i zku\u0161en\u00ed \u0159emesln\u00edci vyu\u017e\u00edvaj\u00ed s\u00edlu program\u016f Adobe Illustrator a Adobe Photoshop k prom\u011bn\u011b va\u0161\u00ed fotografie v podmaniv\u00fd vektorov\u00fd portr\u00e9t, kter\u00fd vdechne \u017eivot kouzlu tradi\u010dn\u00edho arabsk\u00e9ho od\u011bvu. Toto jedine\u010dn\u00e9 tri\u010dko na m\u00edru nen\u00ed jen m\u00f3dn\u00edm prohl\u00e1\u0161en\u00edm, ale tak\u00e9 cenn\u00fdm suven\u00fdrem pro milovn\u00edky cestov\u00e1n\u00ed a kultury. Dop\u0159ejte si kouzlo arabsk\u00e9ho d\u011bdictv\u00ed s n\u00e1dechem sou\u010dasn\u00e9 m\u00f3dy. Pr\u00e9miov\u00fd vektorov\u00fd design, pe\u010dliv\u011b vytvo\u0159en\u00fd na\u0161\u00edm t\u00fdmem, zdob\u00ed na\u0161e unisex tri\u010dka s kr\u00e1tk\u00fdm i dlouh\u00fdm ruk\u00e1vem. Propracovan\u00e9 detaily a z\u00e1\u0159iv\u00e9 barvy jsou vdechnuty \u017eivotem d\u00edky pokro\u010dil\u00e9 technologii tisku DTG, kter\u00e1 zaji\u0161\u0165uje, \u017ee va\u0161e personalizovan\u00e9 tri\u010dko vyza\u0159uje bezkonkuren\u010dn\u00ed kvalitu a styl. A\u0165 u\u017e objevujete vzd\u00e1len\u00e9 zem\u011b, nebo se jen hl\u00e1s\u00edte ke sv\u00fdm kulturn\u00edm ko\u0159en\u016fm, toto tri\u010dko na m\u00edru se stane v\u0161estrann\u00fdm dopl\u0148kem va\u0161eho \u0161atn\u00edku. Oslavte svou l\u00e1sku k cestov\u00e1n\u00ed, kultu\u0159e a sebevyj\u00e1d\u0159en\u00ed s personalizovan\u00fdm tri\u010dkem, kter\u00e9 zt\u011bles\u0148uje ducha dobrodru\u017estv\u00ed a rozmanitosti. Ka\u017ed\u00e9 tri\u010dko je pl\u00e1tnem um\u011bleck\u00e9 vynal\u00e9zavosti a vyb\u00edz\u00ed v\u00e1s k p\u0159edveden\u00ed va\u0161\u00ed jedine\u010dn\u00e9 identity a v\u00e1\u0161n\u00ed. Na\u0161e kolekce p\u0159esahuje hranice a nab\u00edz\u00ed \u0159adu design\u016f, kter\u00e9 uspokoj\u00ed dosp\u011bl\u00e9, ml\u00e1de\u017e, d\u011bti i batolata. Nechte sv\u00e9 oble\u010den\u00ed vypov\u00eddat o va\u0161\u00ed individualit\u011b a z\u00e1rove\u0148 si uchov\u00e1vejte vzpom\u00ednky, kter\u00e9 inspirovaly jeho vznik.<\/p>","protected":false},"excerpt":{"rendered":"<p>Nechte jakoukoli fotografii o\u017e\u00edt na zak\u00e1zkov\u00e9 ko\u0161ili Arabian Man. Osobn\u00ed tri\u010dko milovn\u00edka cestov\u00e1n\u00ed spojuje kulturn\u00ed vkus a dobrodru\u017estv\u00ed do jedine\u010dn\u00e9ho designu tri\u010dka na m\u00edru.<\/p>","protected":false},"featured_media":142461,"comment_status":"open","ping_status":"closed","template":"","meta":{"_acf_changed":false},"product_brand":[],"product_cat":[6195,6157,6156,179,186,6345,6412,6428],"product_tag":[6433,193,6216,209],"class_list":{"0":"post-20307","1":"product","2":"type-product","3":"status-publish","4":"has-post-thumbnail","6":"product_cat-t-shirts-men","7":"product_cat-country","8":"product_cat-culture","9":"product_cat-custom-gifts-arabic-culture","10":"product_cat-men","11":"product_cat-mens-country-culture-t-shirts","12":"product_cat-photo-to-tees","13":"product_cat-translate-products","14":"product_tag-ai-artwork","15":"product_tag-boyfriend_gift","16":"product_tag-mens-custom-t-shirts","17":"product_tag-travel_lover_gift","19":"first","20":"instock","21":"taxable","22":"shipping-taxable","23":"purchasable","24":"product-type-simple"},"acf":[],"wcpa_form_fields":null,"_links":{"self":[{"href":"https:\/\/www.customywear.com\/cs\/wp-json\/wp\/v2\/product\/20307","targetHints":{"allow":["GET"]}}],"collection":[{"href":"https:\/\/www.customywear.com\/cs\/wp-json\/wp\/v2\/product"}],"about":[{"href":"https:\/\/www.customywear.com\/cs\/wp-json\/wp\/v2\/types\/product"}],"replies":[{"embeddable":true,"href":"https:\/\/www.customywear.com\/cs\/wp-json\/wp\/v2\/comments?post=20307"}],"wp:featuredmedia":[{"embeddable":true,"href":"https:\/\/www.customywear.com\/cs\/wp-json\/wp\/v2\/media\/142461"}],"wp:attachment":[{"href":"https:\/\/www.customywear.com\/cs\/wp-json\/wp\/v2\/media?parent=20307"}],"wp:term":[{"taxonomy":"product_brand","embeddable":true,"href":"https:\/\/www.customywear.com\/cs\/wp-json\/wp\/v2\/product_brand?post=20307"},{"taxonomy":"product_cat","embeddable":true,"href":"https:\/\/www.customywear.com\/cs\/wp-json\/wp\/v2\/product_cat?post=20307"},{"taxonomy":"product_tag","embeddable":true,"href":"https:\/\/www.customywear.com\/cs\/wp-json\/wp\/v2\/product_tag?post=20307"}],"curies":[{"name":"wp","href":"https:\/\/api.w.org\/{rel}","templated":true}]}}