{"id":20308,"date":"2023-07-28T13:32:55","date_gmt":"2023-07-28T13:32:55","guid":{"rendered":"https:\/\/www.customywear.com\/?post_type=product&#038;p=20308"},"modified":"2026-05-05T20:23:37","modified_gmt":"2026-05-05T20:23:37","slug":"zakazkova-arabska-damska-kosile","status":"publish","type":"product","link":"https:\/\/www.customywear.com\/cs\/custom-arabian-woman-shirt\/","title":{"rendered":"Tri\u010dko arabsk\u00e9 \u017eeny na zak\u00e1zku | Personalizovan\u00e9 tri\u010dko s hid\u017e\u00e1bem pro arabskou p\u0159\u00edtelkyni"},"content":{"rendered":"<p>Pozvedn\u011bte sv\u016fj styl s na\u0161\u00ed \u00fa\u017easnou ko\u0161il\u00ed Custom Arabian Woman, personalizovan\u00fdm mistrovsk\u00fdm d\u00edlem, kter\u00e9 v sob\u011b spojuje tradici a sou\u010dasn\u00e9 um\u011bn\u00ed. Spojen\u00edm va\u0161\u00ed fotografie a na\u0161eho odborn\u011b vytvo\u0159en\u00e9ho vektorov\u00e9ho portr\u00e9tu zt\u011blesn\u00edte eleganci tradi\u010dn\u00edch arabsk\u00fdch \u0161at\u016f s modern\u00edm kouzlem tri\u010dka na m\u00edru. Tento jedine\u010dn\u00fd a promy\u0161len\u00fd design je v\u00fdjime\u010dn\u00fdm d\u00e1rkem, ide\u00e1ln\u00edm pro milovn\u00edky cestov\u00e1n\u00ed a kulturn\u00ed objevitele. Za\u017eijte synergii technologie a kreativity \u2013 vyu\u017e\u00edv\u00e1me Adobe Illustrator a Adobe Photoshop k prom\u011bn\u011b va\u0161\u00ed fotografie v nositeln\u00e9 um\u011bleck\u00e9 d\u00edlo. Na\u0161e tri\u010dko na m\u00edru se py\u0161n\u00ed pr\u00e9miovou vektorovou grafikou, pe\u010dliv\u011b vybranou tak, aby zachytila \u200b\u200bpodstatu arabsk\u00e9ho d\u011bdictv\u00ed. D\u00edky pokro\u010dil\u00e9 technologii tisku DTG o\u017e\u00edvaj\u00ed propracovan\u00e9 detaily a z\u00e1\u0159iv\u00e9 barvy, co\u017e zaji\u0161\u0165uje, \u017ee va\u0161e personalizovan\u00e9 tri\u010dko je d\u016fkazem vynikaj\u00edc\u00edho \u0159emesln\u00e9ho zpracov\u00e1n\u00ed. Oslavte rozmanitost a sebevyj\u00e1d\u0159en\u00ed s unisexov\u00fdm tri\u010dkem s kr\u00e1tk\u00fdm i dlouh\u00fdm ruk\u00e1vem pro dosp\u011bl\u00e9, kter\u00e9 p\u0159ekra\u010duje hranice. Na\u0161e kolekce, kter\u00e1 je k dispozici pro dosp\u011bl\u00e9 i ml\u00e1de\u017e, d\u011bti i batolata, nab\u00edz\u00ed \u0161irokou \u0161k\u00e1lu design\u016f, kter\u00e9 vyhov\u00ed ka\u017ed\u00e9mu jednotlivci. N\u00e1\u0161 z\u00e1vazek ke kvalit\u011b v kombinaci s mo\u017enost\u00ed personalizace s va\u0161\u00edm jedine\u010dn\u00fdm n\u00e1dechem d\u011bl\u00e1 z tohoto tri\u010dka cen\u011bn\u00fd dopln\u011bk va\u0161eho \u0161atn\u00edku. Vyj\u00e1d\u0159ete svou l\u00e1sku ke kultu\u0159e, m\u00f3d\u011b a individualit\u011b tri\u010dkem na m\u00edru, kter\u00e9 vypr\u00e1v\u00ed v\u00e1\u0161 p\u0159\u00edb\u011bh.<\/p>","protected":false},"excerpt":{"rendered":"<p>Prom\u011b\u0148te svou fotografii v n\u00e1dhernou vlastn\u00ed ko\u0161ili Arabian Woman. Personalizovan\u00e9 arabsk\u00e9 tri\u010dko s hid\u017e\u00e1bem p\u0159edv\u00e1d\u00ed eleganci a kulturn\u00ed hrdost na jedine\u010dn\u00e9m tri\u010dku na m\u00edru.<\/p>","protected":false},"featured_media":142468,"comment_status":"open","ping_status":"closed","template":"","meta":{"_acf_changed":false},"product_brand":[],"product_cat":[6191,179,6412,6428,6355],"product_tag":[6214,6433,229,6215,209,112],"class_list":{"0":"post-20308","1":"product","2":"type-product","3":"status-publish","4":"has-post-thumbnail","6":"product_cat-t-shirts-women","7":"product_cat-custom-gifts-arabic-culture","8":"product_cat-photo-to-tees","9":"product_cat-translate-products","10":"product_cat-womens-culture-country-t-shirts","11":"product_tag-affordable-custom-t-shirts","12":"product_tag-ai-artwork","13":"product_tag-custom-tee-shirts","14":"product_tag-screen-printing-near-me","15":"product_tag-travel_lover_gift","16":"product_tag-women","18":"first","19":"instock","20":"taxable","21":"shipping-taxable","22":"purchasable","23":"product-type-simple"},"acf":[],"wcpa_form_fields":null,"_links":{"self":[{"href":"https:\/\/www.customywear.com\/cs\/wp-json\/wp\/v2\/product\/20308","targetHints":{"allow":["GET"]}}],"collection":[{"href":"https:\/\/www.customywear.com\/cs\/wp-json\/wp\/v2\/product"}],"about":[{"href":"https:\/\/www.customywear.com\/cs\/wp-json\/wp\/v2\/types\/product"}],"replies":[{"embeddable":true,"href":"https:\/\/www.customywear.com\/cs\/wp-json\/wp\/v2\/comments?post=20308"}],"wp:featuredmedia":[{"embeddable":true,"href":"https:\/\/www.customywear.com\/cs\/wp-json\/wp\/v2\/media\/142468"}],"wp:attachment":[{"href":"https:\/\/www.customywear.com\/cs\/wp-json\/wp\/v2\/media?parent=20308"}],"wp:term":[{"taxonomy":"product_brand","embeddable":true,"href":"https:\/\/www.customywear.com\/cs\/wp-json\/wp\/v2\/product_brand?post=20308"},{"taxonomy":"product_cat","embeddable":true,"href":"https:\/\/www.customywear.com\/cs\/wp-json\/wp\/v2\/product_cat?post=20308"},{"taxonomy":"product_tag","embeddable":true,"href":"https:\/\/www.customywear.com\/cs\/wp-json\/wp\/v2\/product_tag?post=20308"}],"curies":[{"name":"wp","href":"https:\/\/api.w.org\/{rel}","templated":true}]}}