{"id":20311,"date":"2023-07-28T13:32:57","date_gmt":"2023-07-28T13:32:57","guid":{"rendered":"https:\/\/www.customywear.com\/?post_type=product&#038;p=20311"},"modified":"2026-05-07T15:29:59","modified_gmt":"2026-05-07T15:29:59","slug":"chlapecka-kosile-astronaut-na-zakazku","status":"publish","type":"product","link":"https:\/\/www.customywear.com\/cs\/custom-astronaut-boy-shirt\/","title":{"rendered":"Chlapeck\u00e9 tri\u010dko s motivem astronauta | Personalizovan\u00e9 tri\u010dko s n\u00e1pisem p\u0159ist\u00e1n\u00ed na M\u011bs\u00edci pro mal\u00e9 d\u011bti"},"content":{"rendered":"<p>Za\u017eehn\u011bte jiskru zv\u011bdavosti a objevov\u00e1n\u00ed ve sv\u00e9m mlad\u00e9m dobrodruhovi s na\u0161\u00edm okouzluj\u00edc\u00edm chlapeck\u00fdm tri\u010dkem s n\u00e1pisem \u201eAstronaut\u201c na zak\u00e1zku, kter\u00e9 je personalizovanou poctou sn\u016fm sahaj\u00edc\u00edm za hv\u011bzdy. Vyu\u017e\u00edv\u00e1me s\u00edlu fotografie va\u0161eho d\u00edt\u011bte a odborn\u011b vytv\u00e1\u0159\u00edme vektorov\u00fd portr\u00e9t, kter\u00fd ho prom\u011bn\u00ed v neboj\u00e1cn\u00e9ho astronauta odv\u00e1\u017en\u011b p\u0159ist\u00e1vaj\u00edc\u00edho na vzd\u00e1len\u00e9 planet\u011b M\u011bs\u00edci. Tento n\u00e1padit\u00fd design slou\u017e\u00ed jako trval\u00fd zdroj inspirace a je tak dokonal\u00fdm d\u00e1rkem pro mlad\u00e9 vizion\u00e1\u0159e a kosmick\u00e9 sn\u00edlky, kte\u0159\u00ed tou\u017e\u00ed prozkoumat vesm\u00edr. Pono\u0159te se do synergie \u0161pi\u010dkov\u00fdch technologi\u00ed a um\u011bleck\u00e9 vynal\u00e9zavosti. Vyu\u017e\u00edv\u00e1me mo\u017enosti program\u016f Adobe Illustrator a Adobe Photoshop k prom\u011bn\u011b fotografie va\u0161eho d\u00edt\u011bte v pozoruhodn\u00e9 um\u011bleck\u00e9 d\u00edlo. Na\u0161e tri\u010dko na zak\u00e1zku p\u0159edstavuje pr\u00e9miovou vektorovou ilustraci, kter\u00e1 d\u016fkladn\u011b zachycuje ducha vesm\u00edrn\u00e9ho pr\u016fzkumu a objevov\u00e1n\u00ed. D\u00edky pokro\u010dil\u00fdm technik\u00e1m tisku DTG o\u017e\u00edv\u00e1 ka\u017ed\u00fd detail a odst\u00edn, tak\u017ee va\u0161e personalizovan\u00e9 tri\u010dko zt\u011bles\u0148uje vrchol \u0159emesln\u00e9ho zpracov\u00e1n\u00ed a kreativity. Na\u0161e unisexov\u00e1 kolekce d\u011btsk\u00e9ho tri\u010dka s kr\u00e1tk\u00fdm a dlouh\u00fdm ruk\u00e1vem, navr\u017een\u00e1 tak, aby oslavovala ducha zv\u011bdavosti a \u00fa\u017easu, je k dispozici v r\u016fzn\u00fdch velikostech vhodn\u00fdch pro r\u016fzn\u00e9 v\u011bkov\u00e9 skupiny. D\u00edky v\u0161estrannosti na\u0161ich design\u016f se v\u00e1\u0161 mlad\u00fd objevitel m\u016f\u017ee hrd\u011b pochlubit sv\u00fdm personalizovan\u00fdm v\u00fdtvorem p\u0159i jak\u00e9koli p\u0159\u00edle\u017eitosti. Oslavte jeho bezmeznou fantazii a v\u00e1\u0161e\u0148 pro vesm\u00edr tri\u010dkem na m\u00edru, kter\u00e9 ct\u00ed jeho individualitu a poh\u00e1n\u00ed jeho kosmick\u00e9 ambice.<\/p>","protected":false},"excerpt":{"rendered":"<p>Ud\u011blejte ze sv\u00e9ho d\u00edt\u011bte pr\u016fzkumn\u00edka v ko\u0161ili astronautsk\u00e9ho chlapce na m\u00edru. Personalizovan\u00e9 tri\u010dko Young Kid Moon Landing prom\u011bn\u00ed jakoukoli fotografii na tri\u010dko s vesm\u00edrnou tematikou a z jin\u00e9ho sv\u011bta.<\/p>","protected":false},"featured_media":142503,"comment_status":"open","ping_status":"closed","template":"","meta":{"_acf_changed":false},"product_brand":[],"product_cat":[6189,248,6412,6428],"product_tag":[6433,6439,249],"class_list":{"0":"post-20311","1":"product","2":"type-product","3":"status-publish","4":"has-post-thumbnail","6":"product_cat-boys-t-shirts","7":"product_cat-custom-gifts-astronauts","8":"product_cat-photo-to-tees","9":"product_cat-translate-products","10":"product_tag-ai-artwork","11":"product_tag-ai-kids-artwork","12":"product_tag-astronaut-tees","14":"first","15":"instock","16":"taxable","17":"shipping-taxable","18":"purchasable","19":"product-type-simple"},"acf":[],"wcpa_form_fields":null,"_links":{"self":[{"href":"https:\/\/www.customywear.com\/cs\/wp-json\/wp\/v2\/product\/20311","targetHints":{"allow":["GET"]}}],"collection":[{"href":"https:\/\/www.customywear.com\/cs\/wp-json\/wp\/v2\/product"}],"about":[{"href":"https:\/\/www.customywear.com\/cs\/wp-json\/wp\/v2\/types\/product"}],"replies":[{"embeddable":true,"href":"https:\/\/www.customywear.com\/cs\/wp-json\/wp\/v2\/comments?post=20311"}],"wp:featuredmedia":[{"embeddable":true,"href":"https:\/\/www.customywear.com\/cs\/wp-json\/wp\/v2\/media\/142503"}],"wp:attachment":[{"href":"https:\/\/www.customywear.com\/cs\/wp-json\/wp\/v2\/media?parent=20311"}],"wp:term":[{"taxonomy":"product_brand","embeddable":true,"href":"https:\/\/www.customywear.com\/cs\/wp-json\/wp\/v2\/product_brand?post=20311"},{"taxonomy":"product_cat","embeddable":true,"href":"https:\/\/www.customywear.com\/cs\/wp-json\/wp\/v2\/product_cat?post=20311"},{"taxonomy":"product_tag","embeddable":true,"href":"https:\/\/www.customywear.com\/cs\/wp-json\/wp\/v2\/product_tag?post=20311"}],"curies":[{"name":"wp","href":"https:\/\/api.w.org\/{rel}","templated":true}]}}