{"id":20340,"date":"2023-07-28T13:33:20","date_gmt":"2023-07-28T13:33:20","guid":{"rendered":"https:\/\/www.customywear.com\/?post_type=product&#038;p=20340"},"modified":"2026-05-05T20:23:37","modified_gmt":"2026-05-05T20:23:37","slug":"personalizovane-yoga-zena-motyl-tricko","status":"publish","type":"product","link":"https:\/\/www.customywear.com\/cs\/custom-butterfly-yoga-woman-t-shirt\/","title":{"rendered":"D\u00e1msk\u00e9 tri\u010dko s mot\u00fdl\u00edm motivem j\u00f3gy | Personalizovan\u00e9 tri\u010dko inspirovan\u00e9 p\u0159\u00edrodou"},"content":{"rendered":"<p>Posu\u0148te svou j\u00f3govou cestu na vy\u0161\u0161\u00ed \u00farove\u0148 s na\u0161\u00edm d\u00e1msk\u00fdm tri\u010dkem s mot\u00fdl\u00edmi k\u0159\u00eddly na j\u00f3gu, kter\u00e9 je harmonickou sm\u011bsic\u00ed osobn\u00edho um\u011bn\u00ed a klidn\u00e9 p\u0159\u00edrody. Pono\u0159te se do sv\u011bta v\u011bdom\u00e9ho pohybu a zachy\u0165te svou podstatu v podmaniv\u00e9 j\u00f3gov\u00e9 pozici s p\u016fvabn\u00fdmi mot\u00fdl\u00edmi k\u0159\u00eddly uprost\u0159ed majest\u00e1tn\u00edch hor. Toto jedine\u010dn\u00e9 tri\u010dko je d\u016fkazem va\u0161\u00ed oddanosti j\u00f3ze a va\u0161\u00ed l\u00e1sky k p\u0159\u00edrod\u011b a umo\u017e\u0148uje v\u00e1m nosit sv\u00e9 v\u00e1\u0161n\u011b s hrdost\u00ed.<\/p>\n<p>P\u0159edstavte si sami sebe jako and\u011bla j\u00f3gy, p\u016fvabn\u00e9 zt\u011blesn\u011bn\u00ed s\u00edly a klidu, ozdoben\u00e9 okouzluj\u00edc\u00edmi mot\u00fdl\u00edmi k\u0159\u00eddly. Na\u0161i zku\u0161en\u00ed um\u011blci vyu\u017e\u00edvaj\u00ed kreativn\u00ed dovednosti program\u016f Adobe Illustrator a Adobe Photoshop k vytvo\u0159en\u00ed \u00fa\u017easn\u00e9ho vektorov\u00e9ho portr\u00e9tu, kter\u00fd vdechne \u017eivot va\u0161\u00ed j\u00f3gov\u00e9 praxi. D\u00edky pe\u010dliv\u00e9mu DTG tisku je z\u00e1\u0159iv\u00fd design zv\u011b\u010dn\u011bn na vysoce kvalitn\u00edm unisex tri\u010dku, kter\u00e9 zaji\u0161\u0165uje trval\u00e9 spojen\u00ed mezi v\u00e1mi a kr\u00e1sou p\u0159\u00edrody.<\/p>\n<p>Toto personalizovan\u00e9 tri\u010dko p\u0159ekra\u010duje hranice a je vhodn\u00e9 pro \u017eeny, dosp\u011bl\u00e9, ml\u00e1de\u017e, d\u011bti i batolata. A\u0165 u\u017e hled\u00e1te spole\u010dn\u00edka na cvi\u010den\u00ed, d\u00e1rek k narozenin\u00e1m nebo projev uzn\u00e1n\u00ed pro kolegu\/kolegyni, na\u0161e d\u00e1msk\u00e9 tri\u010dko s mot\u00fdl\u00edm motivem j\u00f3gy rezonuje na hlubok\u00e9 \u00farovni. Objevte radost z nositeln\u00e9ho um\u011bn\u00ed a prozkoumejte na\u0161i \u0159adu podobn\u00fdch design\u016f, z nich\u017e ka\u017ed\u00fd nab\u00edz\u00ed jedine\u010dn\u00fd pohled do va\u0161ich v\u00e1\u0161n\u00ed, dostupn\u00fdch jak pro lidi, tak pro jejich milovan\u00e9 mazl\u00ed\u010dky.<\/p>","protected":false},"excerpt":{"rendered":"<p>Najd\u011bte rovnov\u00e1hu s vlastn\u00edm tri\u010dkem Butterfly Yoga Woman. Personalizovan\u00e1 tri\u010dka inspirovan\u00e1 p\u0159\u00edrodou prom\u011bn\u00ed jakoukoli fotografii v uklid\u0148uj\u00edc\u00ed, jedine\u010dn\u00e9 tri\u010dko.<\/p>","protected":false},"featured_media":143212,"comment_status":"open","ping_status":"closed","template":"","meta":{"_acf_changed":false},"product_brand":[],"product_cat":[6191,6412,6428,6362,6248],"product_tag":[6433,6217,576,326,112,594],"class_list":{"0":"post-20340","1":"product","2":"type-product","3":"status-publish","4":"has-post-thumbnail","6":"product_cat-t-shirts-women","7":"product_cat-photo-to-tees","8":"product_cat-translate-products","9":"product_cat-womens-yoga-t-shirts","10":"product_cat-yoga-gifts","11":"product_tag-ai-artwork","12":"product_tag-custom-t-shirt","13":"product_tag-cute-yoga-shirts","14":"product_tag-sports","15":"product_tag-women","16":"product_tag-yoga_tee_shirt","18":"first","19":"instock","20":"taxable","21":"shipping-taxable","22":"purchasable","23":"product-type-simple"},"acf":[],"wcpa_form_fields":null,"_links":{"self":[{"href":"https:\/\/www.customywear.com\/cs\/wp-json\/wp\/v2\/product\/20340","targetHints":{"allow":["GET"]}}],"collection":[{"href":"https:\/\/www.customywear.com\/cs\/wp-json\/wp\/v2\/product"}],"about":[{"href":"https:\/\/www.customywear.com\/cs\/wp-json\/wp\/v2\/types\/product"}],"replies":[{"embeddable":true,"href":"https:\/\/www.customywear.com\/cs\/wp-json\/wp\/v2\/comments?post=20340"}],"wp:featuredmedia":[{"embeddable":true,"href":"https:\/\/www.customywear.com\/cs\/wp-json\/wp\/v2\/media\/143212"}],"wp:attachment":[{"href":"https:\/\/www.customywear.com\/cs\/wp-json\/wp\/v2\/media?parent=20340"}],"wp:term":[{"taxonomy":"product_brand","embeddable":true,"href":"https:\/\/www.customywear.com\/cs\/wp-json\/wp\/v2\/product_brand?post=20340"},{"taxonomy":"product_cat","embeddable":true,"href":"https:\/\/www.customywear.com\/cs\/wp-json\/wp\/v2\/product_cat?post=20340"},{"taxonomy":"product_tag","embeddable":true,"href":"https:\/\/www.customywear.com\/cs\/wp-json\/wp\/v2\/product_tag?post=20340"}],"curies":[{"name":"wp","href":"https:\/\/api.w.org\/{rel}","templated":true}]}}