{"id":20348,"date":"2023-07-28T13:33:48","date_gmt":"2023-07-28T13:33:48","guid":{"rendered":"https:\/\/www.customywear.com\/?post_type=product&#038;p=20348"},"modified":"2026-05-07T15:29:58","modified_gmt":"2026-05-07T15:29:58","slug":"personalizovane-divka-jeskynni-clovek-tricko","status":"publish","type":"product","link":"https:\/\/www.customywear.com\/cs\/custom-caveman-girl-shirt\/","title":{"rendered":"Vlastn\u00ed Jeskynn\u00ed D\u00edvka Tri\u010dko | Osobn\u00ed Starov\u011bk\u00e9 \u010cern\u00fd \u010caj D\u011bti"},"content":{"rendered":"<p>Vkro\u010dte do minulosti s na\u0161\u00edm d\u00edv\u010d\u00edm tri\u010dkem s motivem jeskynn\u00edho mu\u017ee, hravou a personalizovanou \u00f3dou na starov\u011bk\u00e9 \u010dasy. Pono\u0159te sv\u00e9 d\u00edt\u011b do sv\u011bta fantazie a my z jeho fotografie vytvo\u0159\u00edme vektorov\u00fd portr\u00e9t, kter\u00fd ho prom\u011bn\u00ed ve starov\u011bk\u00e9ho jeskynn\u00edho mu\u017ee s n\u00e1dechem humoru. Toto kreativn\u00ed d\u011btsk\u00e9 tri\u010dko je v\u00edc ne\u017e jen oble\u010den\u00ed; je to p\u0159\u00edjemn\u00fd a vtipn\u00fd d\u00e1rek, kter\u00fd oslavuje mladistvou nad\u0161en\u00ed. P\u0159edstavte si sv\u00e9 d\u00edt\u011b jako mini-dobrodruha z minul\u00e9 \u00e9ry, kter\u00fd m\u00e1 starov\u011bk\u00fd vzhled, jen\u017e vzbuzuje sm\u00edch a zv\u011bdavost. Na\u0161i zku\u0161en\u00ed um\u011blci vyu\u017e\u00edvaj\u00ed um\u011bleck\u00e9 dovednosti program\u016f Adobe Illustrator a Adobe Photoshop k vytvo\u0159en\u00ed vizu\u00e1ln\u011b poutav\u00e9ho portr\u00e9tu, kter\u00fd kombinuje historii s humorem. D\u00edky pe\u010dliv\u00e9mu DTG tisku se toto vysoce kvalitn\u00ed unisex tri\u010dko st\u00e1v\u00e1 pl\u00e1tnem kreativity a radosti a zaji\u0161\u0165uje trval\u00e9 spojen\u00ed mezi va\u0161\u00edm d\u00edt\u011btem a jeho personalizovan\u00fdm mistrovsk\u00fdm d\u00edlem. Za\u017eijte radost z personalizace s velikostmi dostupn\u00fdmi pro ml\u00e1de\u017e, d\u011bti i batolata, d\u00edky \u010demu\u017e je toto tri\u010dko perfektn\u00edm d\u00e1rkem pro mlad\u00e9 nad\u0161ence do humoru. Pono\u0159te se do sv\u011bta nositeln\u00e9ho um\u011bn\u00ed a prozkoumejte \u0159adu podobn\u00fdch design\u016f, kter\u00e9 v sob\u011b nesou ducha z\u00e1bavy a kreativity, a to v\u0161e s mo\u017enost\u00ed \u00fapravy lidsk\u00fdmi i zv\u00ed\u0159ec\u00edmi obli\u010deji. Probu\u010fte fantazii sv\u00e9ho d\u00edt\u011bte a sd\u00edlejte s n\u00edm sm\u00edch s personalizovan\u00fdm tri\u010dkem, kter\u00e9 zachycuje podstatu mladick\u00e9ho \u00fa\u017easu a bezstarostnosti.<\/p>","protected":false},"excerpt":{"rendered":"<p>Vra\u0165te se v \u010dase s vlastn\u00ed ko\u0161il\u00ed Caveman Girl. Personalizovan\u00e9 tri\u010dko Ancient Black Kids prom\u011bn\u00ed jakoukoli fotografii v z\u00e1bavn\u00e9 tri\u010dko na zak\u00e1zku s prehistorickou t\u00e9matikou.<\/p>","protected":false},"featured_media":142616,"comment_status":"open","ping_status":"closed","template":"","meta":{"_acf_changed":false},"product_brand":[],"product_cat":[6193,691,6412,6428],"product_tag":[6433,6439,694,65,67,156],"class_list":{"0":"post-20348","1":"product","2":"type-product","3":"status-publish","4":"has-post-thumbnail","6":"product_cat-girls-t-shirts","7":"product_cat-custom-gifts-caveman","8":"product_cat-photo-to-tees","9":"product_cat-translate-products","10":"product_tag-ai-artwork","11":"product_tag-ai-kids-artwork","12":"product_tag-children_birthday","13":"product_tag-kid","14":"product_tag-kids_birthday_shirt","15":"product_tag-youth-girl","17":"first","18":"instock","19":"taxable","20":"shipping-taxable","21":"purchasable","22":"product-type-simple"},"acf":[],"wcpa_form_fields":null,"_links":{"self":[{"href":"https:\/\/www.customywear.com\/cs\/wp-json\/wp\/v2\/product\/20348","targetHints":{"allow":["GET"]}}],"collection":[{"href":"https:\/\/www.customywear.com\/cs\/wp-json\/wp\/v2\/product"}],"about":[{"href":"https:\/\/www.customywear.com\/cs\/wp-json\/wp\/v2\/types\/product"}],"replies":[{"embeddable":true,"href":"https:\/\/www.customywear.com\/cs\/wp-json\/wp\/v2\/comments?post=20348"}],"wp:featuredmedia":[{"embeddable":true,"href":"https:\/\/www.customywear.com\/cs\/wp-json\/wp\/v2\/media\/142616"}],"wp:attachment":[{"href":"https:\/\/www.customywear.com\/cs\/wp-json\/wp\/v2\/media?parent=20348"}],"wp:term":[{"taxonomy":"product_brand","embeddable":true,"href":"https:\/\/www.customywear.com\/cs\/wp-json\/wp\/v2\/product_brand?post=20348"},{"taxonomy":"product_cat","embeddable":true,"href":"https:\/\/www.customywear.com\/cs\/wp-json\/wp\/v2\/product_cat?post=20348"},{"taxonomy":"product_tag","embeddable":true,"href":"https:\/\/www.customywear.com\/cs\/wp-json\/wp\/v2\/product_tag?post=20348"}],"curies":[{"name":"wp","href":"https:\/\/api.w.org\/{rel}","templated":true}]}}