{"id":20350,"date":"2023-07-28T13:34:00","date_gmt":"2023-07-28T13:34:00","guid":{"rendered":"https:\/\/www.customywear.com\/?post_type=product&#038;p=20350"},"modified":"2026-05-07T15:29:56","modified_gmt":"2026-05-07T15:29:56","slug":"personalizovane-chlapec-mladez-jeskynni-clovek-tricko","status":"publish","type":"product","link":"https:\/\/www.customywear.com\/cs\/custom-caveman-youth-boy-shirt\/","title":{"rendered":"D\u011btsk\u00e9 tri\u010dko s motivem jeskynn\u00edho mu\u017ee | Personalizovan\u00e9 d\u011btsk\u00e9 tri\u010dko ze starov\u011bk\u00e9 Afriky"},"content":{"rendered":"<p>Vkro\u010dte do minulosti s na\u0161\u00edm chlapeck\u00fdm tri\u010dkem s motivem jeskynn\u00edho mu\u017ee na m\u00edru, hravou a personalizovanou oslavou starov\u011bku. P\u0159eneste sv\u00e9 d\u00edt\u011b do \u0159\u00ed\u0161e fantazie a my z jeho fotografie vytvo\u0159\u00edme vektorov\u00fd portr\u00e9t, kter\u00fd ho prom\u011bn\u00ed v roztomil\u00e9ho starov\u011bk\u00e9ho jeskynn\u00edho mu\u017ee. Toto kreativn\u00ed d\u011btsk\u00e9 tri\u010dko je v\u00edc ne\u017e jen oble\u010den\u00ed; je to p\u0159\u00edjemn\u00fd a vtipn\u00fd d\u00e1rek, kter\u00fd zachycuje ducha mladick\u00e9 zv\u011bdavosti. P\u0159edstavte si sv\u00e9 d\u00edt\u011b jako dobrodru\u017en\u00e9ho mlad\u00e9ho jeskynn\u00edho mu\u017ee, vyza\u0159uj\u00edc\u00edho kouzlo a humor starov\u011bku, o\u017eiven\u00e9ho d\u00edky um\u011bleck\u00e9 fines\u011b program\u016f Adobe Illustrator a Adobe Photoshop. Na\u0161i zku\u0161en\u00ed design\u00e9\u0159i pe\u010dliv\u011b propracuj\u00ed ka\u017ed\u00fd prvek, co\u017e vede k vizu\u00e1ln\u011b poutav\u00e9mu zobrazen\u00ed, kter\u00e9 vystihuje podstatu hrav\u00e9ho objevov\u00e1n\u00ed. D\u00edky pe\u010dliv\u00e9mu DTG tisku se toto vysoce kvalitn\u00ed unisex tri\u010dko st\u00e1v\u00e1 pl\u00e1tnem radosti a sm\u00edchu a zaji\u0161\u0165uje trval\u00e9 spojen\u00ed mezi va\u0161\u00edm d\u00edt\u011btem a jeho personalizovan\u00fdm mistrovsk\u00fdm d\u00edlem. Za\u017eijte radost z personalizace s velikostmi dostupn\u00fdmi pro ml\u00e1de\u017e, d\u011bti i batolata, co\u017e z tohoto tri\u010dka d\u011bl\u00e1 perfektn\u00ed d\u00e1rek pro mlad\u00e9 dobrodruhy a nad\u0161ence do historie. Pono\u0159te se do sv\u011bta nositeln\u00e9ho um\u011bn\u00ed a prozkoumejte \u0159adu podobn\u00fdch design\u016f, kter\u00e9 v sob\u011b nesou ducha z\u00e1bavy a kreativity, a to v\u0161e s mo\u017enost\u00ed \u00fapravy lidsk\u00fdmi i zv\u00ed\u0159ec\u00edmi obli\u010deji. Za\u017eehn\u011bte fantazii sv\u00e9ho d\u00edt\u011bte a sd\u00edlejte sm\u00edch s personalizovan\u00fdm tri\u010dkem, kter\u00e9 zachycuje podstatu mladistv\u00e9ho \u00fa\u017easu a bezstarostnosti.<\/p>","protected":false},"excerpt":{"rendered":"<p>O\u017eivte historii pomoc\u00ed vlastn\u00ed ko\u0161ile Caveman Youth Boy. Na\u0161e personalizovan\u00e9 tri\u010dko Ancient African Kids prom\u011bn\u00ed jakoukoli fotografii na jedine\u010dn\u00e9 tri\u010dko na zak\u00e1zku se starov\u011bkou t\u00e9matikou.<\/p>","protected":false},"featured_media":142609,"comment_status":"open","ping_status":"closed","template":"","meta":{"_acf_changed":false},"product_brand":[],"product_cat":[6189,691,6412,6428],"product_tag":[6433,6439,694,65,67,73],"class_list":{"0":"post-20350","1":"product","2":"type-product","3":"status-publish","4":"has-post-thumbnail","6":"product_cat-boys-t-shirts","7":"product_cat-custom-gifts-caveman","8":"product_cat-photo-to-tees","9":"product_cat-translate-products","10":"product_tag-ai-artwork","11":"product_tag-ai-kids-artwork","12":"product_tag-children_birthday","13":"product_tag-kid","14":"product_tag-kids_birthday_shirt","15":"product_tag-youth-boy","17":"first","18":"instock","19":"taxable","20":"shipping-taxable","21":"purchasable","22":"product-type-simple"},"acf":[],"wcpa_form_fields":null,"_links":{"self":[{"href":"https:\/\/www.customywear.com\/cs\/wp-json\/wp\/v2\/product\/20350","targetHints":{"allow":["GET"]}}],"collection":[{"href":"https:\/\/www.customywear.com\/cs\/wp-json\/wp\/v2\/product"}],"about":[{"href":"https:\/\/www.customywear.com\/cs\/wp-json\/wp\/v2\/types\/product"}],"replies":[{"embeddable":true,"href":"https:\/\/www.customywear.com\/cs\/wp-json\/wp\/v2\/comments?post=20350"}],"wp:featuredmedia":[{"embeddable":true,"href":"https:\/\/www.customywear.com\/cs\/wp-json\/wp\/v2\/media\/142609"}],"wp:attachment":[{"href":"https:\/\/www.customywear.com\/cs\/wp-json\/wp\/v2\/media?parent=20350"}],"wp:term":[{"taxonomy":"product_brand","embeddable":true,"href":"https:\/\/www.customywear.com\/cs\/wp-json\/wp\/v2\/product_brand?post=20350"},{"taxonomy":"product_cat","embeddable":true,"href":"https:\/\/www.customywear.com\/cs\/wp-json\/wp\/v2\/product_cat?post=20350"},{"taxonomy":"product_tag","embeddable":true,"href":"https:\/\/www.customywear.com\/cs\/wp-json\/wp\/v2\/product_tag?post=20350"}],"curies":[{"name":"wp","href":"https:\/\/api.w.org\/{rel}","templated":true}]}}