{"id":20410,"date":"2023-07-28T13:34:58","date_gmt":"2023-07-28T13:34:58","guid":{"rendered":"https:\/\/www.customywear.com\/?post_type=product&#038;p=20410"},"modified":"2026-05-05T20:24:12","modified_gmt":"2026-05-05T20:24:12","slug":"zakazkove-umelecke-svalove-tee-kulturiste","status":"publish","type":"product","link":"https:\/\/www.customywear.com\/cs\/custom-artistic-muscle-tee-bodybuilders\/","title":{"rendered":"Tri\u010dko s um\u011bleck\u00fdm potiskem pro kulturisty \u2013 personalizovan\u00e9 gymnastick\u00e9 tri\u010dko"},"content":{"rendered":"<p>Popus\u0165te uzdu sv\u00e9 v\u00e1\u0161ni pro kulturistiku s na\u0161\u00edm <strong>Tri\u010dko s um\u011bleck\u00fdm st\u0159ihem na m\u00edru<\/strong> \u2013 unik\u00e1tn\u00ed mistrovsk\u00e9 d\u00edlo, kter\u00e9 prom\u011bn\u00ed va\u0161i fotografii v \u00fachvatnou poctu va\u0161\u00ed svalov\u00e9 zdatnosti. Na\u0161i zku\u0161en\u00ed um\u011blci odborn\u011b vytvo\u0159\u00ed karikaturu va\u0161\u00ed postavy, zv\u00fdrazn\u00ed va\u0161e svaly a vytvo\u0159\u00ed tak na tomto personalizovan\u00e9m tri\u010dku poutav\u00fd obraz. Toto vtipn\u00e9 a v\u00fdjime\u010dn\u00e9 tri\u010dko, navr\u017een\u00e9 tak, aby oslovilo nad\u0161ence do posilovny a oddan\u00e9 sportovce, dod\u00e1 va\u0161emu fitness re\u017eimu d\u00e1vku humoru. Probu\u010fte svou vnit\u0159n\u00ed s\u00edlu a upoutejte pozornost s t\u00edmto personalizovan\u00fdm gymnastick\u00fdm tri\u010dkem, kter\u00e9 oslavuje v\u00e1\u0161 z\u00e1vazek ke kulturistice.<\/p>\n<p>Tato unisexov\u00e1 tri\u010dka s potiskem sval\u016f, navr\u017een\u00e1 pro jednotlivce v\u0161ech v\u011bkov\u00fdch kategori\u00ed, od dosp\u011bl\u00fdch p\u0159es ml\u00e1de\u017e a\u017e po d\u011bti a batolata, uspokoj\u00ed rozmanit\u00e9 publikum, kter\u00e9 nach\u00e1z\u00ed \u00fat\u011bchu v posilovn\u011b. Na\u0161i zku\u0161en\u00ed \u0159emesln\u00edci vyu\u017e\u00edvaj\u00ed kreativn\u00ed s\u00edlu program\u016f Adobe Illustrator a Adobe Photoshop, co\u017e vede k n\u00e1vrh\u016fm, kter\u00e9 oslavuj\u00ed oddanost a inspiruj\u00ed kamar\u00e1dstv\u00ed. D\u00edky pokro\u010dil\u00e9 technologii tisku DTG se ka\u017ed\u00e9 tri\u010dko st\u00e1v\u00e1 pl\u00e1tnem pro vysoce kvalitn\u00ed vektorovou grafiku, kter\u00e1 vyjad\u0159uje v\u00e1\u0161 z\u00e1vazek k s\u00edle.<\/p>\n<p>Personalizace je srdcem tohoto designu, kter\u00fd v\u00e1m umo\u017e\u0148uje za\u010dlenit tv\u00e1\u0159e va\u0161ich bl\u00edzk\u00fdch, a\u0165 u\u017e lidsk\u00fdch nebo chlupat\u00fdch, a vytvo\u0159it tak skute\u010dn\u011b jedine\u010dn\u00fd od\u011bv. Tato tri\u010dka p\u0159esahuj\u00ed pouh\u00e9 oble\u010den\u00ed a zt\u011bles\u0148uj\u00ed obdiv, odhodl\u00e1n\u00ed a cestu sebezdokonalov\u00e1n\u00ed. Pono\u0159te se do na\u0161\u00ed nab\u00eddky souvisej\u00edc\u00edch design\u016f, z nich\u017e ka\u017ed\u00fd vypr\u00e1v\u00ed jedine\u010dn\u00fd p\u0159\u00edb\u011bh, a nechte sv\u016fj od\u011bv st\u00e1t se odrazem va\u0161\u00ed hrdosti, l\u00e1sky k fitness a odhodl\u00e1n\u00ed budovat silnou postavu.<\/p>","protected":false},"excerpt":{"rendered":"<p>Uka\u017ete s\u00edlu pomoc\u00ed vlastn\u00edho um\u011bleck\u00e9ho svalov\u00e9ho tri\u010dka pro kulturisty. Personalizovan\u00e9 gymnastick\u00e9 ko\u0161ile prom\u011bn\u00ed jakoukoli fotografii v jedine\u010dn\u00e9, odv\u00e1\u017en\u00e9 fitness tri\u010dko.<\/p>","protected":false},"featured_media":143233,"comment_status":"open","ping_status":"closed","template":"","meta":{"_acf_changed":false},"product_brand":[],"product_cat":[6195,157,526,186,6337,1044,6412,1045,6428],"product_tag":[6433,6217,6165,546,6216,1106],"class_list":{"0":"post-20410","1":"product","2":"type-product","3":"status-publish","4":"has-post-thumbnail","6":"product_cat-t-shirts-men","7":"product_cat-best-sellers","8":"product_cat-gym-shirts","9":"product_cat-men","10":"product_cat-mens-gym-t-shirts","11":"product_cat-on-sale","12":"product_cat-photo-to-tees","13":"product_cat-retirement","14":"product_cat-translate-products","15":"product_tag-ai-artwork","16":"product_tag-custom-t-shirt","17":"product_tag-custom-gym-tees","18":"product_tag-gym","19":"product_tag-mens-custom-t-shirts","20":"product_tag-retirement","22":"first","23":"instock","24":"taxable","25":"shipping-taxable","26":"purchasable","27":"product-type-simple"},"acf":[],"wcpa_form_fields":null,"_links":{"self":[{"href":"https:\/\/www.customywear.com\/cs\/wp-json\/wp\/v2\/product\/20410","targetHints":{"allow":["GET"]}}],"collection":[{"href":"https:\/\/www.customywear.com\/cs\/wp-json\/wp\/v2\/product"}],"about":[{"href":"https:\/\/www.customywear.com\/cs\/wp-json\/wp\/v2\/types\/product"}],"replies":[{"embeddable":true,"href":"https:\/\/www.customywear.com\/cs\/wp-json\/wp\/v2\/comments?post=20410"}],"wp:featuredmedia":[{"embeddable":true,"href":"https:\/\/www.customywear.com\/cs\/wp-json\/wp\/v2\/media\/143233"}],"wp:attachment":[{"href":"https:\/\/www.customywear.com\/cs\/wp-json\/wp\/v2\/media?parent=20410"}],"wp:term":[{"taxonomy":"product_brand","embeddable":true,"href":"https:\/\/www.customywear.com\/cs\/wp-json\/wp\/v2\/product_brand?post=20410"},{"taxonomy":"product_cat","embeddable":true,"href":"https:\/\/www.customywear.com\/cs\/wp-json\/wp\/v2\/product_cat?post=20410"},{"taxonomy":"product_tag","embeddable":true,"href":"https:\/\/www.customywear.com\/cs\/wp-json\/wp\/v2\/product_tag?post=20410"}],"curies":[{"name":"wp","href":"https:\/\/api.w.org\/{rel}","templated":true}]}}