{"id":20417,"date":"2023-07-28T13:35:04","date_gmt":"2023-07-28T13:35:04","guid":{"rendered":"https:\/\/www.customywear.com\/?post_type=product&#038;p=20417"},"modified":"2026-05-16T11:13:02","modified_gmt":"2026-05-16T11:13:02","slug":"zakazkova-mimozemska-vedecka-kosile-astronautu","status":"publish","type":"product","link":"https:\/\/www.customywear.com\/cs\/custom-astronaut-alien-science-shirt\/","title":{"rendered":"Tri\u010dko s motivem astronauta na zak\u00e1zku \u2013 personalizovan\u00e9 tri\u010dko s motivem mimozemsk\u00e9 v\u011bdy pro n\u011bj"},"content":{"rendered":"<p>P\u0159edstavujeme na\u0161e <strong>Tri\u010dko astronauta na zak\u00e1zku<\/strong> \u2013 kosmick\u00e9 pl\u00e1tno individuality a objevov\u00e1n\u00ed, ur\u010den\u00e9 pro ty, kte\u0159\u00ed chovaj\u00ed fascinaci vesm\u00edrem a nezn\u00e1mem. Toto inovativn\u00ed tri\u010dko, dostupn\u00e9 v unisex proveden\u00ed s dlouh\u00fdm i kr\u00e1tk\u00fdm ruk\u00e1vem, prom\u011bn\u00ed va\u0161i fotografii v podmaniv\u00fd vektorov\u00fd portr\u00e9t, kter\u00fd v\u00e1s v roli neohro\u017een\u00e9ho astronauta zasad\u00ed do nadpozemsk\u00e9 krajiny. Toto personalizovan\u00e9 tri\u010dko p\u0159esahuje pouh\u00e9 oble\u010den\u00ed; je zt\u011blesn\u011bn\u00edm inspirace, co\u017e z n\u011bj \u010din\u00ed v\u00fdjime\u010dn\u00fd d\u00e1rek pro jednotlivce okouzlen\u00e9 z\u00e1zraky vesm\u00edru a v\u011bdy. Tato tri\u010dka, vyroben\u00e1 tak, aby oslovila v\u0161echny v\u011bkov\u00e9 skupiny, od dosp\u011bl\u00fdch po ml\u00e1de\u017e, d\u011bti a batolata, jsou poctou zv\u011bdav\u00fdm mysl\u00edm a nekone\u010dn\u00e9mu objevov\u00e1n\u00ed, kter\u00e9 poh\u00e1n\u00ed v\u011bdeckou zv\u011bdavost. Na\u0161i zku\u0161en\u00ed \u0159emesln\u00edci vyu\u017e\u00edvaj\u00ed tv\u016fr\u010d\u00ed s\u00edlu program\u016f Adobe Illustrator a Adobe Photoshop k vytv\u00e1\u0159en\u00ed n\u00e1vrh\u016f, kter\u00e9 podn\u00edt\u00ed fantazii a v\u00e1\u0161e\u0148 pro kosmick\u00e9 objevy. D\u00edky pokro\u010dil\u00e9 technologii tisku DTG se ka\u017ed\u00e9 tri\u010dko st\u00e1v\u00e1 pl\u00e1tnem pro vysoce kvalitn\u00ed vektorovou grafiku, kter\u00e1 zachycuje podstatu va\u0161ich sn\u016f inspirovan\u00fdch vesm\u00edrem. J\u00e1drem tohoto designu je personalizace, kter\u00e1 v\u00e1m umo\u017e\u0148uje za\u010dlenit va\u0161i tv\u00e1\u0159 \u2013 a dokonce i tv\u00e1\u0159e va\u0161ich milovan\u00fdch mazl\u00ed\u010dk\u016f \u2013 a vytvo\u0159it tak skute\u010dn\u011b osobit\u00fd od\u011bv. Tato tri\u010dka jsou v\u00edc ne\u017e jen oble\u010den\u00ed; Jsou d\u016fkazem va\u0161eho jedine\u010dn\u00e9ho pohledu, aspirac\u00ed a touhy prozkoum\u00e1vat hranice. Objevte na\u0161i \u0159adu souvisej\u00edc\u00edch design\u016f, z nich\u017e ka\u017ed\u00fd vypr\u00e1v\u00ed jedine\u010dn\u00fd p\u0159\u00edb\u011bh, a nechte sv\u016fj od\u011bv st\u00e1t se vyj\u00e1d\u0159en\u00edm va\u0161eho obdivu k astronaut\u016fm, z\u00e1had\u011b vesm\u00edru a touze po pozn\u00e1n\u00ed.<\/p>","protected":false},"excerpt":{"rendered":"<p>Odst\u0159elte si vlastn\u00ed ko\u0161il\u00ed astronaut\u016f. Personalizovan\u00e9 tri\u010dko Alien Science pro n\u011bj prom\u011bn\u00ed jakoukoli fotografii v z\u00e1bavn\u00e9 tri\u010dko na zak\u00e1zku s vesm\u00edrnou t\u00e9matikou.<\/p>","protected":false},"featured_media":142489,"comment_status":"open","ping_status":"closed","template":"","meta":{"_acf_changed":false},"product_brand":[],"product_cat":[6195,157,248,186,6341,6412,219,1045,6428],"product_tag":[6433,249,6216,6442],"class_list":{"0":"post-20417","1":"product","2":"type-product","3":"status-publish","4":"has-post-thumbnail","6":"product_cat-t-shirts-men","7":"product_cat-best-sellers","8":"product_cat-custom-gifts-astronauts","9":"product_cat-men","10":"product_cat-mens-profession-t-shirts","11":"product_cat-photo-to-tees","12":"product_cat-profession","13":"product_cat-retirement","14":"product_cat-translate-products","15":"product_tag-ai-artwork","16":"product_tag-astronaut-tees","17":"product_tag-mens-custom-t-shirts","18":"product_tag-top-artwork","20":"first","21":"instock","22":"taxable","23":"shipping-taxable","24":"purchasable","25":"product-type-simple"},"acf":[],"wcpa_form_fields":null,"_links":{"self":[{"href":"https:\/\/www.customywear.com\/cs\/wp-json\/wp\/v2\/product\/20417","targetHints":{"allow":["GET"]}}],"collection":[{"href":"https:\/\/www.customywear.com\/cs\/wp-json\/wp\/v2\/product"}],"about":[{"href":"https:\/\/www.customywear.com\/cs\/wp-json\/wp\/v2\/types\/product"}],"replies":[{"embeddable":true,"href":"https:\/\/www.customywear.com\/cs\/wp-json\/wp\/v2\/comments?post=20417"}],"wp:featuredmedia":[{"embeddable":true,"href":"https:\/\/www.customywear.com\/cs\/wp-json\/wp\/v2\/media\/142489"}],"wp:attachment":[{"href":"https:\/\/www.customywear.com\/cs\/wp-json\/wp\/v2\/media?parent=20417"}],"wp:term":[{"taxonomy":"product_brand","embeddable":true,"href":"https:\/\/www.customywear.com\/cs\/wp-json\/wp\/v2\/product_brand?post=20417"},{"taxonomy":"product_cat","embeddable":true,"href":"https:\/\/www.customywear.com\/cs\/wp-json\/wp\/v2\/product_cat?post=20417"},{"taxonomy":"product_tag","embeddable":true,"href":"https:\/\/www.customywear.com\/cs\/wp-json\/wp\/v2\/product_tag?post=20417"}],"curies":[{"name":"wp","href":"https:\/\/api.w.org\/{rel}","templated":true}]}}