{"id":20435,"date":"2023-07-28T13:35:23","date_gmt":"2023-07-28T13:35:23","guid":{"rendered":"https:\/\/www.customywear.com\/?post_type=product&#038;p=20435"},"modified":"2026-05-05T20:23:37","modified_gmt":"2026-05-05T20:23:37","slug":"zakazkova-balerinska-kosile","status":"publish","type":"product","link":"https:\/\/www.customywear.com\/cs\/custom-ballerina-shirt\/","title":{"rendered":"Baler\u00ednsk\u00e9 tri\u010dko na m\u00edru | Personalizovan\u00e9 baletn\u00ed tri\u010dko"},"content":{"rendered":"<p>Pozvedn\u011bte svou l\u00e1sku k tanci s na\u0161\u00edm \u201eTrilem baletky na m\u00edru\u201c, personalizovan\u00fdm mistrovsk\u00fdm d\u00edlem, kter\u00e9 zachycuje eleganci baletu. S vyu\u017eit\u00edm va\u0161\u00ed fotografie jako inspirace vytv\u00e1\u0159\u00edme podmaniv\u00e9 vektorov\u00e9 portr\u00e9tn\u00ed um\u011bn\u00ed, kter\u00e9 v\u00e1s prom\u011bn\u00ed v p\u016fvabnou baletku. Toto tri\u010dko na m\u00edru nen\u00ed jen oble\u010den\u00ed; je to um\u011bleck\u00e9 vyj\u00e1d\u0159en\u00ed va\u0161\u00ed v\u00e1\u0161n\u011b pro tanec, co\u017e z n\u011bj \u010din\u00ed perfektn\u00ed d\u00e1rek pro ty, kte\u0159\u00ed si cen\u00ed um\u011bn\u00ed pohybu. Na\u0161i zku\u0161en\u00ed \u0159emesln\u00edci vyu\u017e\u00edvaj\u00ed tv\u016fr\u010d\u00ed s\u00edlu Adobe Illustratoru a Adobe Photoshopu k pe\u010dliv\u00e9mu navrhov\u00e1n\u00ed um\u011bn\u00ed, kter\u00e9 zt\u011bles\u0148uje kr\u00e1su baletu. D\u00edky nejmodern\u011bj\u0161\u00edmu DTG tisku zaji\u0161\u0165ujeme, \u017ee kone\u010dn\u00fd produkt se py\u0161n\u00ed vysoce kvalitn\u00ed vektorovou grafikou a zachov\u00e1v\u00e1 slo\u017eit\u00e9 detaily va\u0161\u00ed osobnosti inspirovan\u00e9 baletem. Toto tri\u010dko je k dispozici v unisex designu vhodn\u00e9m pro dosp\u011bl\u00e9, ml\u00e1de\u017e, d\u011bti i batolata a oslov\u00ed tane\u010dn\u00ed nad\u0161ence v\u0161ech v\u011bkov\u00fdch kategori\u00ed. Prozkoumejte sv\u011bt personalizovan\u00e9ho vyj\u00e1d\u0159en\u00ed s na\u0161\u00ed kolekc\u00ed tri\u010dek inspirovan\u00fdch tancem. Uka\u017ete svou l\u00e1sku k baletu designem, kter\u00fd v\u00e1s prom\u011bn\u00ed v p\u016fvabnou tane\u010dnici. Objevte \u0159adu podobn\u00fdch podmaniv\u00fdch design\u016f, ka\u017ed\u00fd s mo\u017enost\u00ed \u00fapravy portr\u00e9ty lid\u00ed a dom\u00e1c\u00edch mazl\u00ed\u010dk\u016f. Vytvo\u0159te si chv\u00edle um\u011bn\u00ed a spojen\u00ed s v\u00e1mi s d\u00e1rkem, kter\u00fd oslavuje radost a kr\u00e1su tance a poskytuje nositeln\u00fd suven\u00fdr, kter\u00fd rezonuje s duchem tane\u010dn\u00edka ve v\u00e1s.<\/p>","protected":false},"excerpt":{"rendered":"<p>Zdobte jakoukoli fotografii do vlastn\u00ed baletky. Personalizovan\u00e9 baletn\u00ed tane\u010dn\u00ed tri\u010dko vytv\u00e1\u0159\u00ed jedine\u010dn\u00e9 tri\u010dko inspirovan\u00e9 tancem.<\/p>","protected":false},"featured_media":142524,"comment_status":"open","ping_status":"closed","template":"","meta":{"_acf_changed":false},"product_brand":[],"product_cat":[6191,262,263,6412,6428,6354],"product_tag":[6433,265,238,1106,803,112],"class_list":{"0":"post-20435","1":"product","2":"type-product","3":"status-publish","4":"has-post-thumbnail","6":"product_cat-t-shirts-women","7":"product_cat-custom-gifts-ballet-dancer","8":"product_cat-dance","9":"product_cat-photo-to-tees","10":"product_cat-translate-products","11":"product_cat-womens-profession-t-shirts","12":"product_tag-ai-artwork","13":"product_tag-dance","14":"product_tag-profession","15":"product_tag-retirement","16":"product_tag-wedding_gift","17":"product_tag-women","19":"first","20":"instock","21":"taxable","22":"shipping-taxable","23":"purchasable","24":"product-type-simple"},"acf":[],"wcpa_form_fields":null,"_links":{"self":[{"href":"https:\/\/www.customywear.com\/cs\/wp-json\/wp\/v2\/product\/20435","targetHints":{"allow":["GET"]}}],"collection":[{"href":"https:\/\/www.customywear.com\/cs\/wp-json\/wp\/v2\/product"}],"about":[{"href":"https:\/\/www.customywear.com\/cs\/wp-json\/wp\/v2\/types\/product"}],"replies":[{"embeddable":true,"href":"https:\/\/www.customywear.com\/cs\/wp-json\/wp\/v2\/comments?post=20435"}],"wp:featuredmedia":[{"embeddable":true,"href":"https:\/\/www.customywear.com\/cs\/wp-json\/wp\/v2\/media\/142524"}],"wp:attachment":[{"href":"https:\/\/www.customywear.com\/cs\/wp-json\/wp\/v2\/media?parent=20435"}],"wp:term":[{"taxonomy":"product_brand","embeddable":true,"href":"https:\/\/www.customywear.com\/cs\/wp-json\/wp\/v2\/product_brand?post=20435"},{"taxonomy":"product_cat","embeddable":true,"href":"https:\/\/www.customywear.com\/cs\/wp-json\/wp\/v2\/product_cat?post=20435"},{"taxonomy":"product_tag","embeddable":true,"href":"https:\/\/www.customywear.com\/cs\/wp-json\/wp\/v2\/product_tag?post=20435"}],"curies":[{"name":"wp","href":"https:\/\/api.w.org\/{rel}","templated":true}]}}