{"id":20444,"date":"2023-07-28T13:35:33","date_gmt":"2023-07-28T13:35:33","guid":{"rendered":"https:\/\/www.customywear.com\/?post_type=product&#038;p=20444"},"modified":"2026-05-13T19:50:37","modified_gmt":"2026-05-13T19:50:37","slug":"vlastni-bbq-parove-kosile","status":"publish","type":"product","link":"https:\/\/www.customywear.com\/cs\/custom-bbq-couples-shirts\/","title":{"rendered":"Vlastn\u00ed BBQ P\u00e1ry Ko\u0161ile | P\u0159\u00edtel, T\u00e1ta, Man\u017eel BBQ D\u00e1rky"},"content":{"rendered":"<p>Za\u017eehn\u011bte plameny soun\u00e1le\u017eitosti s na\u0161imi \u201eTri\u010dky pro p\u00e1ry s grilov\u00e1n\u00edm na m\u00edru\u201c, personalizovanou \u00f3dou na spole\u010dn\u00e1 outdoorov\u00e1 dobrodru\u017estv\u00ed. Na\u0161i \u0159emesln\u00edci s vyu\u017eit\u00edm va\u0161ich fotografi\u00ed jako inspirace vytv\u00e1\u0159ej\u00ed poutav\u00e9 vektorov\u00e9 portr\u00e9ty, kter\u00e9 zobrazuj\u00ed v\u00e1s a va\u0161eho partnera, jak se snoub\u00edte u grilu. Toto tri\u010dko na m\u00edru nen\u00ed jen oble\u010den\u00ed; je to zt\u011blesn\u011bn\u00ed va\u0161ich spole\u010dn\u00fdch zvl\u00e1\u0161tn\u00edch okam\u017eik\u016f, co\u017e z n\u011bj \u010din\u00ed ide\u00e1ln\u00ed personalizovan\u00fd d\u00e1rek pro ty, kte\u0159\u00ed si cen\u00ed outdoorov\u00fdch aktivit a va\u0159en\u00ed. Vyu\u017e\u00edv\u00e1me um\u011bleck\u00e9 dovednosti Adobe Illustratoru a Adobe Photoshopu a pe\u010dliv\u011b vytv\u00e1\u0159\u00edme n\u00e1vrhy, kter\u00e9 v\u00e1s a va\u0161eho partnera uk\u00e1\u017eou ve va\u0161em \u017eivlu, jak grilujete po bou\u0159i. D\u00edky pokro\u010dil\u00e9mu DTG tisku zaji\u0161\u0165ujeme, \u017ee kone\u010dn\u00fd produkt se py\u0161n\u00ed vysoce kvalitn\u00ed vektorovou grafikou, kter\u00e1 zachycuje ka\u017ed\u00fd detail va\u0161eho personalizovan\u00e9ho z\u00e1\u017eitku z grilov\u00e1n\u00ed. Toto unisex tri\u010dko, kter\u00e9 je k dispozici s kr\u00e1tk\u00fdm i dlouh\u00fdm ruk\u00e1vem, je vhodn\u00e9 pro dosp\u011bl\u00e9, ml\u00e1de\u017e, d\u011bti i batolata a zaji\u0161\u0165uje, \u017ee si ho u\u017eij\u00ed milovn\u00edci outdoorov\u00fdch aktivit v\u0161ech v\u011bkov\u00fdch kategori\u00ed. Oslavte radost ze spole\u010dn\u00e9ho va\u0159en\u00ed venku s na\u0161\u00ed \u0159adou personalizovan\u00fdch v\u00fdraz\u016f. Zv\u011b\u010dn\u011bte sv\u00e9 grilovac\u00ed eskap\u00e1dy designem, kter\u00fd zt\u011bles\u0148uje ducha kamar\u00e1dstv\u00ed a kulin\u00e1\u0159sk\u00e9ho pot\u011b\u0161en\u00ed. Objevte nep\u0159ebern\u00e9 mno\u017estv\u00ed design\u016f, z nich\u017e ka\u017ed\u00fd si m\u016f\u017eete p\u0159izp\u016fsobit portr\u00e9ty lid\u00ed i dom\u00e1c\u00edch mazl\u00ed\u010dk\u016f, a zachytit tak ka\u017ed\u00fd aspekt va\u0161\u00ed cesty. Darujte suven\u00fdr, kter\u00fd odr\u00e1\u017e\u00ed va\u0161i v\u00e1\u0161e\u0148 pro grilov\u00e1n\u00ed, a stane se tak perfektn\u00ed volbou pro v\u00e1s nebo pro milovn\u00edky outdoorov\u00fdch aktivit ve va\u0161em \u017eivot\u011b.<\/p>","protected":false},"excerpt":{"rendered":"<p>Zapalte z\u00e1bavu vlastn\u00edmi BBQ ko\u0161ilemi pro p\u00e1ry. Tyto BBQ d\u00e1rky, ide\u00e1ln\u00ed pro p\u0159\u00edtele, nevlastn\u00ed tat\u00ednky a man\u017eely, prom\u011bn\u00ed jakoukoli fotografii v jedine\u010dn\u00e9 tri\u010dko.<\/p>","protected":false},"featured_media":143759,"comment_status":"open","ping_status":"closed","template":"","meta":{"_acf_changed":false},"product_brand":[],"product_cat":[6197,6369,291,6412,6428,58],"product_tag":[6440,6439,293,193,561,298,357],"class_list":{"0":"post-20444","1":"product","2":"type-product","3":"status-publish","4":"has-post-thumbnail","6":"product_cat-t-shirts-couple","7":"product_cat-couples-summer-t-shirts","8":"product_cat-custom-gifts-bbq","9":"product_cat-photo-to-tees","10":"product_cat-translate-products","11":"product_cat-youth-kids","12":"product_tag-ai-artwork-couple","13":"product_tag-ai-kids-artwork","14":"product_tag-bbq-tees","15":"product_tag-boyfriend_gift","16":"product_tag-camping_shirt","17":"product_tag-outdoor_shirt","18":"product_tag-vacation_shirt","20":"first","21":"instock","22":"taxable","23":"shipping-taxable","24":"purchasable","25":"product-type-simple"},"acf":[],"wcpa_form_fields":null,"_links":{"self":[{"href":"https:\/\/www.customywear.com\/cs\/wp-json\/wp\/v2\/product\/20444","targetHints":{"allow":["GET"]}}],"collection":[{"href":"https:\/\/www.customywear.com\/cs\/wp-json\/wp\/v2\/product"}],"about":[{"href":"https:\/\/www.customywear.com\/cs\/wp-json\/wp\/v2\/types\/product"}],"replies":[{"embeddable":true,"href":"https:\/\/www.customywear.com\/cs\/wp-json\/wp\/v2\/comments?post=20444"}],"wp:featuredmedia":[{"embeddable":true,"href":"https:\/\/www.customywear.com\/cs\/wp-json\/wp\/v2\/media\/143759"}],"wp:attachment":[{"href":"https:\/\/www.customywear.com\/cs\/wp-json\/wp\/v2\/media?parent=20444"}],"wp:term":[{"taxonomy":"product_brand","embeddable":true,"href":"https:\/\/www.customywear.com\/cs\/wp-json\/wp\/v2\/product_brand?post=20444"},{"taxonomy":"product_cat","embeddable":true,"href":"https:\/\/www.customywear.com\/cs\/wp-json\/wp\/v2\/product_cat?post=20444"},{"taxonomy":"product_tag","embeddable":true,"href":"https:\/\/www.customywear.com\/cs\/wp-json\/wp\/v2\/product_tag?post=20444"}],"curies":[{"name":"wp","href":"https:\/\/api.w.org\/{rel}","templated":true}]}}