{"id":20465,"date":"2023-07-28T13:35:53","date_gmt":"2023-07-28T13:35:53","guid":{"rendered":"https:\/\/www.customywear.com\/?post_type=product&#038;p=20465"},"modified":"2026-05-05T20:24:12","modified_gmt":"2026-05-05T20:24:12","slug":"boxerske-tricko-na-zakazku","status":"publish","type":"product","link":"https:\/\/www.customywear.com\/cs\/custom-boxer-photo-t-shirt\/","title":{"rendered":"Tri\u010dko s boxerskou fotografi\u00ed na m\u00edru \u2013 personalizovan\u00e9 boxersk\u00e9 tri\u010dko pro mu\u017ee"},"content":{"rendered":"<p>Vstupte do ringu personalizace s na\u0161\u00edm exkluzivn\u00edm boxersk\u00fdm tri\u010dkem na m\u00edru, kter\u00e9 je odborn\u011b vyrobeno tak, aby prom\u011bnilo va\u0161i fotografii v sn\u00edmek zku\u0161en\u00e9ho boxera v rukavic\u00edch. Toto personalizovan\u00e9 tri\u010dko s fotografi\u00ed je perfektn\u00ed volbou pro nad\u0161ence boxu a fitness, p\u0159edstavuje bezprobl\u00e9movou kombinaci sportu a stylu, kter\u00e1 dod\u00e1 va\u0161emu \u0161atn\u00edku punc jedine\u010dnosti.<\/p>\n<p>Na\u0161e personalizovan\u00e9 tri\u010dko, navr\u017een\u00e9 tak, aby oslovilo jednotlivce v\u0161ech v\u011bkov\u00fdch kategori\u00ed, v\u010detn\u011b dosp\u011bl\u00fdch, ml\u00e1de\u017ee, d\u011bt\u00ed i batolat, zt\u011bles\u0148uje dynamiku sv\u011bta boxu. S vyu\u017eit\u00edm um\u011bleck\u00e9ho um\u011bn\u00ed program\u016f Adobe Illustrator a Adobe Photoshop vytvo\u0159\u00edme z va\u0161\u00ed fotografie poutavou vektorovou ilustraci, kter\u00e1 je pomoc\u00ed DTG tisku slo\u017eit\u011b vetk\u00e1na do l\u00e1tky va\u0161eho tri\u010dka. Ka\u017ed\u00fd detail o\u017e\u00edv\u00e1 a nab\u00edz\u00ed vizu\u00e1ln\u00ed brilantnost i pohodl\u00ed.<\/p>\n<p>Popus\u0165te uzdu sv\u00e9 individualit\u011b s na\u0161\u00edm v\u0161estrann\u00fdm unisex designem, kter\u00fd se p\u0159izp\u016fsob\u00ed va\u0161\u00ed vizi, a\u0165 u\u017e se jedn\u00e1 o v\u00e1\u0161 vlastn\u00ed portr\u00e9t nebo roztomilou tv\u00e1\u0159 va\u0161eho milovan\u00e9ho mazl\u00ed\u010dka. Pono\u0159te se do \u0159\u00ed\u0161e, kde se m\u00f3da prol\u00edn\u00e1 se sebevyj\u00e1d\u0159en\u00edm, kde ka\u017ed\u00e9 tri\u010dko vypr\u00e1v\u00ed jedine\u010dn\u00fd p\u0159\u00edb\u011bh. Objevte \u0159adu stejn\u011b podmaniv\u00fdch design\u016f, kter\u00e9 odr\u00e1\u017eej\u00ed va\u0161i oddanost personalizovan\u00e9mu um\u011bn\u00ed a inovac\u00edm. Pozdvihn\u011bte sv\u016fj \u0161atn\u00edk kouskem, kter\u00fd nen\u00ed jen oble\u010den\u00edm, ale zt\u011blesn\u011bn\u00edm va\u0161\u00ed identity.<\/p>","protected":false},"excerpt":{"rendered":"<p>Vstupte do ringu s vlastn\u00edm fotografick\u00fdm tri\u010dkem Boxer. Personalizovan\u00e1 tri\u010dka pro hr\u00e1\u010de boxu prom\u011bn\u00ed jakoukoli fotografii v odv\u00e1\u017en\u00e9, jedine\u010dn\u00e9 tri\u010dko pro mu\u017ee.<\/p>","protected":false},"featured_media":143268,"comment_status":"open","ping_status":"closed","template":"","meta":{"_acf_changed":false},"product_brand":[],"product_cat":[6195,526,186,6339,6412,219,310,6428],"product_tag":[6433,6217,6165,546,6216,238,326],"class_list":{"0":"post-20465","1":"product","2":"type-product","3":"status-publish","4":"has-post-thumbnail","6":"product_cat-t-shirts-men","7":"product_cat-gym-shirts","8":"product_cat-men","9":"product_cat-mens-sports-t-shirts","10":"product_cat-photo-to-tees","11":"product_cat-profession","12":"product_cat-sports-shirts","13":"product_cat-translate-products","14":"product_tag-ai-artwork","15":"product_tag-custom-t-shirt","16":"product_tag-custom-gym-tees","17":"product_tag-gym","18":"product_tag-mens-custom-t-shirts","19":"product_tag-profession","20":"product_tag-sports","22":"first","23":"instock","24":"taxable","25":"shipping-taxable","26":"purchasable","27":"product-type-simple"},"acf":[],"wcpa_form_fields":null,"_links":{"self":[{"href":"https:\/\/www.customywear.com\/cs\/wp-json\/wp\/v2\/product\/20465","targetHints":{"allow":["GET"]}}],"collection":[{"href":"https:\/\/www.customywear.com\/cs\/wp-json\/wp\/v2\/product"}],"about":[{"href":"https:\/\/www.customywear.com\/cs\/wp-json\/wp\/v2\/types\/product"}],"replies":[{"embeddable":true,"href":"https:\/\/www.customywear.com\/cs\/wp-json\/wp\/v2\/comments?post=20465"}],"wp:featuredmedia":[{"embeddable":true,"href":"https:\/\/www.customywear.com\/cs\/wp-json\/wp\/v2\/media\/143268"}],"wp:attachment":[{"href":"https:\/\/www.customywear.com\/cs\/wp-json\/wp\/v2\/media?parent=20465"}],"wp:term":[{"taxonomy":"product_brand","embeddable":true,"href":"https:\/\/www.customywear.com\/cs\/wp-json\/wp\/v2\/product_brand?post=20465"},{"taxonomy":"product_cat","embeddable":true,"href":"https:\/\/www.customywear.com\/cs\/wp-json\/wp\/v2\/product_cat?post=20465"},{"taxonomy":"product_tag","embeddable":true,"href":"https:\/\/www.customywear.com\/cs\/wp-json\/wp\/v2\/product_tag?post=20465"}],"curies":[{"name":"wp","href":"https:\/\/api.w.org\/{rel}","templated":true}]}}