{"id":20485,"date":"2023-07-28T13:36:13","date_gmt":"2023-07-28T13:36:13","guid":{"rendered":"https:\/\/www.customywear.com\/?post_type=product&#038;p=20485"},"modified":"2026-05-05T20:24:12","modified_gmt":"2026-05-05T20:24:12","slug":"personalizovane-muz-jeskynni-clovek-tricko","status":"publish","type":"product","link":"https:\/\/www.customywear.com\/cs\/custom-caveman-shirt-for-men\/","title":{"rendered":"Prom\u011b\u0148te svou fotografii v p\u00e1nsk\u00e9 tri\u010dko s motivem jeskynn\u00edho mu\u017ee \u2013 personalizovan\u00e9 tri\u010dko"},"content":{"rendered":"<p>Vkro\u010dte do \u00e9ry sm\u00edchu a jedine\u010dnosti s na\u0161\u00edm <em>Prom\u011b\u0148te svou fotografii na p\u00e1nskou ko\u0161ili Caveman na m\u00edru<\/em>Na\u0161e kreativn\u00ed alchymie prom\u011bn\u00ed va\u0161i fotografii v podmaniv\u00fd vektorov\u00fd portr\u00e9t a p\u0159enese v\u00e1s do role jeskynn\u00edho mu\u017ee s humorn\u00fdm n\u00e1dechem. Toto personalizovan\u00e9 tri\u010dko nen\u00ed jen kus oble\u010den\u00ed \u2013 je zt\u011blesn\u011bn\u00edm z\u00e1bavy a individuality, co\u017e z n\u011bj \u010din\u00ed perfektn\u00ed d\u00e1rek pro v\u00e1s nebo va\u0161e bl\u00edzk\u00e9. Za\u017eehn\u011bte svou fantazii a spoj\u00edme technologii a kreativitu, abychom vdechli \u017eivot va\u0161\u00ed vizi. D\u00edky um\u011bleck\u00e9mu um\u011bn\u00ed v Adobe Illustratoru a Adobe Photoshopu vytv\u00e1\u0159\u00edme slo\u017eit\u00e9 n\u00e1vrhy, kter\u00e9 evokuj\u00ed ducha \u00e9ry jeskynn\u00edho \u010dlov\u011bka. Pomoc\u00ed nejmodern\u011bj\u0161\u00ed technologie tisku DTG je zachycen ka\u017ed\u00fd detail vysoce kvalitn\u00ed vektorov\u00e9 grafiky, co\u017e zaji\u0161\u0165uje, \u017ee va\u0161e tri\u010dko na m\u00edru je mistrovsk\u00fdm d\u00edlem \u0159emesln\u00e9ho zpracov\u00e1n\u00ed. Tento unisex design, dostupn\u00fd pro dosp\u011bl\u00e9, ml\u00e1de\u017e, d\u011bti i batolata, spojuje generace sv\u00fdm \u0161armem. Oslavte nad\u010dasovou podstatu kamar\u00e1dstv\u00ed prost\u0159ednictv\u00edm m\u00f3dy. Na\u0161e <em>Prom\u011b\u0148te svou fotografii na p\u00e1nskou ko\u0161ili Caveman na m\u00edru<\/em> Zveme v\u00e1s, abyste v sob\u011b hrav\u00fdm a bezstarostn\u00fdm zp\u016fsobem p\u0159ijali sv\u00e9ho vnit\u0159n\u00edho jeskynn\u00edho mu\u017ee. Ka\u017ed\u00fd tah designu promlouv\u00e1 k mlad\u00fdm i k mlad\u00fdm v srdci a zachov\u00e1v\u00e1 jedine\u010dnost ka\u017ed\u00e9 osobnosti. Od d\u011btsk\u00e9ho sm\u00edchu a\u017e po stylov\u00e9 preference dosp\u011bl\u00fdch, toto personalizovan\u00e9 tri\u010dko je pl\u00e1tnem pro sebevyj\u00e1d\u0159en\u00ed, kter\u00e9 p\u0159ekra\u010duje generace. Dop\u0159ejte si cestu kreativity a radosti a s hrdost\u00ed si p\u0159ineste sv\u016fj p\u0159\u00edb\u011bh. Za\u017eijte vzru\u0161en\u00ed z transformace a individuality s na\u0161\u00edm... <em>P\u00e1nsk\u00e9 tri\u010dko Caveman na zak\u00e1zku<\/em>Toto personalizovan\u00e9 tri\u010dko v\u00e1s vezme na cestu do minulosti, kde se humor setk\u00e1v\u00e1 s histori\u00ed a kde pouto sd\u00edlen\u00e9ho sm\u00edchu p\u0159esahuje v\u011bk. Nen\u00ed to jen tri\u010dko; je to symbol sebevyj\u00e1d\u0159en\u00ed, kter\u00fd oslovuje v\u0161echny, od batolat a\u017e po dosp\u011bl\u00e9, a p\u0159ipom\u00edn\u00e1 n\u00e1m, \u017ee i v modern\u00ed dob\u011b duch jeskynn\u00edho \u010dlov\u011bka \u017eije d\u00e1l.<\/p>","protected":false},"excerpt":{"rendered":"<p>O\u017eivte historii vlastn\u00ed ko\u0161il\u00ed Caveman pro mu\u017ee. Personalizovan\u00e9 tri\u010dko prom\u011bn\u00ed jakoukoli fotografii v jedine\u010dn\u00e9 tri\u010dko inspirovan\u00e9 prastarou.<\/p>","protected":false},"featured_media":142595,"comment_status":"open","ping_status":"closed","template":"","meta":{"_acf_changed":false},"product_brand":[],"product_cat":[6195,6157,6156,691,186,6412,6428],"product_tag":[6433,561,6216,6219,6220],"class_list":{"0":"post-20485","1":"product","2":"type-product","3":"status-publish","4":"has-post-thumbnail","6":"product_cat-t-shirts-men","7":"product_cat-country","8":"product_cat-culture","9":"product_cat-custom-gifts-caveman","10":"product_cat-men","11":"product_cat-photo-to-tees","12":"product_cat-translate-products","13":"product_tag-ai-artwork","14":"product_tag-camping_shirt","15":"product_tag-mens-custom-t-shirts","16":"product_tag-order-custom-shirts","17":"product_tag-t-shirt-printing-near-me","19":"first","20":"instock","21":"taxable","22":"shipping-taxable","23":"purchasable","24":"product-type-simple"},"acf":[],"wcpa_form_fields":null,"_links":{"self":[{"href":"https:\/\/www.customywear.com\/cs\/wp-json\/wp\/v2\/product\/20485","targetHints":{"allow":["GET"]}}],"collection":[{"href":"https:\/\/www.customywear.com\/cs\/wp-json\/wp\/v2\/product"}],"about":[{"href":"https:\/\/www.customywear.com\/cs\/wp-json\/wp\/v2\/types\/product"}],"replies":[{"embeddable":true,"href":"https:\/\/www.customywear.com\/cs\/wp-json\/wp\/v2\/comments?post=20485"}],"wp:featuredmedia":[{"embeddable":true,"href":"https:\/\/www.customywear.com\/cs\/wp-json\/wp\/v2\/media\/142595"}],"wp:attachment":[{"href":"https:\/\/www.customywear.com\/cs\/wp-json\/wp\/v2\/media?parent=20485"}],"wp:term":[{"taxonomy":"product_brand","embeddable":true,"href":"https:\/\/www.customywear.com\/cs\/wp-json\/wp\/v2\/product_brand?post=20485"},{"taxonomy":"product_cat","embeddable":true,"href":"https:\/\/www.customywear.com\/cs\/wp-json\/wp\/v2\/product_cat?post=20485"},{"taxonomy":"product_tag","embeddable":true,"href":"https:\/\/www.customywear.com\/cs\/wp-json\/wp\/v2\/product_tag?post=20485"}],"curies":[{"name":"wp","href":"https:\/\/api.w.org\/{rel}","templated":true}]}}