{"id":20496,"date":"2023-07-28T13:36:31","date_gmt":"2023-07-28T13:36:31","guid":{"rendered":"https:\/\/www.customywear.com\/?post_type=product&#038;p=20496"},"modified":"2026-05-07T15:29:56","modified_gmt":"2026-05-07T15:29:56","slug":"zakazkova-cinska-divka-kosile-pro-mladez-darek","status":"publish","type":"product","link":"https:\/\/www.customywear.com\/cs\/custom-chinese-girl-shirt-youngsters-gift\/","title":{"rendered":"\u010c\u00ednsk\u00e1 d\u00edv\u010d\u00ed ko\u0161ile na zak\u00e1zku | Personalizovan\u00fd d\u00e1rek pro mlad\u00e9"},"content":{"rendered":"<p>Pozvedn\u011bte styl sv\u00e9ho d\u00edt\u011bte s na\u0161\u00edm \u201etri\u010dkem pro \u010d\u00ednskou d\u00edvku na m\u00edru\u201c, harmonickou sm\u011bsic\u00ed kultury a personalizace, navr\u017een\u00fdm pro pot\u011b\u0161en\u00ed mal\u00fdch d\u011bt\u00ed. Sta\u0148te se sv\u011bdky kouzeln\u00e9 fotografie va\u0161\u00ed ratolesti, kter\u00e1 je pe\u010dliv\u011b p\u0159em\u011bn\u011bna na podmaniv\u00fd vektorov\u00fd portr\u00e9t, zobrazuj\u00edc\u00ed ji v okouzluj\u00edc\u00edm tradi\u010dn\u00edm \u010d\u00ednsk\u00e9m od\u011bvu. Toto tri\u010dko na m\u00edru nen\u00ed jen oble\u010den\u00ed; je to pl\u00e1tno pro kreativitu a srde\u010dn\u00fd d\u00e1rek, kter\u00fd vzbuzuje radost v srdc\u00edch d\u011bt\u00ed i rodi\u010d\u016f. Na\u0161e tri\u010dka s kr\u00e1tk\u00fdm i dlouh\u00fdm ruk\u00e1vem, navr\u017een\u00e1 s ohledem na vitalitu ml\u00e1d\u00ed, bez n\u00e1mahy spojuj\u00ed d\u011bdictv\u00ed a sou\u010dasnou estetiku. Na\u0161i zku\u0161en\u00ed design\u00e9\u0159i pou\u017e\u00edvaj\u00ed Adobe Illustrator a Adobe Photoshop, aby vdechli \u017eivot ka\u017ed\u00e9mu n\u00e1vrhu a vytvo\u0159ili propracovan\u00e9 vizu\u00e1ly, kter\u00e9 rezonuj\u00ed s d\u011btmi i dosp\u011bl\u00fdmi. D\u00edky nejmodern\u011bj\u0161\u00ed technologii tisku DTG zaji\u0161\u0165ujeme dlouhou \u017eivotnost va\u0161eho personalizovan\u00e9ho mistrovsk\u00e9ho d\u00edla, kter\u00e9 je p\u0159izp\u016fsobeno pro pohodl\u00ed unisex a je k dispozici pro v\u0161echny v\u011bkov\u00e9 skupiny \u2013 od batolat a\u017e po dosp\u011bl\u00e9. Vyu\u017eijte s\u00edlu unisex m\u00f3dy, kter\u00e1 propojuje generace. Vydejte se na cestu personalizace za\u010dlen\u011bn\u00edm tv\u00e1\u0159e va\u0161eho d\u00edt\u011bte do designu, mo\u017en\u00e1 i va\u0161ich milovan\u00fdch mazl\u00ed\u010dk\u016f. Tato tri\u010dka jsou v\u00edc ne\u017e jen od\u011bvy; Jsou to \u017eivouc\u00ed vzpom\u00ednky, zachycuj\u00edc\u00ed rozmarnost a nevinnost d\u011btstv\u00ed. Vychutnejte si preciznost na\u0161\u00ed vysoce kvalitn\u00ed vektorov\u00e9 grafiky, kter\u00e1 mistrn\u011b zachycuje ducha tradice a individuality. Pozdvihn\u011bte \u0161atn\u00edk sv\u00e9ho d\u00edt\u011bte touto d\u00edv\u010d\u00ed \u010d\u00ednskou ko\u0161il\u00ed na m\u00edru \u2013 kde se kultura, personalizace a mladistv\u00e1 nad\u0161en\u00ed snoub\u00ed a tvo\u0159\u00ed nositeln\u00e9 mistrovsk\u00e9 d\u00edlo, kter\u00e9 rezonuje s rodinou i z\u00e1bavou.<\/p>","protected":false},"excerpt":{"rendered":"<p>Delight youngsters with a Custom Chinese Girl Shirt. The Personalized Youngster&#8217;s Gift Tee turns any photo into a fun, one-of-a-kind t-shirt.<\/p>","protected":false},"featured_media":142637,"comment_status":"open","ping_status":"closed","template":"","meta":{"_acf_changed":false},"product_brand":[],"product_cat":[6193,703,6412,6428],"product_tag":[6433,6439,65,156],"class_list":{"0":"post-20496","1":"product","2":"type-product","3":"status-publish","4":"has-post-thumbnail","6":"product_cat-girls-t-shirts","7":"product_cat-custom-gifts-chinese-tradition","8":"product_cat-photo-to-tees","9":"product_cat-translate-products","10":"product_tag-ai-artwork","11":"product_tag-ai-kids-artwork","12":"product_tag-kid","13":"product_tag-youth-girl","15":"first","16":"instock","17":"taxable","18":"shipping-taxable","19":"purchasable","20":"product-type-simple"},"acf":[],"wcpa_form_fields":null,"_links":{"self":[{"href":"https:\/\/www.customywear.com\/cs\/wp-json\/wp\/v2\/product\/20496","targetHints":{"allow":["GET"]}}],"collection":[{"href":"https:\/\/www.customywear.com\/cs\/wp-json\/wp\/v2\/product"}],"about":[{"href":"https:\/\/www.customywear.com\/cs\/wp-json\/wp\/v2\/types\/product"}],"replies":[{"embeddable":true,"href":"https:\/\/www.customywear.com\/cs\/wp-json\/wp\/v2\/comments?post=20496"}],"wp:featuredmedia":[{"embeddable":true,"href":"https:\/\/www.customywear.com\/cs\/wp-json\/wp\/v2\/media\/142637"}],"wp:attachment":[{"href":"https:\/\/www.customywear.com\/cs\/wp-json\/wp\/v2\/media?parent=20496"}],"wp:term":[{"taxonomy":"product_brand","embeddable":true,"href":"https:\/\/www.customywear.com\/cs\/wp-json\/wp\/v2\/product_brand?post=20496"},{"taxonomy":"product_cat","embeddable":true,"href":"https:\/\/www.customywear.com\/cs\/wp-json\/wp\/v2\/product_cat?post=20496"},{"taxonomy":"product_tag","embeddable":true,"href":"https:\/\/www.customywear.com\/cs\/wp-json\/wp\/v2\/product_tag?post=20496"}],"curies":[{"name":"wp","href":"https:\/\/api.w.org\/{rel}","templated":true}]}}