{"id":20564,"date":"2023-07-28T13:37:51","date_gmt":"2023-07-28T13:37:51","guid":{"rendered":"https:\/\/www.customywear.com\/?post_type=product&#038;p=20564"},"modified":"2026-05-05T20:23:37","modified_gmt":"2026-05-05T20:23:37","slug":"vlastni-bubenik-foto-tricko","status":"publish","type":"product","link":"https:\/\/www.customywear.com\/cs\/custom-drummer-photo-tshirt\/","title":{"rendered":"Tri\u010dko s fotografi\u00ed buben\u00edka na zak\u00e1zku \u2013 personalizovan\u00fd hudebn\u00ed d\u00e1rek"},"content":{"rendered":"<p>Pozvedn\u011bte sv\u016fj styl s na\u0161\u00edm tri\u010dkem s fotografi\u00ed buben\u00edka na m\u00edru, personalizovan\u00fdm mistrovsk\u00fdm d\u00edlem, kter\u00e9 propoj\u00ed v\u00e1\u0161 obraz s rytmem hudby. Na\u0161i \u0159emesln\u00edci vytv\u00e1\u0159ej\u00ed \u00fa\u017easn\u00e9 vektorov\u00e9 portr\u00e9ty s pou\u017eit\u00edm va\u0161\u00ed fotografie a plynule v\u00e1s prom\u011bn\u00ed v buben\u00edka p\u0159isti\u017een\u00e9ho p\u0159i \u010dinu. Toto hudebn\u00ed tri\u010dko na m\u00edru slou\u017e\u00ed jako ide\u00e1ln\u00ed d\u00e1rek pro nad\u0161ence do bubn\u016f i hudebn\u00ed fanatiky a zachycuje podstatu jejich v\u00e1\u0161n\u011b pro nositeln\u00e9 um\u011bn\u00ed. Na\u0161e unisex tri\u010dka s dlouh\u00fdm i kr\u00e1tk\u00fdm ruk\u00e1vem, vyroben\u00e1 s ohledem na preciznost, jsou navr\u017eena tak, aby poskytovala pohodl\u00ed bez kompromis\u016f ve stylu. Vyu\u017e\u00edv\u00e1n\u00edm s\u00edly program\u016f Adobe Illustrator a Adobe Photoshop vdechujeme va\u0161\u00ed fotografii \u017eivot v \u00fa\u017easn\u00fdch detailech. V\u00fdsledkem je vysoce kvalitn\u00ed vektorov\u00e9 um\u011bn\u00ed, kter\u00e9 si zachov\u00e1v\u00e1 svou brilanci i po na\u0161em \u0161pi\u010dkov\u00e9m tiskov\u00e9m procesu DTG. Na\u0161e kolekce tri\u010dek, kter\u00e1 je k dispozici pro dosp\u011bl\u00e9, ml\u00e1de\u017e, d\u011bti i batolata, v\u00edt\u00e1 v\u0161echny v\u011bkov\u00e9 kategorie, aby p\u0159ijaly rytmus sv\u00e9 jedine\u010dn\u00e9 osobnosti. Pono\u0159te se do sv\u011bta personalizace a p\u0159idejte na na\u0161e designov\u00e9 pl\u00e1tno sv\u00e9 lidsk\u00e9 a zv\u00ed\u0159ec\u00ed tv\u00e1\u0159e. Ka\u017ed\u00e9 tri\u010dko se st\u00e1v\u00e1 pl\u00e1tnem spojen\u00ed, oslavuj\u00edc\u00edm va\u0161i l\u00e1sku k bubn\u016fm a hudb\u011b. S \u0159adou podobn\u00fdch design\u016f na dosah ruky jsou mo\u017enosti nekone\u010dn\u00e9. Objevte harmonii um\u011bn\u00ed a osobn\u00edho vyj\u00e1d\u0159en\u00ed a sd\u00edlejte radost z no\u0161en\u00ed sv\u00fdch v\u00e1\u0161n\u00ed s na\u0161\u00edm tri\u010dkem s fotografi\u00ed buben\u00edka na m\u00edru.<\/p>","protected":false},"excerpt":{"rendered":"<p>Rock Out s vlastn\u00edm fotografick\u00fdm tri\u010dkem Drummer. Personalizovan\u00fd hudebn\u00ed d\u00e1rek prom\u011bn\u00ed jakoukoli fotografii do jedine\u010dn\u00e9ho tri\u010dka s hudebn\u00ed t\u00e9matikou.<\/p>","protected":false},"featured_media":142691,"comment_status":"open","ping_status":"closed","template":"","meta":{"_acf_changed":false},"product_brand":[],"product_cat":[6191,1577,1582,6412,219,1045,6428,75,6353],"product_tag":[6433,1578,1583,1580,238,1106,112],"class_list":{"0":"post-20564","1":"product","2":"type-product","3":"status-publish","4":"has-post-thumbnail","6":"product_cat-t-shirts-women","7":"product_cat-custom-gifts-drummers","8":"product_cat-music","9":"product_cat-photo-to-tees","10":"product_cat-profession","11":"product_cat-retirement","12":"product_cat-translate-products","13":"product_cat-women","14":"product_cat-womens-music-t-shirts","15":"product_tag-ai-artwork","16":"product_tag-gift_for_drummer","17":"product_tag-music","18":"product_tag-music_teacher_shirt","19":"product_tag-profession","20":"product_tag-retirement","21":"product_tag-women","23":"first","24":"instock","25":"taxable","26":"shipping-taxable","27":"purchasable","28":"product-type-simple"},"acf":[],"wcpa_form_fields":null,"_links":{"self":[{"href":"https:\/\/www.customywear.com\/cs\/wp-json\/wp\/v2\/product\/20564","targetHints":{"allow":["GET"]}}],"collection":[{"href":"https:\/\/www.customywear.com\/cs\/wp-json\/wp\/v2\/product"}],"about":[{"href":"https:\/\/www.customywear.com\/cs\/wp-json\/wp\/v2\/types\/product"}],"replies":[{"embeddable":true,"href":"https:\/\/www.customywear.com\/cs\/wp-json\/wp\/v2\/comments?post=20564"}],"wp:featuredmedia":[{"embeddable":true,"href":"https:\/\/www.customywear.com\/cs\/wp-json\/wp\/v2\/media\/142691"}],"wp:attachment":[{"href":"https:\/\/www.customywear.com\/cs\/wp-json\/wp\/v2\/media?parent=20564"}],"wp:term":[{"taxonomy":"product_brand","embeddable":true,"href":"https:\/\/www.customywear.com\/cs\/wp-json\/wp\/v2\/product_brand?post=20564"},{"taxonomy":"product_cat","embeddable":true,"href":"https:\/\/www.customywear.com\/cs\/wp-json\/wp\/v2\/product_cat?post=20564"},{"taxonomy":"product_tag","embeddable":true,"href":"https:\/\/www.customywear.com\/cs\/wp-json\/wp\/v2\/product_tag?post=20564"}],"curies":[{"name":"wp","href":"https:\/\/api.w.org\/{rel}","templated":true}]}}