{"id":20642,"date":"2023-07-28T13:38:54","date_gmt":"2023-07-28T13:38:54","guid":{"rendered":"https:\/\/www.customywear.com\/?post_type=product&#038;p=20642"},"modified":"2026-05-05T20:23:35","modified_gmt":"2026-05-05T20:23:35","slug":"personalizovana-kosile-hasicske-manzelky","status":"publish","type":"product","link":"https:\/\/www.customywear.com\/cs\/personalized-firefighter-wife-shirt\/","title":{"rendered":"Personalizovan\u00e9 tri\u010dko s motivem man\u017eelky hasi\u010de \u2013 Tri\u010dko s motivem man\u017eelky hasi\u010de na m\u00edru"},"content":{"rendered":"<p>Oslavte neochv\u011bjnou s\u00edlu a oddanost man\u017eelek hasi\u010d\u016f s na\u0161\u00edm personalizovan\u00fdm tri\u010dkem s motivem man\u017eelky hasi\u010de, kter\u00e9 je \u00fa\u017easnou poctou tich\u00fdm hrdin\u016fm, kte\u0159\u00ed za nimi stoj\u00ed. D\u00edky um\u011bleck\u00e9mu kouzlu prom\u011bn\u00edme va\u0161i fotografii v podmaniv\u00e9 vektorov\u00e9 portr\u00e9tn\u00ed um\u011bn\u00ed, kter\u00e9 v\u00e1s vykresl\u00ed jako milovanou partnerku neboj\u00e1cn\u00e9ho hasi\u010de. Toto unisexov\u00e9 tri\u010dko s dlouh\u00fdm a kr\u00e1tk\u00fdm ruk\u00e1vem na m\u00edru nen\u00ed jen oble\u010den\u00ed; je to symbol hrdosti a uzn\u00e1n\u00ed, d\u00edky \u010demu\u017e je ide\u00e1ln\u00edm d\u00e1rkem pro man\u017eelky hasi\u010d\u016f, kter\u00fd vyjad\u0159uje vd\u011b\u010dnost nebo obdiv hasi\u010dsk\u00e9 komunit\u011b. S vyu\u017eit\u00edm brilantn\u00edch program\u016f Adobe Illustrator a Adobe Photoshop pe\u010dliv\u011b zpracujeme ka\u017ed\u00fd detail va\u0161\u00ed fotografie a zachyt\u00edme podstatu va\u0161eho ducha a oddanosti. Pomoc\u00ed nejmodern\u011bj\u0161\u00edho DTG tisku bezprobl\u00e9mov\u011b otiskneme tyto n\u00e1dhern\u00e9 vektorov\u00e9 grafiky na l\u00e1tku a vytvo\u0159\u00edme tak okouzluj\u00edc\u00ed mistrovsk\u00e9 d\u00edlo, kter\u00e9 vypov\u00edd\u00e1 za v\u0161e. Toto v\u0161estrann\u00e9 unisex tri\u010dko, kter\u00e9 je k dispozici pro dosp\u011bl\u00e9, ml\u00e1de\u017e, d\u011bti i batolata, zachycuje podstatu l\u00e1sky a podpory sd\u00edlen\u00e9 v hasi\u010dsk\u00e9 rodin\u011b. Oboha\u0165te sv\u00e9 pouto je\u0161t\u011b v\u00edce za\u010dlen\u011bn\u00edm obr\u00e1zk\u016f va\u0161ich milovan\u00fdch mazl\u00ed\u010dk\u016f a pov\u00fd\u0161te tento nositeln\u00fd suven\u00fdr na personalizovan\u00fd symbol va\u0161\u00ed jedine\u010dn\u00e9 cesty. Na\u0161e rozmanit\u00e1 nab\u00eddka podobn\u00fdch design\u016f nab\u00edz\u00ed \u0159adu t\u00e9mat a emoc\u00ed, co\u017e zaji\u0161\u0165uje perfektn\u00ed lad\u011bn\u00ed s p\u0159\u00edb\u011bhem ka\u017ed\u00e9 man\u017eelky hasi\u010de. Personalizovan\u00e9 tri\u010dko s n\u00e1pisem \u201eMan\u017eelka hasi\u010de\u201c je poctou neochv\u011bjn\u00e9 l\u00e1sce, pl\u00e1tnem pro vz\u00e1cn\u00e9 vzpom\u00ednky a trvalou poctou state\u010dnosti hasi\u010d\u016f, to v\u0161e zapouzd\u0159eno v nad\u010dasov\u00e9 \u0159\u00ed\u0161i personalizovan\u00e9ho oble\u010den\u00ed.<\/p>","protected":false},"excerpt":{"rendered":"<p>Oslavte slu\u017ebu s personalizovanou ko\u0161il\u00ed Firefighter Wife. Custom Fireman Wifey Tee prom\u011bn\u00ed jakoukoli fotografii na jedine\u010dn\u00e9, personalizovan\u00e9 tri\u010dko.<\/p>","protected":false},"featured_media":142747,"comment_status":"open","ping_status":"closed","template":"","meta":{"_acf_changed":false},"product_brand":[],"product_cat":[6191,1856,6412,219,1045,6428,75,6354],"product_tag":[6433,1859,352,238,1106,112],"class_list":{"0":"post-20642","1":"product","2":"type-product","3":"status-publish","4":"has-post-thumbnail","6":"product_cat-t-shirts-women","7":"product_cat-custom-gifts-firefighters","8":"product_cat-photo-to-tees","9":"product_cat-profession","10":"product_cat-retirement","11":"product_cat-translate-products","12":"product_cat-women","13":"product_cat-womens-profession-t-shirts","14":"product_tag-ai-artwork","15":"product_tag-firefighter_shirt","16":"product_tag-honeymoon_shirt","17":"product_tag-profession","18":"product_tag-retirement","19":"product_tag-women","21":"first","22":"instock","23":"taxable","24":"shipping-taxable","25":"purchasable","26":"product-type-simple"},"acf":[],"wcpa_form_fields":null,"_links":{"self":[{"href":"https:\/\/www.customywear.com\/cs\/wp-json\/wp\/v2\/product\/20642","targetHints":{"allow":["GET"]}}],"collection":[{"href":"https:\/\/www.customywear.com\/cs\/wp-json\/wp\/v2\/product"}],"about":[{"href":"https:\/\/www.customywear.com\/cs\/wp-json\/wp\/v2\/types\/product"}],"replies":[{"embeddable":true,"href":"https:\/\/www.customywear.com\/cs\/wp-json\/wp\/v2\/comments?post=20642"}],"wp:featuredmedia":[{"embeddable":true,"href":"https:\/\/www.customywear.com\/cs\/wp-json\/wp\/v2\/media\/142747"}],"wp:attachment":[{"href":"https:\/\/www.customywear.com\/cs\/wp-json\/wp\/v2\/media?parent=20642"}],"wp:term":[{"taxonomy":"product_brand","embeddable":true,"href":"https:\/\/www.customywear.com\/cs\/wp-json\/wp\/v2\/product_brand?post=20642"},{"taxonomy":"product_cat","embeddable":true,"href":"https:\/\/www.customywear.com\/cs\/wp-json\/wp\/v2\/product_cat?post=20642"},{"taxonomy":"product_tag","embeddable":true,"href":"https:\/\/www.customywear.com\/cs\/wp-json\/wp\/v2\/product_tag?post=20642"}],"curies":[{"name":"wp","href":"https:\/\/api.w.org\/{rel}","templated":true}]}}