{"id":20646,"date":"2023-07-28T13:38:57","date_gmt":"2023-07-28T13:38:57","guid":{"rendered":"https:\/\/www.customywear.com\/?post_type=product&#038;p=20646"},"modified":"2026-05-07T15:29:56","modified_gmt":"2026-05-07T15:29:56","slug":"personalizovane-hasicske-tricko-pro-mladez","status":"publish","type":"product","link":"https:\/\/www.customywear.com\/cs\/personalized-firefighter-youth-tee\/","title":{"rendered":"Personalizovan\u00e9 tri\u010dko pro ml\u00e1de\u017e hasi\u010d\u016f \u2013 Prom\u011b\u0148te svou fotografii v tri\u010dko s hasi\u010dsk\u00fdm motivem na m\u00edru"},"content":{"rendered":"<p>Pozvedn\u011bte styl sv\u00e9ho mal\u00e9ho hrdiny s na\u0161\u00edm personalizovan\u00fdm tri\u010dkem s motivem hasi\u010de pro ml\u00e1de\u017e, kter\u00e9 je podmanivou sm\u011bsic\u00ed fantazie a um\u011bn\u00ed. Na\u0161i designov\u00ed experti dovedou vytvo\u0159it vysoce kvalitn\u00ed vektorov\u00fd portr\u00e9t s pou\u017eit\u00edm fotografie va\u0161eho d\u00edt\u011bte a bezprobl\u00e9mov\u011b ho prom\u011bn\u00ed v odv\u00e1\u017en\u00e9ho hasi\u010de. Toto tri\u010dko na m\u00edru nejen podn\u00edt\u00ed inspiraci, ale tak\u00e9 oslavuje ducha state\u010dnosti v ml\u00e1d\u00ed. Na\u0161e tri\u010dko s motivem hasi\u010de na m\u00edru, ide\u00e1ln\u00ed pro v\u0161echny v\u011bkov\u00e9 kategorie, od dosp\u011bl\u00fdch a\u017e po batolata, je mistrovsk\u00fdm d\u00edlem zrozen\u00fdm ze synergie znalost\u00ed program\u016f Adobe Illustrator a Adobe Photoshop. V\u00fdsledkem je dynamick\u00e9 um\u011bleck\u00e9 d\u00edlo s potiskem DTG, kter\u00e9 rezonuje \u017eivost\u00ed. Krom\u011b podmaniv\u00e9ho designu nab\u00edz\u00ed na\u0161e tri\u010dko maxim\u00e1ln\u00ed pohodl\u00ed a v\u0161estrannost a je k dispozici v unisex st\u0159ihu. A\u0165 u\u017e je to pro va\u0161i star\u0161\u00ed sestru, mlad\u00e9ho hasi\u010dsk\u00e9ho nad\u0161ence nebo mal\u00e9 batole, toto personalizovan\u00e9 mistrovsk\u00e9 d\u00edlo je smyslupln\u00fdm d\u00e1rkem, kter\u00fd zanech\u00e1 nesmazatelnou stopu. Objevte sv\u011bt, kde fotografie o\u017e\u00edvaj\u00ed jako nositeln\u00e9 um\u011bn\u00ed, a zveme v\u00e1s k prozkoum\u00e1n\u00ed na\u0161\u00ed rozmanit\u00e9 nab\u00eddky design\u016f. Vyberte si z \u0159ady mo\u017enost\u00ed, z nich\u017e ka\u017ed\u00e1 je d\u016fkazem f\u00faze kreativity a \u0159emesln\u00e9ho zpracov\u00e1n\u00ed. Od mal\u00fdch d\u011bt\u00ed a\u017e po dosp\u011bl\u00e9, tato kolekce tri\u010dek na m\u00edru probouz\u00ed pocit jednoty a individuality a podporuje spole\u010dn\u00e9 uzn\u00e1n\u00ed pro osobn\u00ed vyj\u00e1d\u0159en\u00ed. Za\u017eijte radost z darov\u00e1n\u00ed a p\u0159ij\u00edm\u00e1n\u00ed, proto\u017ee ka\u017ed\u00e9 tri\u010dko se st\u00e1v\u00e1 cenn\u00fdm pl\u00e1tnem vzpom\u00ednek, kter\u00e9 slibuje podn\u00edtit konverzace a inspirovat v\u00e1s na mnoho let.<\/p>","protected":false},"excerpt":{"rendered":"<p>Oslavte state\u010dnost s personalizovan\u00fdm tri\u010dkem pro ml\u00e1de\u017e hasi\u010d\u016f. Prom\u011b\u0148te svou fotografii na jedine\u010dn\u00e9 tri\u010dko Fireman na m\u00edru.<\/p>","protected":false},"featured_media":142761,"comment_status":"open","ping_status":"closed","template":"","meta":{"_acf_changed":false},"product_brand":[],"product_cat":[6193,1856,6412,6428,58],"product_tag":[6433,6439,1859],"class_list":{"0":"post-20646","1":"product","2":"type-product","3":"status-publish","4":"has-post-thumbnail","6":"product_cat-girls-t-shirts","7":"product_cat-custom-gifts-firefighters","8":"product_cat-photo-to-tees","9":"product_cat-translate-products","10":"product_cat-youth-kids","11":"product_tag-ai-artwork","12":"product_tag-ai-kids-artwork","13":"product_tag-firefighter_shirt","15":"first","16":"instock","17":"taxable","18":"shipping-taxable","19":"purchasable","20":"product-type-simple"},"acf":[],"wcpa_form_fields":null,"_links":{"self":[{"href":"https:\/\/www.customywear.com\/cs\/wp-json\/wp\/v2\/product\/20646","targetHints":{"allow":["GET"]}}],"collection":[{"href":"https:\/\/www.customywear.com\/cs\/wp-json\/wp\/v2\/product"}],"about":[{"href":"https:\/\/www.customywear.com\/cs\/wp-json\/wp\/v2\/types\/product"}],"replies":[{"embeddable":true,"href":"https:\/\/www.customywear.com\/cs\/wp-json\/wp\/v2\/comments?post=20646"}],"wp:featuredmedia":[{"embeddable":true,"href":"https:\/\/www.customywear.com\/cs\/wp-json\/wp\/v2\/media\/142761"}],"wp:attachment":[{"href":"https:\/\/www.customywear.com\/cs\/wp-json\/wp\/v2\/media?parent=20646"}],"wp:term":[{"taxonomy":"product_brand","embeddable":true,"href":"https:\/\/www.customywear.com\/cs\/wp-json\/wp\/v2\/product_brand?post=20646"},{"taxonomy":"product_cat","embeddable":true,"href":"https:\/\/www.customywear.com\/cs\/wp-json\/wp\/v2\/product_cat?post=20646"},{"taxonomy":"product_tag","embeddable":true,"href":"https:\/\/www.customywear.com\/cs\/wp-json\/wp\/v2\/product_tag?post=20646"}],"curies":[{"name":"wp","href":"https:\/\/api.w.org\/{rel}","templated":true}]}}