{"id":20661,"date":"2023-07-28T13:39:20","date_gmt":"2023-07-28T13:39:20","guid":{"rendered":"https:\/\/www.customywear.com\/?post_type=product&#038;p=20661"},"modified":"2026-05-16T11:12:54","modified_gmt":"2026-05-16T11:12:54","slug":"transformovat-fotografie-golf-vlastni-tricko","status":"publish","type":"product","link":"https:\/\/www.customywear.com\/cs\/transform-photo-golf-custom-tee\/","title":{"rendered":"Prom\u011b\u0148te svou fotografii v golfov\u00e9 mistrovsk\u00e9 d\u00edlo | Tri\u010dko na m\u00edru"},"content":{"rendered":"<p>Pozvedn\u011bte svou golfovou v\u00e1\u0161e\u0148 s na\u0161\u00edm <strong>Prom\u011b\u0148te svou fotografii v golfov\u00e9 mistrovsk\u00e9 d\u00edlo - tri\u010dko na m\u00edru<\/strong>Pono\u0159te se do sv\u011bta golfu a my dovedn\u011b prom\u011bn\u00edme va\u0161i drahocennou fotografii v podmaniv\u00fd vektorov\u00fd portr\u00e9t. P\u0159edstavte si sami sebe na bujn\u00e9 zeleni golfov\u00e9ho h\u0159i\u0161t\u011b, jak se \u0161vih\u00e1te pro perfektn\u00ed \u00fader. Toto personalizovan\u00e9 tri\u010dko je v\u00edc ne\u017e jen oble\u010den\u00ed; je to um\u011bleck\u00e9 d\u00edlo, kter\u00e9 zachycuje va\u0161i l\u00e1sku ke h\u0159e. Na\u0161i zku\u0161en\u00ed \u0159emesln\u00edci vyu\u017e\u00edvaj\u00ed s\u00edlu program\u016f Adobe Illustrator a Adobe Photoshop k precizn\u00edmu vytvo\u0159en\u00ed ka\u017ed\u00e9ho n\u00e1vrhu. V\u00fdsledkem je vysoce kvalitn\u00ed vektorov\u00e1 grafika, kter\u00e1 \u017eiv\u011b vdechne \u017eivot va\u0161emu golfov\u00e9mu okam\u017eiku. D\u00edky na\u0161emu pokro\u010dil\u00e9mu tiskov\u00e9mu procesu DTG z\u016fst\u00e1vaj\u00ed barvy z\u00e1\u0159iv\u00e9 a zaji\u0161\u0165uj\u00ed trval\u00fd dojem. Na\u0161e tri\u010dka, kter\u00e1 jsou k dispozici v unisex stylech p\u0159izp\u016fsoben\u00fdch pro dosp\u011bl\u00e9, ml\u00e1de\u017e, d\u011bti a dokonce i batolata, uspokoj\u00ed golfov\u00e9 nad\u0161ence v\u0161ech v\u011bkov\u00fdch kategori\u00ed. P\u0159ekvapte dal\u0161\u00edho milovn\u00edka golfu nebo si dop\u0159ejte nostalgick\u00fd d\u00e1rek. Toto tri\u010dko na m\u00edru je ide\u00e1ln\u00edm d\u00e1rkem pro zvl\u00e1\u0161tn\u00ed p\u0159\u00edle\u017eitosti nebo jako projev uzn\u00e1n\u00ed. Personalizujte design je\u0161t\u011b v\u00edce t\u00edm, \u017ee do n\u011bj vlo\u017e\u00edte nejen sv\u016fj obli\u010dej, ale i obli\u010dej sv\u00e9ho chlupat\u00e9ho kamar\u00e1da, \u010d\u00edm\u017e se stane cennou pam\u00e1tkou na va\u0161e jedine\u010dn\u00e9 pouto. Prozkoumejte na\u0161i kolekci podobn\u00fdch design\u016f a nechte sv\u00e9 vzpom\u00ednky odp\u00e1lit stylov\u011b.<\/p>","protected":false},"excerpt":{"rendered":"<p>Klepn\u011bte na green s Transform Your Photo v golfov\u00e9 mistrovsk\u00e9 tri\u010dko. Prom\u011b\u0148te jakoukoli fotografii v jedine\u010dn\u00e9 personalizovan\u00e9 tri\u010dko s golfovou t\u00e9matikou.<\/p>","protected":false},"featured_media":142768,"comment_status":"open","ping_status":"closed","template":"","meta":{"_acf_changed":false},"product_brand":[],"product_cat":[6195,933,186,6412,310,6428],"product_tag":[6433,934,937,938,2075,6216,1039,105,6442],"class_list":{"0":"post-20661","1":"product","2":"type-product","3":"status-publish","4":"has-post-thumbnail","6":"product_cat-t-shirts-men","7":"product_cat-custom-gifts-golf-players","8":"product_cat-men","9":"product_cat-photo-to-tees","10":"product_cat-sports-shirts","11":"product_cat-translate-products","12":"product_tag-ai-artwork","13":"product_tag-birthday_shirt","14":"product_tag-golf","15":"product_tag-golf_gifts","16":"product_tag-golf_shirt","17":"product_tag-mens-custom-t-shirts","18":"product_tag-retirement_gift","19":"product_tag-summer_shirt","20":"product_tag-top-artwork","22":"first","23":"instock","24":"taxable","25":"shipping-taxable","26":"purchasable","27":"product-type-simple"},"acf":[],"wcpa_form_fields":null,"_links":{"self":[{"href":"https:\/\/www.customywear.com\/cs\/wp-json\/wp\/v2\/product\/20661","targetHints":{"allow":["GET"]}}],"collection":[{"href":"https:\/\/www.customywear.com\/cs\/wp-json\/wp\/v2\/product"}],"about":[{"href":"https:\/\/www.customywear.com\/cs\/wp-json\/wp\/v2\/types\/product"}],"replies":[{"embeddable":true,"href":"https:\/\/www.customywear.com\/cs\/wp-json\/wp\/v2\/comments?post=20661"}],"wp:featuredmedia":[{"embeddable":true,"href":"https:\/\/www.customywear.com\/cs\/wp-json\/wp\/v2\/media\/142768"}],"wp:attachment":[{"href":"https:\/\/www.customywear.com\/cs\/wp-json\/wp\/v2\/media?parent=20661"}],"wp:term":[{"taxonomy":"product_brand","embeddable":true,"href":"https:\/\/www.customywear.com\/cs\/wp-json\/wp\/v2\/product_brand?post=20661"},{"taxonomy":"product_cat","embeddable":true,"href":"https:\/\/www.customywear.com\/cs\/wp-json\/wp\/v2\/product_cat?post=20661"},{"taxonomy":"product_tag","embeddable":true,"href":"https:\/\/www.customywear.com\/cs\/wp-json\/wp\/v2\/product_tag?post=20661"}],"curies":[{"name":"wp","href":"https:\/\/api.w.org\/{rel}","templated":true}]}}