{"id":20679,"date":"2023-07-28T13:39:32","date_gmt":"2023-07-28T13:39:32","guid":{"rendered":"https:\/\/www.customywear.com\/?post_type=product&#038;p=20679"},"modified":"2026-05-05T20:24:11","modified_gmt":"2026-05-05T20:24:11","slug":"personalizovane-gymnasticke-kosile-vintage-muscle","status":"publish","type":"product","link":"https:\/\/www.customywear.com\/cs\/personalized-gym-shirts-vintage-muscle\/","title":{"rendered":"Personalizovan\u00e1 tri\u010dka do posilovny \u2013 Vintage tri\u010dko na cvi\u010den\u00ed sval\u016f s va\u0161\u00ed fotografi\u00ed"},"content":{"rendered":"<p>Pozdvihn\u011bte sv\u016fj sportovn\u00ed outfit s na\u0161imi personalizovan\u00fdmi tri\u010dky do posilovny, kter\u00e9 jsou bezprobl\u00e9mov\u00fdm spojen\u00edm vintage estetiky a personalizovan\u00e9ho stylu. S va\u0161\u00ed fotografi\u00ed jako inspirac\u00ed vytv\u00e1\u0159\u00edme dynamick\u00fd vektorov\u00fd portr\u00e9t, kter\u00fd v\u00e1s prom\u011bn\u00ed ve svalnatou ikonu a uk\u00e1\u017ee va\u0161i oddanost cvi\u010den\u00ed s \u010dinkami. Toto tri\u010dko s vlastn\u00ed fotografi\u00ed je poctou nad\u0161enc\u016fm do kulturistiky a posilovny, a je proto ide\u00e1ln\u00edm spole\u010dn\u00edkem na cvi\u010den\u00ed a promy\u0161len\u00fdm d\u00e1rkem pro ty, kte\u0159\u00ed oce\u0148uj\u00ed um\u011bn\u00ed fitness.<\/p>\n<p>Vyu\u017e\u00edv\u00e1me kreativn\u00ed s\u00edlu program\u016f Adobe Illustrator a Adobe Photoshop a pe\u010dliv\u011b navrhujeme vysoce kvalitn\u00ed vektorovou grafiku, kter\u00e1 zachycuje podstatu vintage inspirace svaly. Na\u0161e pokro\u010dil\u00e1 technika tisku DTG zaji\u0161\u0165uje trvanliv\u00e9 a z\u00e1\u0159iv\u00e9 designy na unisex tri\u010dk\u00e1ch s dlouh\u00fdm i kr\u00e1tk\u00fdm ruk\u00e1vem, kter\u00e9 uspokoj\u00ed dosp\u011bl\u00e9, ml\u00e1de\u017e, d\u011bti i batolata. Vychutnejte si \u0159\u00ed\u0161i personalizace a vdechn\u011bte ka\u017ed\u00e9mu designu kouzlo lidsk\u00fdch a zv\u00ed\u0159ec\u00edch tv\u00e1\u0159\u00ed a vytvo\u0159te tak jedine\u010dn\u00fd a inspirativn\u00ed fitness dojem.<\/p>\n<p>Za\u017eijte harmonickou sm\u011bs vintage \u0161armu a modern\u00edho personalizace s na\u0161\u00ed rozmanitou \u0159adou design\u016f s posilovnou, z nich\u017e ka\u017ed\u00fd sv\u011bd\u010d\u00ed o va\u0161em odhodl\u00e1n\u00ed k fitness cest\u011b. Tato personalizovan\u00e1 sportovn\u00ed tri\u010dka jdou nad r\u00e1mec b\u011b\u017en\u00e9ho oble\u010den\u00ed, slou\u017e\u00ed jako pl\u00e1tno pro va\u0161i v\u00e1\u0161e\u0148 pro fitness a motivuj\u00ed ostatn\u00ed k tomu, aby se vydali na vlastn\u00ed cestu za wellness. A\u0165 u\u017e cvi\u010d\u00edte, chod\u00edte do posilovny nebo hled\u00e1te outdoorov\u00e1 dobrodru\u017estv\u00ed, nechte sv\u00e9 personalizovan\u00e9 sportovn\u00ed tri\u010dko odrazem va\u0161eho z\u00e1vazku ke zdrav\u00ed a noste nositeln\u00e9 um\u011bn\u00ed, kter\u00e9 vypr\u00e1v\u00ed v\u00e1\u0161 jedine\u010dn\u00fd fitness p\u0159\u00edb\u011bh.<\/p>","protected":false},"excerpt":{"rendered":"<p>Oslavte vintage s\u00edlu s personalizovan\u00fdmi ko\u0161ilemi do t\u011blocvi\u010dny. Svalov\u00e1 tri\u010dka prom\u011bn\u00ed jakoukoli fotografii v odv\u00e1\u017en\u00e9 tri\u010dko inspirovan\u00e9 retro.<\/p>","protected":false},"featured_media":143247,"comment_status":"open","ping_status":"closed","template":"","meta":{"_acf_changed":false},"product_brand":[],"product_cat":[6195,526,186,6337,6412,6428],"product_tag":[6433,6217,6165,546,6216],"class_list":{"0":"post-20679","1":"product","2":"type-product","3":"status-publish","4":"has-post-thumbnail","6":"product_cat-t-shirts-men","7":"product_cat-gym-shirts","8":"product_cat-men","9":"product_cat-mens-gym-t-shirts","10":"product_cat-photo-to-tees","11":"product_cat-translate-products","12":"product_tag-ai-artwork","13":"product_tag-custom-t-shirt","14":"product_tag-custom-gym-tees","15":"product_tag-gym","16":"product_tag-mens-custom-t-shirts","18":"first","19":"instock","20":"taxable","21":"shipping-taxable","22":"purchasable","23":"product-type-simple"},"acf":[],"wcpa_form_fields":null,"_links":{"self":[{"href":"https:\/\/www.customywear.com\/cs\/wp-json\/wp\/v2\/product\/20679","targetHints":{"allow":["GET"]}}],"collection":[{"href":"https:\/\/www.customywear.com\/cs\/wp-json\/wp\/v2\/product"}],"about":[{"href":"https:\/\/www.customywear.com\/cs\/wp-json\/wp\/v2\/types\/product"}],"replies":[{"embeddable":true,"href":"https:\/\/www.customywear.com\/cs\/wp-json\/wp\/v2\/comments?post=20679"}],"wp:featuredmedia":[{"embeddable":true,"href":"https:\/\/www.customywear.com\/cs\/wp-json\/wp\/v2\/media\/143247"}],"wp:attachment":[{"href":"https:\/\/www.customywear.com\/cs\/wp-json\/wp\/v2\/media?parent=20679"}],"wp:term":[{"taxonomy":"product_brand","embeddable":true,"href":"https:\/\/www.customywear.com\/cs\/wp-json\/wp\/v2\/product_brand?post=20679"},{"taxonomy":"product_cat","embeddable":true,"href":"https:\/\/www.customywear.com\/cs\/wp-json\/wp\/v2\/product_cat?post=20679"},{"taxonomy":"product_tag","embeddable":true,"href":"https:\/\/www.customywear.com\/cs\/wp-json\/wp\/v2\/product_tag?post=20679"}],"curies":[{"name":"wp","href":"https:\/\/api.w.org\/{rel}","templated":true}]}}