{"id":20690,"date":"2023-07-28T13:39:39","date_gmt":"2023-07-28T13:39:39","guid":{"rendered":"https:\/\/www.customywear.com\/?post_type=product&#038;p=20690"},"modified":"2026-05-16T13:07:48","modified_gmt":"2026-05-16T13:07:48","slug":"cestovni-tricko-s-indickymi-saty-na-zakazku","status":"publish","type":"product","link":"https:\/\/www.customywear.com\/cs\/custom-indian-dress-travel-t-shirt\/","title":{"rendered":"Custom Indian Saree T-Shirt for women &#8211; India Taj mahal travel tee"},"content":{"rendered":"<p>Pono\u0159te se do bohat\u00e9 tapiserie indick\u00e9 kultury s na\u0161\u00edm okouzluj\u00edc\u00edm tri\u010dkem s tradi\u010dn\u00edmi indick\u00fdmi \u0161aty na m\u00edru. D\u00edky na\u0161im zku\u0161en\u00fdm \u0159emesln\u00edk\u016fm a pr\u00e9miov\u00e9 vektorov\u00e9 grafice se va\u0161e fotografie prom\u011bn\u00ed v n\u00e1dhern\u00fd portr\u00e9t v\u00e1s samotn\u00fdch v tradi\u010dn\u00edm indick\u00e9m od\u011bvu. Toto tri\u010dko na m\u00edru slou\u017e\u00ed jako nad\u010dasov\u00fd d\u00e1rek pro milovn\u00edky cestov\u00e1n\u00ed a zt\u011bles\u0148uje podstatu indick\u00e9ho d\u011bdictv\u00ed v nositeln\u00e9m mistrovsk\u00e9m d\u00edle. Na\u0161e vektorov\u00e9 grafiky, pe\u010dliv\u011b vytvo\u0159en\u00e9 v programech Adobe Illustrator a Adobe Photoshop, zachycuj\u00ed slo\u017eit\u00e9 detaily tradi\u010dn\u00edho indick\u00e9ho oble\u010den\u00ed a oslavuj\u00ed jeho eleganci a kr\u00e1su. A\u0165 u\u017e se rozhodnete pro tri\u010dko s kr\u00e1tk\u00fdm nebo dlouh\u00fdm ruk\u00e1vem, tento unisex z\u00e1zrak uspokoj\u00ed v\u0161echny v\u011bkov\u00e9 kategorie \u2013 dosp\u011bl\u00e9, ml\u00e1de\u017e, d\u011bti i batolata. Nen\u00ed to jen tri\u010dko; je to zt\u011blesn\u011bn\u00ed va\u0161eho ocen\u011bn\u00ed kulturn\u00edho objevov\u00e1n\u00ed a glob\u00e1ln\u00edch z\u00e1\u017eitk\u016f. Vneste svou individualitu za\u010dlen\u011bn\u00edm r\u016fzn\u00fdch lidsk\u00fdch a zv\u00ed\u0159ec\u00edch tv\u00e1\u0159\u00ed do tohoto designu. Na\u0161e \u0161pi\u010dkov\u00e1 technologie tisku DTG zaji\u0161\u0165uje z\u00e1\u0159iv\u00e9 barvy a trvalou kvalitu. Toto personalizovan\u00e9 tri\u010dko se st\u00e1v\u00e1 nejen pouh\u00fdm kusem oble\u010den\u00ed, ale i pl\u00e1tnem pro va\u0161e cestovn\u00ed vzpom\u00ednky a dobrodru\u017estv\u00ed. Noste okouzluj\u00edc\u00ed kouzlo Indie s hrdost\u00ed a prozkoumejte \u0159\u00ed\u0161i podobn\u00fdch design\u016f, kter\u00e9 vzd\u00e1vaj\u00ed hold rozmanit\u00fdm kultur\u00e1m. Pozvedn\u011bte sv\u016fj \u0161atn\u00edk tri\u010dkem, kter\u00e9 zachycuje kouzlo va\u0161ich cest a je d\u016fkazem va\u0161eho kulturn\u00edho uzn\u00e1n\u00ed.<\/p>","protected":false},"excerpt":{"rendered":"<p>Oslavte kulturu vlastn\u00edm tradi\u010dn\u00edm indick\u00fdm tri\u010dkem. Personalizovan\u00e9 fotografick\u00e9 tri\u010dko pro cestovatele prom\u011bn\u00ed jakoukoli fotografii na jedine\u010dn\u00e9 kulturn\u00ed tri\u010dko.<\/p>","protected":false},"featured_media":142871,"comment_status":"open","ping_status":"closed","template":"","meta":{"_acf_changed":false},"product_brand":[],"product_cat":[6191,6264,6412,6428,6355],"product_tag":[6433,2309,2314,70,209],"class_list":{"0":"post-20690","1":"product","2":"type-product","3":"status-publish","4":"has-post-thumbnail","6":"product_cat-t-shirts-women","7":"product_cat-custom-gifts-indian-culture","8":"product_cat-photo-to-tees","9":"product_cat-translate-products","10":"product_cat-womens-culture-country-t-shirts","11":"product_tag-ai-artwork","12":"product_tag-diwali_gift","13":"product_tag-indian_wedding","14":"product_tag-travel_gift","15":"product_tag-travel_lover_gift","17":"first","18":"instock","19":"taxable","20":"shipping-taxable","21":"purchasable","22":"product-type-simple"},"acf":[],"wcpa_form_fields":null,"_links":{"self":[{"href":"https:\/\/www.customywear.com\/cs\/wp-json\/wp\/v2\/product\/20690","targetHints":{"allow":["GET"]}}],"collection":[{"href":"https:\/\/www.customywear.com\/cs\/wp-json\/wp\/v2\/product"}],"about":[{"href":"https:\/\/www.customywear.com\/cs\/wp-json\/wp\/v2\/types\/product"}],"replies":[{"embeddable":true,"href":"https:\/\/www.customywear.com\/cs\/wp-json\/wp\/v2\/comments?post=20690"}],"wp:featuredmedia":[{"embeddable":true,"href":"https:\/\/www.customywear.com\/cs\/wp-json\/wp\/v2\/media\/142871"}],"wp:attachment":[{"href":"https:\/\/www.customywear.com\/cs\/wp-json\/wp\/v2\/media?parent=20690"}],"wp:term":[{"taxonomy":"product_brand","embeddable":true,"href":"https:\/\/www.customywear.com\/cs\/wp-json\/wp\/v2\/product_brand?post=20690"},{"taxonomy":"product_cat","embeddable":true,"href":"https:\/\/www.customywear.com\/cs\/wp-json\/wp\/v2\/product_cat?post=20690"},{"taxonomy":"product_tag","embeddable":true,"href":"https:\/\/www.customywear.com\/cs\/wp-json\/wp\/v2\/product_tag?post=20690"}],"curies":[{"name":"wp","href":"https:\/\/api.w.org\/{rel}","templated":true}]}}