{"id":20691,"date":"2023-07-28T13:39:40","date_gmt":"2023-07-28T13:39:40","guid":{"rendered":"https:\/\/www.customywear.com\/?post_type=product&#038;p=20691"},"modified":"2026-05-05T20:24:11","modified_gmt":"2026-05-05T20:24:11","slug":"vlastni-tradicni-indicke-saty-tricko","status":"publish","type":"product","link":"https:\/\/www.customywear.com\/cs\/custom-traditional-indian-dress-t-shirt\/","title":{"rendered":"Custom Taj Mahal travel T-Shirt &#8211; Personalized India traveller t-shirts"},"content":{"rendered":"<p>Vydejte se na kulturn\u00ed cestu s na\u0161\u00edm podmaniv\u00fdm tri\u010dkem s tradi\u010dn\u00edmi indick\u00fdmi \u0161aty na m\u00edru. D\u00edky na\u0161emu odborn\u00e9mu um\u011bn\u00ed a pr\u00e9miov\u00e9mu vektorov\u00e9mu designu bude va\u0161e fotografie bezprobl\u00e9mov\u011b za\u010dlen\u011bna do n\u00e1dhern\u00e9ho zobrazen\u00ed v\u00e1s od\u011bn\u00fdch v eleganci tradi\u010dn\u00edho indick\u00e9ho od\u011bvu. Toto tri\u010dko na m\u00edru oslavuje kr\u00e1su indick\u00e9ho um\u011bn\u00ed a slou\u017e\u00ed jako ide\u00e1ln\u00ed d\u00e1rek pro v\u00e1\u0161niv\u00e9 cestovatele. Na\u0161i zku\u0161en\u00ed \u0159emesln\u00edci pou\u017e\u00edvaj\u00ed Adobe Illustrator a Adobe Photoshop k vytvo\u0159en\u00ed \u017eiv\u00e9ho a realistick\u00e9ho vektorov\u00e9ho portr\u00e9tu, kter\u00fd zachycuje ka\u017ed\u00fd detail tradi\u010dn\u00edho indick\u00e9ho od\u011bvu. A\u0165 u\u017e se rozhodnete pro tri\u010dko s kr\u00e1tk\u00fdm nebo dlouh\u00fdm ruk\u00e1vem, toto unisex mistrovsk\u00e9 d\u00edlo oslov\u00ed v\u0161echny v\u011bkov\u00e9 skupiny \u2013 dosp\u011bl\u00e9, ml\u00e1de\u017e, d\u011bti i batolata. Nen\u00ed to jen pouh\u00e9 tri\u010dko, je to nositeln\u00e9 pl\u00e1tno, kter\u00e9 zt\u011bles\u0148uje va\u0161i l\u00e1sku ke kulturn\u00edmu objevov\u00e1n\u00ed a glob\u00e1ln\u00edm z\u00e1\u017eitk\u016fm. Povy\u0161te svou hru na tri\u010dku personalizac\u00ed tohoto designu s rozmanit\u00fdmi lidsk\u00fdmi a zv\u00ed\u0159ec\u00edmi tv\u00e1\u0159emi. Na\u0161e nejmodern\u011bj\u0161\u00ed technologie tisku DTG zaji\u0161\u0165uje \u017eiv\u00e9 barvy a trvalou kvalitu. Pono\u0159te se do kouzla indick\u00e9ho d\u011bdictv\u00ed a hrd\u011b p\u0159edve\u010fte sv\u00e9 spojen\u00ed s jeho um\u011bn\u00edm a tradicemi. Prozkoumejte \u0159adu podobn\u00fdch design\u016f, kter\u00e9 vzd\u00e1vaj\u00ed hold r\u016fzn\u00fdm kultur\u00e1m a v\u00e1\u0161n\u00edm. Nechte sv\u016fj \u0161atn\u00edk prozradit va\u0161i l\u00e1sku k cestov\u00e1n\u00ed a uzn\u00e1n\u00ed za glob\u00e1ln\u00ed rozmanitost s t\u00edmto personalizovan\u00fdm tri\u010dkem, kter\u00e9 zt\u011bles\u0148uje ducha bohat\u00e9 indick\u00e9 kultury.<\/p>","protected":false},"excerpt":{"rendered":"<p>Oslavte kulturu vlastn\u00edm tradi\u010dn\u00edm indick\u00fdm tri\u010dkem. Personalizovan\u00e9 fotografick\u00e9 tri\u010dko pro cestovatele prom\u011bn\u00ed jakoukoli fotografii v jedine\u010dn\u00e9 tri\u010dko inspirovan\u00e9 kulturou.<\/p>","protected":false},"featured_media":142864,"comment_status":"open","ping_status":"closed","template":"","meta":{"_acf_changed":false},"product_brand":[],"product_cat":[6195,6264,186,6345,6412,6428],"product_tag":[6433,2309,2314,6216,70,209],"class_list":{"0":"post-20691","1":"product","2":"type-product","3":"status-publish","4":"has-post-thumbnail","6":"product_cat-t-shirts-men","7":"product_cat-custom-gifts-indian-culture","8":"product_cat-men","9":"product_cat-mens-country-culture-t-shirts","10":"product_cat-photo-to-tees","11":"product_cat-translate-products","12":"product_tag-ai-artwork","13":"product_tag-diwali_gift","14":"product_tag-indian_wedding","15":"product_tag-mens-custom-t-shirts","16":"product_tag-travel_gift","17":"product_tag-travel_lover_gift","19":"first","20":"instock","21":"taxable","22":"shipping-taxable","23":"purchasable","24":"product-type-simple"},"acf":[],"wcpa_form_fields":null,"_links":{"self":[{"href":"https:\/\/www.customywear.com\/cs\/wp-json\/wp\/v2\/product\/20691","targetHints":{"allow":["GET"]}}],"collection":[{"href":"https:\/\/www.customywear.com\/cs\/wp-json\/wp\/v2\/product"}],"about":[{"href":"https:\/\/www.customywear.com\/cs\/wp-json\/wp\/v2\/types\/product"}],"replies":[{"embeddable":true,"href":"https:\/\/www.customywear.com\/cs\/wp-json\/wp\/v2\/comments?post=20691"}],"wp:featuredmedia":[{"embeddable":true,"href":"https:\/\/www.customywear.com\/cs\/wp-json\/wp\/v2\/media\/142864"}],"wp:attachment":[{"href":"https:\/\/www.customywear.com\/cs\/wp-json\/wp\/v2\/media?parent=20691"}],"wp:term":[{"taxonomy":"product_brand","embeddable":true,"href":"https:\/\/www.customywear.com\/cs\/wp-json\/wp\/v2\/product_brand?post=20691"},{"taxonomy":"product_cat","embeddable":true,"href":"https:\/\/www.customywear.com\/cs\/wp-json\/wp\/v2\/product_cat?post=20691"},{"taxonomy":"product_tag","embeddable":true,"href":"https:\/\/www.customywear.com\/cs\/wp-json\/wp\/v2\/product_tag?post=20691"}],"curies":[{"name":"wp","href":"https:\/\/api.w.org\/{rel}","templated":true}]}}