{"id":20702,"date":"2023-07-28T13:39:49","date_gmt":"2023-07-28T13:39:49","guid":{"rendered":"https:\/\/www.customywear.com\/?post_type=product&#038;p=20702"},"modified":"2026-05-13T19:50:35","modified_gmt":"2026-05-13T19:50:35","slug":"tricko-japonske-par-t-shirt","status":"publish","type":"product","link":"https:\/\/www.customywear.com\/cs\/personalized-japanese-couple-shirts\/","title":{"rendered":"Personalizovan\u00e1 tri\u010dka pro japonsk\u00e9 p\u00e1ry \u2013 tri\u010dka s portr\u00e9tem na m\u00edru k v\u00fdro\u010d\u00ed"},"content":{"rendered":"<p>Posu\u0148te sv\u00e9 d\u00e1rky na vy\u0161\u0161\u00ed \u00farove\u0148 s na\u0161imi n\u00e1dhern\u00fdmi personalizovan\u00fdmi japonsk\u00fdmi tri\u010dky pro p\u00e1ry. Pono\u0159te se do kouzla bohat\u00e9ho japonsk\u00e9ho d\u011bdictv\u00ed a my prom\u011bn\u00edme va\u0161e drahocenn\u00e9 fotografie v podmaniv\u00e9 vektorov\u00e9 portr\u00e9ty. P\u0159edstavte si sebe a sv\u00e9ho partnera v tradi\u010dn\u00edm japonsk\u00e9m od\u011bvu a vytvo\u0159te nad\u010dasov\u00fd kousek, kter\u00fd zachycuje v\u00e1\u0161 milostn\u00fd p\u0159\u00edb\u011bh. Pozoruhodn\u00fd n\u00e1pad na d\u00e1rek k v\u00fdro\u010d\u00ed, kter\u00fd p\u0159eklenuje kultury a p\u0159ekra\u010duje hranice. Na\u0161e pe\u010dliv\u00e9 \u0159emesln\u00e9 zpracov\u00e1n\u00ed zahrnuje vyu\u017eit\u00ed s\u00edly program\u016f Adobe Illustrator a Adobe Photoshop k vytv\u00e1\u0159en\u00ed slo\u017eit\u00fdch design\u016f. Tato personalizovan\u00e1 tri\u010dka se py\u0161n\u00ed bezkonkuren\u010dn\u00ed kvalitou d\u00edky na\u0161\u00ed technologii tisku DTG, kter\u00e1 zaji\u0161\u0165uje \u017eiv\u00fd a dlouhotrvaj\u00edc\u00ed dojem. Vychutnejte si tento unisex z\u00e1zrak, kter\u00fd je k dispozici nejen pro dosp\u011bl\u00e9, ale i pro mlad\u00e9 du\u0161e \u2013 ml\u00e1de\u017e, d\u011bti a batolata. Prozkoumejte nep\u0159ebern\u00e9 mno\u017estv\u00ed podobn\u00fdch design\u016f, kter\u00e9 zt\u011bles\u0148uj\u00ed podstatu rozmanit\u00fdch kultur. Oslavte jednotu v rozmanitosti a prom\u011b\u0148te vz\u00e1cn\u00e9 vzpom\u00ednky v hmatateln\u00e9 s na\u0161imi personalizovan\u00fdmi japonsk\u00fdmi tri\u010dky pro p\u00e1ry. A\u0165 u\u017e jste dosp\u011bl\u00fd nebo mlad\u00fd dobrodruh, na\u0161e tri\u010dka p\u0159ekra\u010duj\u00ed generace a slou\u017e\u00ed jako sv\u011bdectv\u00ed o va\u0161\u00ed spole\u010dn\u00e9 cest\u011b. Va\u017ete si ka\u017ed\u00e9ho \u00fasm\u011bvu, od dosp\u011bl\u00fdch po ty nejmen\u0161\u00ed, proto\u017ee lidsk\u00e9 i zv\u00ed\u0159ec\u00ed tv\u00e1\u0159e mohou zdobit tato pl\u00e1tna vyroben\u00e1 na m\u00edru. Objevte um\u011bn\u00ed personalizovan\u00e9ho d\u00e1rk\u016f, kde jsou va\u0161e okam\u017eiky vetk\u00e1ny do l\u00e1tky a zt\u011bles\u0148uj\u00ed ducha soun\u00e1le\u017eitosti.<\/p>","protected":false},"excerpt":{"rendered":"<p>Cti l\u00e1sku a tradici s personalizovan\u00fdmi japonsk\u00fdmi p\u00e1rov\u00fdmi ko\u0161ilemi. Vlastn\u00ed portr\u00e9tn\u00ed tri\u010dka pro v\u00fdro\u010d\u00ed prom\u011bn\u00ed va\u0161e fotografie v jedine\u010dn\u00e1, odpov\u00eddaj\u00edc\u00ed tri\u010dka.<\/p>","protected":false},"featured_media":143903,"comment_status":"open","ping_status":"closed","template":"","meta":{"_acf_changed":false},"product_brand":[],"product_cat":[6197,6368,2341,6412,6428],"product_tag":[6440,566,2342,555,2345,968],"class_list":{"0":"post-20702","1":"product","2":"type-product","3":"status-publish","4":"has-post-thumbnail","6":"product_cat-t-shirts-couple","7":"product_cat-couples-culture-country-t-shirts","8":"product_cat-custom-gifts-japanese-tradition","9":"product_cat-photo-to-tees","10":"product_cat-translate-products","11":"product_tag-ai-artwork-couple","12":"product_tag-anniversary_gift","13":"product_tag-custom-arts-japanese","14":"product_tag-harajuku_shirt","15":"product_tag-kpop_shirt","16":"product_tag-mr_and_mrs_shirt","18":"first","19":"instock","20":"taxable","21":"shipping-taxable","22":"purchasable","23":"product-type-simple"},"acf":[],"wcpa_form_fields":null,"_links":{"self":[{"href":"https:\/\/www.customywear.com\/cs\/wp-json\/wp\/v2\/product\/20702","targetHints":{"allow":["GET"]}}],"collection":[{"href":"https:\/\/www.customywear.com\/cs\/wp-json\/wp\/v2\/product"}],"about":[{"href":"https:\/\/www.customywear.com\/cs\/wp-json\/wp\/v2\/types\/product"}],"replies":[{"embeddable":true,"href":"https:\/\/www.customywear.com\/cs\/wp-json\/wp\/v2\/comments?post=20702"}],"wp:featuredmedia":[{"embeddable":true,"href":"https:\/\/www.customywear.com\/cs\/wp-json\/wp\/v2\/media\/143903"}],"wp:attachment":[{"href":"https:\/\/www.customywear.com\/cs\/wp-json\/wp\/v2\/media?parent=20702"}],"wp:term":[{"taxonomy":"product_brand","embeddable":true,"href":"https:\/\/www.customywear.com\/cs\/wp-json\/wp\/v2\/product_brand?post=20702"},{"taxonomy":"product_cat","embeddable":true,"href":"https:\/\/www.customywear.com\/cs\/wp-json\/wp\/v2\/product_cat?post=20702"},{"taxonomy":"product_tag","embeddable":true,"href":"https:\/\/www.customywear.com\/cs\/wp-json\/wp\/v2\/product_tag?post=20702"}],"curies":[{"name":"wp","href":"https:\/\/api.w.org\/{rel}","templated":true}]}}