{"id":20708,"date":"2023-07-28T13:39:53","date_gmt":"2023-07-28T13:39:53","guid":{"rendered":"https:\/\/www.customywear.com\/?post_type=product&#038;p=20708"},"modified":"2026-05-05T20:24:11","modified_gmt":"2026-05-05T20:24:11","slug":"zakazkove-japonske-tricko","status":"publish","type":"product","link":"https:\/\/www.customywear.com\/cs\/custom-japanese-man-t-shirt\/","title":{"rendered":"Travel to Japan t-shirt for men &#8211; Personalized Asia Travel Gift"},"content":{"rendered":"<p>Za\u017eijte n\u011bco v\u00fdjime\u010dn\u00e9ho s na\u0161\u00edm jedine\u010dn\u00fdm personalizovan\u00fdm tri\u010dkem s n\u00e1pisem Japonsk\u00fd mu\u017e, kter\u00e9 je pe\u010dliv\u011b vyrobeno tak, aby prom\u011bnilo va\u0161i drahocennou fotografii v \u00fa\u017easn\u00e9 mistrovsk\u00e9 d\u00edlo vektorov\u00e9ho portr\u00e9tu. Pono\u0159te se do kouzla tradi\u010dn\u00edho japonsk\u00e9ho od\u011bvu, zat\u00edmco na\u0161i odborn\u00ed um\u011blci dovedn\u011b spojuj\u00ed modern\u00ed design s nad\u010dasovou eleganc\u00ed. Toto tri\u010dko na m\u00edru nen\u00ed jen oble\u010den\u00ed; je to cesta um\u011bn\u00edm a kulturou, nositeln\u00e1 vzpom\u00ednka, kter\u00e1 oslavuje va\u0161i individualitu i va\u0161e spojen\u00ed s bohat\u00fdm d\u011bdictv\u00edm Japonska. N\u00e1\u0161 designov\u00fd proces, poh\u00e1n\u011bn\u00fd preciznost\u00ed program\u016f Adobe Illustrator a Adobe Photoshop, zaru\u010duje bezkonkuren\u010dn\u00ed \u00farove\u0148 detail\u016f, kter\u00e1 vdechne va\u0161\u00ed vizi \u017eivot. V\u00fdsledek? Vysoce kvalitn\u00ed vektorov\u00e9 um\u011bleck\u00e9 d\u00edlo, kter\u00e9 zachycuje podstatu minulosti a z\u00e1rove\u0148 zahrnuje sou\u010dasnost. A\u0165 u\u017e jste v\u00e1\u0161niv\u00fd cestovatel, kulturn\u00ed nad\u0161enec nebo prost\u011b hled\u00e1te v\u00fdjime\u010dn\u00fd d\u00e1rek, toto personalizovan\u00e9 tri\u010dko s pr\u00e9miovou vektorovou grafikou je perfektn\u00ed volbou. Dop\u0159ejte si v\u0161estrannost tohoto unisex designu, kter\u00fd je k dispozici nejen pro dosp\u011bl\u00e9, ale uspokoj\u00ed i vkus ml\u00e1de\u017ee, d\u011bt\u00ed a batolat. N\u00e1\u0161 z\u00e1vazek k dokonalosti se roz\u0161i\u0159uje i na na\u0161i techniku \u200b\u200bpotisku DTG, kter\u00e1 zaji\u0161\u0165uje \u017eiv\u00e9 a neblednouc\u00ed barvy, je\u017e obstoj\u00ed ve zkou\u0161ce \u010dasu. Odemkn\u011bte potenci\u00e1l dodat v\u00e1m sv\u016fj osobn\u00ed n\u00e1dech za\u010dlen\u011bn\u00edm lidsk\u00fdch a zv\u00ed\u0159ec\u00edch obli\u010dej\u016f a vytvo\u0159te tak skute\u010dn\u011b zak\u00e1zkov\u00e9 um\u011bleck\u00e9 d\u00edlo, kter\u00e9 si m\u016f\u017eete nosit. P\u0159i prozkoum\u00e1v\u00e1n\u00ed t\u00e9to kolekce objev\u00edte nespo\u010det podobn\u00fdch design\u016f, z nich\u017e ka\u017ed\u00fd \u010dek\u00e1 na to, a\u017e bude p\u0159izp\u016fsoben va\u0161emu individu\u00e1ln\u00edmu v\u00fdrazu. P\u0159edefinujte personalizovanou m\u00f3du a s ka\u017ed\u00fdm krokem se pono\u0159te do nov\u00e9 \u00farovn\u011b um\u011bn\u00ed.<\/p>","protected":false},"excerpt":{"rendered":"<p>O\u017eivte vzpom\u00ednky s vlastn\u00edm tri\u010dkem Japonec. Prom\u011b\u0148te svou fotografii na personalizovan\u00e9 cestovn\u00ed d\u00e1rkov\u00e9 tri\u010dko pro jedine\u010dnou pam\u00e1tku.<\/p>","protected":false},"featured_media":142892,"comment_status":"open","ping_status":"closed","template":"","meta":{"_acf_changed":false},"product_brand":[],"product_cat":[6195,2341,186,6345,6412,6428],"product_tag":[6433,193,2342,555,556,2345,6216,209],"class_list":{"0":"post-20708","1":"product","2":"type-product","3":"status-publish","4":"has-post-thumbnail","6":"product_cat-t-shirts-men","7":"product_cat-custom-gifts-japanese-tradition","8":"product_cat-men","9":"product_cat-mens-country-culture-t-shirts","10":"product_cat-photo-to-tees","11":"product_cat-translate-products","12":"product_tag-ai-artwork","13":"product_tag-boyfriend_gift","14":"product_tag-custom-arts-japanese","15":"product_tag-harajuku_shirt","16":"product_tag-japanese_shirt","17":"product_tag-kpop_shirt","18":"product_tag-mens-custom-t-shirts","19":"product_tag-travel_lover_gift","21":"first","22":"instock","23":"taxable","24":"shipping-taxable","25":"purchasable","26":"product-type-simple"},"acf":[],"wcpa_form_fields":null,"_links":{"self":[{"href":"https:\/\/www.customywear.com\/cs\/wp-json\/wp\/v2\/product\/20708","targetHints":{"allow":["GET"]}}],"collection":[{"href":"https:\/\/www.customywear.com\/cs\/wp-json\/wp\/v2\/product"}],"about":[{"href":"https:\/\/www.customywear.com\/cs\/wp-json\/wp\/v2\/types\/product"}],"replies":[{"embeddable":true,"href":"https:\/\/www.customywear.com\/cs\/wp-json\/wp\/v2\/comments?post=20708"}],"wp:featuredmedia":[{"embeddable":true,"href":"https:\/\/www.customywear.com\/cs\/wp-json\/wp\/v2\/media\/142892"}],"wp:attachment":[{"href":"https:\/\/www.customywear.com\/cs\/wp-json\/wp\/v2\/media?parent=20708"}],"wp:term":[{"taxonomy":"product_brand","embeddable":true,"href":"https:\/\/www.customywear.com\/cs\/wp-json\/wp\/v2\/product_brand?post=20708"},{"taxonomy":"product_cat","embeddable":true,"href":"https:\/\/www.customywear.com\/cs\/wp-json\/wp\/v2\/product_cat?post=20708"},{"taxonomy":"product_tag","embeddable":true,"href":"https:\/\/www.customywear.com\/cs\/wp-json\/wp\/v2\/product_tag?post=20708"}],"curies":[{"name":"wp","href":"https:\/\/api.w.org\/{rel}","templated":true}]}}