{"id":20745,"date":"2023-07-28T13:40:31","date_gmt":"2023-07-28T13:40:31","guid":{"rendered":"https:\/\/www.customywear.com\/?post_type=product&#038;p=20745"},"modified":"2026-05-05T20:23:34","modified_gmt":"2026-05-05T20:23:34","slug":"vlastni-darky-s-morskou-pannou","status":"publish","type":"product","link":"https:\/\/www.customywear.com\/cs\/custom-mermaid-photo-shirt-gifts\/","title":{"rendered":"Transformovat Sv\u00e9 Fotografie do Vlastn\u00ed Mal\u00e1 Mo\u0159sk\u00e1 v\u00edla Tee \u2013 Perfektn\u00ed Mo\u0159sk\u00e1 panna D\u00e1rky"},"content":{"rendered":"<p>Pono\u0159te se do sv\u011bta okouzlen\u00ed s na\u0161\u00edm personalizovan\u00fdm tri\u010dkem s motivem mo\u0159sk\u00e9 panny, kde va\u0161e fotografie projde magickou metamorf\u00f3zou do podmaniv\u00e9ho vektorov\u00e9ho portr\u00e9tu. Pono\u0159te sebe nebo sv\u00e9 bl\u00edzk\u00e9 do kouzla hlubin oce\u00e1nu a na\u0161i zku\u0161en\u00ed um\u011blci vytvo\u0159\u00ed jedine\u010dn\u00fd design, kter\u00fd v\u00e1s vykresl\u00ed jako okouzluj\u00edc\u00ed mo\u0159skou pannu. Toto unisexov\u00e9 tri\u010dko s dlouh\u00fdm i kr\u00e1tk\u00fdm ruk\u00e1vem je v\u00edc ne\u017e jen oble\u010den\u00ed; je to um\u011bleck\u00e9 d\u00edlo, kter\u00e9 o\u017eiv\u00ed va\u0161e sny o mo\u0159sk\u00fdch pann\u00e1ch, a je tak ide\u00e1ln\u00edm d\u00e1rkem pro milovn\u00edky mo\u0159sk\u00fdch panen v\u0161ech v\u011bkov\u00fdch kategori\u00ed. N\u00e1\u0161 tv\u016fr\u010d\u00ed proces vyu\u017e\u00edv\u00e1 s\u00edlu program\u016f Adobe Illustrator a Adobe Photoshop a transformuje va\u0161e milovan\u00e9 fotografie do mistrovsk\u00e9ho d\u00edla hodnou hlubin. Pomoc\u00ed \u0161pi\u010dkov\u00e9 technologie tisku DTG zaji\u0161\u0165ujeme, aby se ka\u017ed\u00e9 tri\u010dko py\u0161nilo vysoce kvalitn\u00ed vektorovou grafikou, kter\u00e1 je stejn\u011b \u017eiv\u00e1 jako va\u0161e p\u0159edstavivost. Tato tri\u010dka nejsou omezena v\u011bkem, ale oslovuj\u00ed rozmanit\u00e9 publikum a nab\u00edzej\u00ed velikosti pro dosp\u011bl\u00e9, ml\u00e1de\u017e, d\u011bti a dokonce i pro ty nejmen\u0161\u00ed mo\u0159sk\u00e9 panny \u2013 batolata. Ud\u011blejte rozruch s personalizovan\u00fdm n\u00e1dechem, kter\u00fd spoj\u00ed va\u0161i podobu s mystikou \u0159\u00ed\u0161e mo\u0159sk\u00fdch panen. Probu\u010fte svou vnit\u0159n\u00ed mo\u0159skou sir\u00e9nu a vychutnejte si kr\u00e1su zak\u00e1zkov\u00e9 m\u00f3dy. A\u0165 u\u017e slav\u00edte narozeniny, nebo si jen vychutn\u00e1v\u00e1te svou l\u00e1sku k mo\u0159sk\u00fdm pann\u00e1m, na\u0161e kolekce p\u0159ekypuje podobn\u00fdmi \u00fachvatn\u00fdmi designy, kter\u00e9 \u010dekaj\u00ed na va\u0161e objeven\u00ed. Pozvedn\u011bte sv\u016fj \u0161atn\u00edk a pono\u0159te se do mo\u0159e kreativity s na\u0161imi personalizovan\u00fdmi tri\u010dky s mo\u0159sk\u00fdmi pannami \u2013 pokladnic\u00ed um\u011bn\u00ed a fantazie.<\/p>","protected":false},"excerpt":{"rendered":"<p>Ud\u011blejte vlny pomoc\u00ed vlastn\u00edho tri\u010dka Little Mermaid. Prom\u011b\u0148te svou fotografii v dokonal\u00fd d\u00e1rek pro mo\u0159skou pannu s rozmarn\u00fdm, jedine\u010dn\u00fdm tri\u010dkem.<\/p>","protected":false},"featured_media":142997,"comment_status":"open","ping_status":"closed","template":"","meta":{"_acf_changed":false},"product_brand":[],"product_cat":[6191,1615,6412,6428,6375],"product_tag":[6433,1616,352,1617,1618,2457,112],"class_list":{"0":"post-20745","1":"product","2":"type-product","3":"status-publish","4":"has-post-thumbnail","6":"product_cat-t-shirts-women","7":"product_cat-custom-gifts-mermaid","8":"product_cat-photo-to-tees","9":"product_cat-translate-products","10":"product_cat-womens-animal-t-shirts","11":"product_tag-ai-artwork","12":"product_tag-custom-arts-mermaid","13":"product_tag-honeymoon_shirt","14":"product_tag-mermaid_gifts","15":"product_tag-mermaid_shirt","16":"product_tag-ocean_shirt","17":"product_tag-women","19":"first","20":"instock","21":"taxable","22":"shipping-taxable","23":"purchasable","24":"product-type-simple"},"acf":[],"wcpa_form_fields":null,"_links":{"self":[{"href":"https:\/\/www.customywear.com\/cs\/wp-json\/wp\/v2\/product\/20745","targetHints":{"allow":["GET"]}}],"collection":[{"href":"https:\/\/www.customywear.com\/cs\/wp-json\/wp\/v2\/product"}],"about":[{"href":"https:\/\/www.customywear.com\/cs\/wp-json\/wp\/v2\/types\/product"}],"replies":[{"embeddable":true,"href":"https:\/\/www.customywear.com\/cs\/wp-json\/wp\/v2\/comments?post=20745"}],"wp:featuredmedia":[{"embeddable":true,"href":"https:\/\/www.customywear.com\/cs\/wp-json\/wp\/v2\/media\/142997"}],"wp:attachment":[{"href":"https:\/\/www.customywear.com\/cs\/wp-json\/wp\/v2\/media?parent=20745"}],"wp:term":[{"taxonomy":"product_brand","embeddable":true,"href":"https:\/\/www.customywear.com\/cs\/wp-json\/wp\/v2\/product_brand?post=20745"},{"taxonomy":"product_cat","embeddable":true,"href":"https:\/\/www.customywear.com\/cs\/wp-json\/wp\/v2\/product_cat?post=20745"},{"taxonomy":"product_tag","embeddable":true,"href":"https:\/\/www.customywear.com\/cs\/wp-json\/wp\/v2\/product_tag?post=20745"}],"curies":[{"name":"wp","href":"https:\/\/api.w.org\/{rel}","templated":true}]}}