{"id":20749,"date":"2023-07-28T13:40:36","date_gmt":"2023-07-28T13:40:36","guid":{"rendered":"https:\/\/www.customywear.com\/?post_type=product&#038;p=20749"},"modified":"2026-05-05T20:24:11","modified_gmt":"2026-05-05T20:24:11","slug":"tricko-s-portretem-bubenika-na-zakazku","status":"publish","type":"product","link":"https:\/\/www.customywear.com\/cs\/custom-drummer-portrait-tee\/","title":{"rendered":"Tri\u010dko s portr\u00e9tem buben\u00edka na zak\u00e1zku | Personalizovan\u00e9 tri\u010dko s hudebn\u00edkem"},"content":{"rendered":"<p>Pozvedn\u011bte sv\u016fj styl a uka\u017ete svou v\u00e1\u0161e\u0148 pro hudbu s na\u0161\u00edm n\u00e1dhern\u00fdm tri\u010dkem s portr\u00e9tem buben\u00edka na zak\u00e1zku. Toto unisexov\u00e9 tri\u010dko s dlouh\u00fdm i kr\u00e1tk\u00fdm ruk\u00e1vem, vyroben\u00e9 k dokonalosti, zachycuje podstatu bubnov\u00e1n\u00ed prost\u0159ednictv\u00edm \u00fa\u017easn\u00e9ho vektorov\u00e9ho portr\u00e9tu, to v\u0161e z va\u0161\u00ed milovan\u00e9 fotografie. A\u0165 u\u017e jste zku\u0161en\u00fd hudebn\u00edk, oddan\u00fd u\u010ditel hudby nebo prost\u011b n\u011bkdo, kdo miluje rytmus, toto personalizovan\u00e9 hudebn\u00ed tri\u010dko je skute\u010dn\u00fdm d\u016fkazem va\u0161eho hudebn\u00edho ducha. Za\u017eijte kouzlo personalizovan\u00e9ho designu, kdy\u017e prom\u011bn\u00edme va\u0161i fotografii v \u00fachvatn\u00e9ho buben\u00edka hraj\u00edc\u00edho na bic\u00ed. Toto jedine\u010dn\u00e9 hudebn\u00ed tri\u010dko je dokonal\u00fdm d\u00e1rkem pro nad\u0161ence do bubnov\u00e1n\u00ed v\u0161ech v\u011bkov\u00fdch kategori\u00ed, od dosp\u011bl\u00fdch a ml\u00e1de\u017ee a\u017e po d\u011bti a batolata. P\u0159ijm\u011bte rytmus a groove s designem, kter\u00fd rezonuje s va\u0161\u00ed hudebn\u00ed identitou. Pono\u0159te se do nejjemn\u011bj\u0161\u00edch detail\u016f, kter\u00e9 o\u017e\u00edvaj\u00ed d\u00edky zru\u010dn\u00fdm rukou na\u0161ich design\u00e9r\u016f, kte\u0159\u00ed pou\u017e\u00edvaj\u00ed \u0161pi\u010dkov\u00e9 n\u00e1stroje, jako je Adobe Illustrator a Adobe Photoshop. V\u00fdsledek? Vysoce kvalitn\u00ed mistrovsk\u00e9 d\u00edlo vektorov\u00e9ho um\u011bn\u00ed, kter\u00e9 je stejn\u011b jedine\u010dn\u00e9 jako vy. Toto tri\u010dko na zak\u00e1zku nen\u00ed jen kus oble\u010den\u00ed; Je to pl\u00e1tno pro sebevyj\u00e1d\u0159en\u00ed. D\u00edky mo\u017enosti personalizace s jakoukoli lidskou nebo zv\u00ed\u0159ec\u00ed tv\u00e1\u0159\u00ed si jej m\u016f\u017eete skute\u010dn\u011b p\u0159izp\u016fsobit. Nenechte si uj\u00edt \u0161anci vlastnit nositeln\u00e9 um\u011bleck\u00e9 d\u00edlo, kter\u00e9 dokonale lad\u00ed s va\u0161\u00ed hudebn\u00ed cestou. Prozkoumejte sv\u011bt mo\u017enost\u00ed p\u0159izp\u016fsoben\u00ed je\u0161t\u011b dnes!<\/p>","protected":false},"excerpt":{"rendered":"<p>Rock out s vlastn\u00edm buben\u00edkem na portr\u00e9tu tri\u010dka. Personalizovan\u00e9 hudebn\u00ed tri\u010dko prom\u011bn\u00ed ka\u017edou fotografii v jedine\u010dn\u00e9 tri\u010dko s hudebn\u00ed t\u00e9matikou.<\/p>","protected":false},"featured_media":142684,"comment_status":"open","ping_status":"closed","template":"","meta":{"_acf_changed":false},"product_brand":[],"product_cat":[6195,1577,186,6340,1582,6412,6428],"product_tag":[6433,1578,6216,1583,1580],"class_list":{"0":"post-20749","1":"product","2":"type-product","3":"status-publish","4":"has-post-thumbnail","6":"product_cat-t-shirts-men","7":"product_cat-custom-gifts-drummers","8":"product_cat-men","9":"product_cat-mens-music-t-shirts","10":"product_cat-music","11":"product_cat-photo-to-tees","12":"product_cat-translate-products","13":"product_tag-ai-artwork","14":"product_tag-gift_for_drummer","15":"product_tag-mens-custom-t-shirts","16":"product_tag-music","17":"product_tag-music_teacher_shirt","19":"first","20":"instock","21":"taxable","22":"shipping-taxable","23":"purchasable","24":"product-type-simple"},"acf":[],"wcpa_form_fields":null,"_links":{"self":[{"href":"https:\/\/www.customywear.com\/cs\/wp-json\/wp\/v2\/product\/20749","targetHints":{"allow":["GET"]}}],"collection":[{"href":"https:\/\/www.customywear.com\/cs\/wp-json\/wp\/v2\/product"}],"about":[{"href":"https:\/\/www.customywear.com\/cs\/wp-json\/wp\/v2\/types\/product"}],"replies":[{"embeddable":true,"href":"https:\/\/www.customywear.com\/cs\/wp-json\/wp\/v2\/comments?post=20749"}],"wp:featuredmedia":[{"embeddable":true,"href":"https:\/\/www.customywear.com\/cs\/wp-json\/wp\/v2\/media\/142684"}],"wp:attachment":[{"href":"https:\/\/www.customywear.com\/cs\/wp-json\/wp\/v2\/media?parent=20749"}],"wp:term":[{"taxonomy":"product_brand","embeddable":true,"href":"https:\/\/www.customywear.com\/cs\/wp-json\/wp\/v2\/product_brand?post=20749"},{"taxonomy":"product_cat","embeddable":true,"href":"https:\/\/www.customywear.com\/cs\/wp-json\/wp\/v2\/product_cat?post=20749"},{"taxonomy":"product_tag","embeddable":true,"href":"https:\/\/www.customywear.com\/cs\/wp-json\/wp\/v2\/product_tag?post=20749"}],"curies":[{"name":"wp","href":"https:\/\/api.w.org\/{rel}","templated":true}]}}