{"id":20762,"date":"2023-07-28T13:40:45","date_gmt":"2023-07-28T13:40:45","guid":{"rendered":"https:\/\/www.customywear.com\/?post_type=product&#038;p=20762"},"modified":"2026-05-05T20:24:10","modified_gmt":"2026-05-05T20:24:10","slug":"zakazkova-kosile-morske-panny-pro-nej","status":"publish","type":"product","link":"https:\/\/www.customywear.com\/cs\/custom-mermaid-shirt-for-him\/","title":{"rendered":"Zachy\u0165te svou l\u00e1sku pod vlnami: Tri\u010dko s mo\u0159skou pannou na m\u00edru pro n\u011bj"},"content":{"rendered":"<p>Uvoln\u011bte vlnu romantiky s na\u0161\u00edm <strong>Zachy\u0165te svou l\u00e1sku pod vlnami: Tri\u010dko s mo\u0159skou pannou na m\u00edru pro n\u011bj<\/strong>Pono\u0159te se do sv\u011bta fantazie s na\u0161imi odborn\u00fdmi znalostmi <strong>prom\u011b\u0148te sv\u00e9 fotografie v poutav\u00e9 vektorov\u00e9 portr\u00e9ty<\/strong>, kter\u00e1 zobrazuje v\u00e1s a va\u0161i milovanou osobu jako mo\u0159sk\u00e9 panny tan\u010d\u00edc\u00ed pod hladinou oce\u00e1nu. Toto personalizovan\u00e9 tri\u010dko je srde\u010dn\u00fdm d\u00e1rkem pro milovn\u00edky oce\u00e1nu, kter\u00fd zachycuje podstatu va\u0161eho spojen\u00ed v um\u011bleck\u00e9m detailu. Na\u0161i zku\u0161en\u00ed \u0159emesln\u00edci ovl\u00e1daj\u00ed kouzlo Adobe Illustratoru a Adobe Photoshopu a zaji\u0161\u0165uj\u00ed, aby va\u0161e vize byla pe\u010dliv\u011b vdechnuta \u017eivotu. V\u00fdsledek? A <strong>vysoce kvalitn\u00ed vektorov\u00e1 grafika<\/strong> Mistrovsk\u00e9 d\u00edlo, pe\u010dliv\u011b poti\u0161t\u011bn\u00e9 pomoc\u00ed pokro\u010dil\u00e9 technologie DTG. Tyto z\u00e1\u0159iv\u00e9 a nad\u010dasov\u00e9 barvy odr\u00e1\u017eej\u00ed kr\u00e1su samotn\u00e9ho mo\u0159e. Za\u017eijte kouzlo na\u0161ich unisex tri\u010dek na m\u00edru, kter\u00e1 jsou p\u0159izp\u016fsobena v\u0161em v\u011bkov\u00fdm kategori\u00edm \u2013 od dosp\u011bl\u00fdch a\u017e po batolata. Harmonick\u00e1 sm\u011bs stylu a pohodl\u00ed zaji\u0161\u0165uje perfektn\u00ed st\u0159ih pro ka\u017ed\u00e9ho \u010dlena va\u0161\u00ed rodiny, v\u010detn\u011b va\u0161ich chlupat\u00fdch kamar\u00e1d\u016f. Na\u0161e kolekce nab\u00edz\u00ed \u0159adu podmaniv\u00fdch design\u016f, ka\u017ed\u00fd z nich je vytvo\u0159en se stejn\u00fdm nasazen\u00edm pro kreativitu a preciznost. Pro\u010d si vybrat na\u0161e tri\u010dko s n\u00e1pisem \u201eZachy\u0165te svou l\u00e1sku pod vlnami: Mo\u0159sk\u00e1 panna\u201c na m\u00edru pro n\u011bj? <strong>Personalizovan\u00e1 romance:<\/strong> P\u0159eneste sebe a sv\u00e9ho partnera do podvodn\u00ed \u0159\u00ed\u0161e, v\u00e1\u0161 milostn\u00fd p\u0159\u00edb\u011bh bude vyl\u00ed\u010den jako mo\u0159sk\u00e9 panny a spole\u010dnice pod vlnami. <strong>Um\u011bleck\u00e1 tvorba v nov\u00e9m pojet\u00ed:<\/strong> Na\u0161i \u0159emesln\u00edci vyu\u017e\u00edvaj\u00ed \u0161pi\u010dkov\u00e9 designov\u00e9 n\u00e1stroje k zachycen\u00ed podstaty va\u0161eho spojen\u00ed a vytv\u00e1\u0159ej\u00ed propracovan\u00e9 vysoce kvalitn\u00ed vektorov\u00e9 grafiky. <strong>V\u011b\u010dn\u00e1 vibrace:<\/strong> Tisk DTG zaji\u0161\u0165uje, \u017ee barvy z\u016fstanou \u017eiv\u00e9 a trval\u00e9, a odr\u00e1\u017eej\u00ed tak nad\u010dasov\u00e9 kouzlo oce\u00e1nu. <strong>Nad\u010dasov\u00e1 p\u0159ita\u017elivost:<\/strong> Na\u0161e unisexov\u00e1 tri\u010dka, navr\u017een\u00e1 pro v\u0161echny v\u011bkov\u00e9 kategorie, nab\u00edzej\u00ed bezprobl\u00e9movou kombinaci pohodl\u00ed a stylu a odr\u00e1\u017eej\u00ed tak trval\u00e9 kouzlo l\u00e1sky. <strong>V\u00e1\u017een\u00e9 dluhopisy:<\/strong> Od lidsk\u00fdch vztah\u016f a\u017e po cenn\u00e9 spojen\u00ed s va\u0161imi milovan\u00fdmi mazl\u00ed\u010dky, na\u0161e n\u00e1vrhy zt\u011bles\u0148uj\u00ed to nejd\u016fle\u017eit\u011bj\u0161\u00ed. Dop\u0159ejte si kouzlo personalizovan\u00e9ho um\u011bn\u00ed s na\u0161\u00ed ko\u0161il\u00ed Capture Your Love Under the Waves: Custom Mermaid Shirt for Him. Pozvedn\u011bte sv\u016fj \u0161atn\u00edk okouzlen\u00edm mo\u0159e a oslavte sv\u00e9 spojen\u00ed stylem, kter\u00fd je jedine\u010dn\u00fd. Pono\u0159te se do na\u0161\u00ed podmaniv\u00e9 kolekce a nechte sv\u00e9 oble\u010den\u00ed st\u00e1t se pl\u00e1tnem pro va\u0161e nejhlub\u0161\u00ed emoce. Za\u010dn\u011bte svou personalizovanou cestu je\u0161t\u011b dnes.<\/p>","protected":false},"excerpt":{"rendered":"<p>Zachy\u0165te svou l\u00e1sku pod vlnami s vlastn\u00ed ko\u0161il\u00ed mo\u0159sk\u00e9 panny pro n\u011bj. Personalizovan\u00e1 tri\u010dka prom\u011bn\u00ed jakoukoli fotografii v jedine\u010dnou pam\u00e1tku inspirovanou oce\u00e1nem.<\/p>","protected":false},"featured_media":142990,"comment_status":"open","ping_status":"closed","template":"","meta":{"_acf_changed":false},"product_brand":[],"product_cat":[6195,1615,186,6343,6412,6428],"product_tag":[6433,1616,352,6216,1617,1618,2457],"class_list":{"0":"post-20762","1":"product","2":"type-product","3":"status-publish","4":"has-post-thumbnail","6":"product_cat-t-shirts-men","7":"product_cat-custom-gifts-mermaid","8":"product_cat-men","9":"product_cat-mens-anniversary-t-shirts","10":"product_cat-photo-to-tees","11":"product_cat-translate-products","12":"product_tag-ai-artwork","13":"product_tag-custom-arts-mermaid","14":"product_tag-honeymoon_shirt","15":"product_tag-mens-custom-t-shirts","16":"product_tag-mermaid_gifts","17":"product_tag-mermaid_shirt","18":"product_tag-ocean_shirt","20":"first","21":"instock","22":"taxable","23":"shipping-taxable","24":"purchasable","25":"product-type-simple"},"acf":[],"wcpa_form_fields":null,"_links":{"self":[{"href":"https:\/\/www.customywear.com\/cs\/wp-json\/wp\/v2\/product\/20762","targetHints":{"allow":["GET"]}}],"collection":[{"href":"https:\/\/www.customywear.com\/cs\/wp-json\/wp\/v2\/product"}],"about":[{"href":"https:\/\/www.customywear.com\/cs\/wp-json\/wp\/v2\/types\/product"}],"replies":[{"embeddable":true,"href":"https:\/\/www.customywear.com\/cs\/wp-json\/wp\/v2\/comments?post=20762"}],"wp:featuredmedia":[{"embeddable":true,"href":"https:\/\/www.customywear.com\/cs\/wp-json\/wp\/v2\/media\/142990"}],"wp:attachment":[{"href":"https:\/\/www.customywear.com\/cs\/wp-json\/wp\/v2\/media?parent=20762"}],"wp:term":[{"taxonomy":"product_brand","embeddable":true,"href":"https:\/\/www.customywear.com\/cs\/wp-json\/wp\/v2\/product_brand?post=20762"},{"taxonomy":"product_cat","embeddable":true,"href":"https:\/\/www.customywear.com\/cs\/wp-json\/wp\/v2\/product_cat?post=20762"},{"taxonomy":"product_tag","embeddable":true,"href":"https:\/\/www.customywear.com\/cs\/wp-json\/wp\/v2\/product_tag?post=20762"}],"curies":[{"name":"wp","href":"https:\/\/api.w.org\/{rel}","templated":true}]}}