{"id":20773,"date":"2023-07-28T13:40:53","date_gmt":"2023-07-28T13:40:53","guid":{"rendered":"https:\/\/www.customywear.com\/?post_type=product&#038;p=20773"},"modified":"2026-05-05T20:24:10","modified_gmt":"2026-05-05T20:24:10","slug":"mexicka-kosile-na-miru","status":"publish","type":"product","link":"https:\/\/www.customywear.com\/cs\/custom-mexican-dress-shirt\/","title":{"rendered":"Mexico Shirt For men &#8211; Travel to Mexico Personalized Gift Tee"},"content":{"rendered":"<p>Prom\u011b\u0148te sv\u016fj vzhled s na\u0161\u00ed unik\u00e1tn\u00ed mexickou ko\u0161il\u00ed na m\u00edru! Prom\u011b\u0148te svou fotografii ve stylov\u00e9 personalizovan\u00e9 tri\u010dko, kter\u00e9 v\u00e1s uk\u00e1\u017ee v tradi\u010dn\u00edm mexick\u00e9m od\u011bvu. Na\u0161i zku\u0161en\u00ed um\u011blci dovedn\u011b vytv\u00e1\u0159ej\u00ed vektorov\u00e9 portr\u00e9ty, kter\u00e9 v\u00e1s zobrazuj\u00ed s mexickou kulturou. Toto tri\u010dko na m\u00edru je ide\u00e1ln\u00edm d\u00e1rkem pro nad\u0161ence do Mexika a jedine\u010dn\u00e9 m\u00f3dy. P\u0159ijm\u011bte mexickou tradici: N\u00e1\u0161 proces tvorby na m\u00edru zahrnuje Adobe Illustrator a Adobe Photoshop k p\u0159em\u011bn\u011b va\u0161eho obr\u00e1zku na um\u011bleck\u00e9 d\u00edlo. D\u00edky DTG tisku je ka\u017ed\u00fd detail zachycen v z\u00e1\u0159iv\u00fdch barv\u00e1ch na unisex pl\u00e1tn\u011b. Vyberte si mezi variantou s kr\u00e1tk\u00fdm nebo dlouh\u00fdm ruk\u00e1vem, vhodnou pro dosp\u011bl\u00e9, ml\u00e1de\u017e, d\u011bti i batolata. Perfektn\u00ed d\u00e1rky pro zvl\u00e1\u0161tn\u00ed p\u0159\u00edle\u017eitosti: A\u0165 u\u017e se jedn\u00e1 o narozeniny zp\u011bv\u00e1ka, v\u00fdro\u010d\u00ed nebo jen d\u00e1rek pro n\u011bkoho, kdo zbo\u017e\u0148uje Mexiko, na\u0161e mexick\u00e1 ko\u0161ile na m\u00edru je promy\u0161len\u00fdm a personalizovan\u00fdm d\u00e1rkem. Prozkoumejte nekone\u010dn\u00e9 mo\u017enosti: Objevte na\u0161i \u0159adu podmaniv\u00fdch design\u016f a t\u00e9mat. Od oslav mexick\u00e9ho hrdosti a\u017e po kulturn\u00ed pocty, na\u0161e tri\u010dka na m\u00edru dodaj\u00ed va\u0161emu \u0161atn\u00edku n\u00e1dech osobnosti. Va\u017ete si vzpom\u00ednek a kultury: Objevte kr\u00e1su mexick\u00e9ho d\u011bdictv\u00ed a oslavujte sv\u00e9 spojen\u00ed s ka\u017ed\u00fdm krokem. Vyj\u00e1d\u0159ete svou l\u00e1sku k Mexiku stylov\u011b s na\u0161imi personalizovan\u00fdmi tri\u010dky s fotkami! Objevte dal\u0161\u00ed jedine\u010dn\u00e9 designy a pozvedn\u011bte sv\u016fj \u0161atn\u00edk s personalizovan\u00fdmi tri\u010dky!<\/p>","protected":false},"excerpt":{"rendered":"<p>Uct\u00edvejte tradici s vlastn\u00ed mexickou ko\u0161il\u00ed. Personalizovan\u00e1 mexick\u00e1 d\u00e1rkov\u00e1 tri\u010dka prom\u011bn\u00ed jakoukoli fotografii v jedine\u010dn\u00e9 kulturn\u00ed tri\u010dko.<\/p>","protected":false},"featured_media":143018,"comment_status":"open","ping_status":"closed","template":"","meta":{"_acf_changed":false},"product_brand":[],"product_cat":[6195,6157,6156,2689,6345,6412,6428],"product_tag":[6433,193,2690,102,6216,209],"class_list":{"0":"post-20773","1":"product","2":"type-product","3":"status-publish","4":"has-post-thumbnail","6":"product_cat-t-shirts-men","7":"product_cat-country","8":"product_cat-culture","9":"product_cat-custom-gifts-mexican-culture","10":"product_cat-mens-country-culture-t-shirts","11":"product_cat-photo-to-tees","12":"product_cat-translate-products","13":"product_tag-ai-artwork","14":"product_tag-boyfriend_gift","15":"product_tag-custom-arts-mexican","16":"product_tag-long_distance_gift","17":"product_tag-mens-custom-t-shirts","18":"product_tag-travel_lover_gift","20":"first","21":"instock","22":"taxable","23":"shipping-taxable","24":"purchasable","25":"product-type-simple"},"acf":[],"wcpa_form_fields":null,"_links":{"self":[{"href":"https:\/\/www.customywear.com\/cs\/wp-json\/wp\/v2\/product\/20773","targetHints":{"allow":["GET"]}}],"collection":[{"href":"https:\/\/www.customywear.com\/cs\/wp-json\/wp\/v2\/product"}],"about":[{"href":"https:\/\/www.customywear.com\/cs\/wp-json\/wp\/v2\/types\/product"}],"replies":[{"embeddable":true,"href":"https:\/\/www.customywear.com\/cs\/wp-json\/wp\/v2\/comments?post=20773"}],"wp:featuredmedia":[{"embeddable":true,"href":"https:\/\/www.customywear.com\/cs\/wp-json\/wp\/v2\/media\/143018"}],"wp:attachment":[{"href":"https:\/\/www.customywear.com\/cs\/wp-json\/wp\/v2\/media?parent=20773"}],"wp:term":[{"taxonomy":"product_brand","embeddable":true,"href":"https:\/\/www.customywear.com\/cs\/wp-json\/wp\/v2\/product_brand?post=20773"},{"taxonomy":"product_cat","embeddable":true,"href":"https:\/\/www.customywear.com\/cs\/wp-json\/wp\/v2\/product_cat?post=20773"},{"taxonomy":"product_tag","embeddable":true,"href":"https:\/\/www.customywear.com\/cs\/wp-json\/wp\/v2\/product_tag?post=20773"}],"curies":[{"name":"wp","href":"https:\/\/api.w.org\/{rel}","templated":true}]}}