{"id":20888,"date":"2023-07-28T13:42:41","date_gmt":"2023-07-28T13:42:41","guid":{"rendered":"https:\/\/www.customywear.com\/?post_type=product&#038;p=20888"},"modified":"2026-05-13T19:50:34","modified_gmt":"2026-05-13T19:50:34","slug":"vlastni-bezecka-kosile-pro-pary","status":"publish","type":"product","link":"https:\/\/www.customywear.com\/cs\/custom-running-couples-shirts\/","title":{"rendered":"Vlastn\u00ed B\u011bh P\u00e1ry Ko\u0161ile | Osobn\u00ed Tr\u00e9nink D\u00e1rek"},"content":{"rendered":"<p>Vydejte se na cestu za fitness a soun\u00e1le\u017eitost\u00ed s na\u0161imi \u200d\u2642\ufe0f b\u011b\u017eeck\u00fdmi tri\u010dky pro p\u00e1ry na m\u00edru! Prom\u011b\u0148te zachycen\u00e9 okam\u017eiky v dynamick\u00e9 um\u011bn\u00ed, zat\u00edmco vy a v\u00e1\u0161 partner sprintujete bok po boku, vdechnut\u00e9 \u017eivotu prost\u0159ednictv\u00edm pe\u010dliv\u011b vytvo\u0159en\u00e9ho vektorov\u00e9ho portr\u00e9tn\u00edho um\u011bn\u00ed. Na\u0161i zku\u0161en\u00ed um\u011blci vyu\u017e\u00edvaj\u00ed kreativn\u00ed kouzlo Adobe Illustratoru a Adobe Photoshopu, aby zt\u011blesnili va\u0161e odhodl\u00e1n\u00ed v motivuj\u00edc\u00edm a inspirativn\u00edm designu. Toto v\u00fdjime\u010dn\u00e9 tri\u010dko na m\u00edru nen\u00ed jen oble\u010den\u00ed; je to srde\u010dn\u00e1 oslava zdrav\u00ed a jednoty. Sd\u00edlejte kouzlo va\u0161eho pouta s designem p\u0159izp\u016fsoben\u00fdm va\u0161emu p\u0159\u00edb\u011bhu, kter\u00fd v\u00e1s a va\u0161eho partnera zobraz\u00ed jako dynamick\u00e9 duo na cest\u011b k wellness. Hlavn\u00ed vlastnosti produktu: \ufe0f Mistrovsk\u00e9 vektorov\u00e9 um\u011bn\u00ed: Va\u0161e fotografie se vyvinou v podmaniv\u00e1 vektorov\u00e1 mistrovsk\u00e1 d\u00edla. Pohodl\u00ed unisex: U\u017eijte si styl a pohodl\u00ed vhodn\u00e9 pro v\u0161echny v\u011bkov\u00e9 kategorie a pohlav\u00ed. Vhodn\u00e9 pro dom\u00e1c\u00ed mazl\u00ed\u010dky: Dodejte rozko\u0161n\u00fd n\u00e1dech zobrazen\u00edm va\u0161ich chlupat\u00fdch spole\u010dn\u00edk\u016f. \ufe0f Precizn\u00ed DTG tisk: Vychutnejte si \u017eiv\u00e9 a dlouhotrvaj\u00edc\u00ed potisky zachycuj\u00edc\u00ed ka\u017ed\u00fd detail. Atraktivn\u00ed pro v\u0161echny v\u011bkov\u00e9 kategorie: Od batolat a\u017e po dosp\u011bl\u00e9, na\u0161e velikosti uspokoj\u00ed ka\u017ed\u00e9ho \u010dlena rodiny. Pr\u00e9miov\u00e9 \u0159emesln\u00e9 zpracov\u00e1n\u00ed: Za\u017eijte \u0161pi\u010dkovou kvalitu od n\u00e1vrhu a\u017e po realizaci. Nekone\u010dn\u00e1 kreativita: Prozkoumejte dal\u0161\u00ed podmaniv\u00e9 designy v na\u0161\u00ed rozmanit\u00e9 kolekci. Oslavte fitness miln\u00edky, v\u00fdro\u010d\u00ed nebo p\u0159ekvapte sv\u00e9ho partnera d\u00e1rkem, kter\u00fd v sob\u011b spojuje motivaci a n\u00e1klonnost. A\u0165 u\u017e p\u0159ipom\u00edn\u00e1te zvl\u00e1\u0161tn\u00ed p\u0159\u00edle\u017eitost, darujete kolegovi fitness nad\u0161enci nebo se prost\u011b spole\u010dn\u011b vyd\u00e1v\u00e1te za zdrav\u00fd \u017eivotn\u00ed styl, na\u0161e tri\u010dka pro p\u00e1ry na m\u00edru s b\u011b\u017eeck\u00fdm potiskem jsou tou nejlep\u0161\u00ed volbou. Sd\u00edlejte \u00fasm\u011bvy, za\u010dn\u011bte konverzace a noste sv\u00e9 jedine\u010dn\u00e9 spojen\u00ed s hrdost\u00ed na cest\u011b ke zdrav\u00ed a \u0161t\u011bst\u00ed. Nen\u00ed to jen tri\u010dko; je to symbol va\u0161\u00ed spole\u010dn\u00e9 fitness cesty, p\u0159ipraven\u00fd k no\u0161en\u00ed a l\u00e1sce pro v\u0161echny!<\/p>","protected":false},"excerpt":{"rendered":"<p>B\u011bhejte spolu v ko\u0161il\u00edch s b\u011b\u017eeck\u00fdmi p\u00e1ry na zak\u00e1zku. Personalizovan\u00e9 cvi\u010debn\u00ed d\u00e1rky prom\u011bn\u00ed va\u0161e fotografie v odpov\u00eddaj\u00edc\u00ed, jedine\u010dn\u00e1 tri\u010dka.<\/p>","protected":false},"featured_media":143963,"comment_status":"open","ping_status":"closed","template":"","meta":{"_acf_changed":false},"product_brand":[],"product_cat":[6197,6365,6369,3004,6412,6428],"product_tag":[6440,3005,1025,546,2213,1827],"class_list":{"0":"post-20888","1":"product","2":"type-product","3":"status-publish","4":"has-post-thumbnail","6":"product_cat-t-shirts-couple","7":"product_cat-couples-sports-t-shirts","8":"product_cat-couples-summer-t-shirts","9":"product_cat-custom-gifts-running-and-jogging","10":"product_cat-photo-to-tees","11":"product_cat-translate-products","12":"product_tag-ai-artwork-couple","13":"product_tag-custom-arts-running-jogging","14":"product_tag-funny_couples_shirts","15":"product_tag-gym","16":"product_tag-gym_gifts","17":"product_tag-workout_shirt","19":"first","20":"instock","21":"taxable","22":"shipping-taxable","23":"purchasable","24":"product-type-simple"},"acf":[],"wcpa_form_fields":null,"_links":{"self":[{"href":"https:\/\/www.customywear.com\/cs\/wp-json\/wp\/v2\/product\/20888","targetHints":{"allow":["GET"]}}],"collection":[{"href":"https:\/\/www.customywear.com\/cs\/wp-json\/wp\/v2\/product"}],"about":[{"href":"https:\/\/www.customywear.com\/cs\/wp-json\/wp\/v2\/types\/product"}],"replies":[{"embeddable":true,"href":"https:\/\/www.customywear.com\/cs\/wp-json\/wp\/v2\/comments?post=20888"}],"wp:featuredmedia":[{"embeddable":true,"href":"https:\/\/www.customywear.com\/cs\/wp-json\/wp\/v2\/media\/143963"}],"wp:attachment":[{"href":"https:\/\/www.customywear.com\/cs\/wp-json\/wp\/v2\/media?parent=20888"}],"wp:term":[{"taxonomy":"product_brand","embeddable":true,"href":"https:\/\/www.customywear.com\/cs\/wp-json\/wp\/v2\/product_brand?post=20888"},{"taxonomy":"product_cat","embeddable":true,"href":"https:\/\/www.customywear.com\/cs\/wp-json\/wp\/v2\/product_cat?post=20888"},{"taxonomy":"product_tag","embeddable":true,"href":"https:\/\/www.customywear.com\/cs\/wp-json\/wp\/v2\/product_tag?post=20888"}],"curies":[{"name":"wp","href":"https:\/\/api.w.org\/{rel}","templated":true}]}}