{"id":21035,"date":"2023-07-28T13:44:46","date_gmt":"2023-07-28T13:44:46","guid":{"rendered":"https:\/\/www.customywear.com\/?post_type=product&#038;p=21035"},"modified":"2026-05-05T20:23:32","modified_gmt":"2026-05-05T20:23:32","slug":"damske-tricko-na-jogu-s-personalizaci","status":"publish","type":"product","link":"https:\/\/www.customywear.com\/cs\/personalized-yoga-shirt-women\/","title":{"rendered":"Personalizovan\u00e9 tri\u010dko na j\u00f3gu pro \u017eeny | Tri\u010dko s ilustrac\u00ed j\u00f3gy na m\u00edru"},"content":{"rendered":"<p>Vkro\u010dte do sv\u011bta klidu a sebevyj\u00e1d\u0159en\u00ed s na\u0161\u00edm personalizovan\u00fdm tri\u010dkem na j\u00f3gu pro \u017eeny. Na\u0161i talentovan\u00ed um\u011blci s vyu\u017eit\u00edm va\u0161\u00ed fotografie jako reference vytvo\u0159\u00ed \u00fa\u017easnou ilustraci v\u00e1s, jak cvi\u010d\u00edte j\u00f3gu, obklopeni klidnou kr\u00e1sou mot\u00fdl\u00edch k\u0159\u00eddel a majest\u00e1tn\u00edch hor. Toto tri\u010dko na j\u00f3gu na m\u00edru nejen\u017ee ukazuje va\u0161i v\u00e1\u0161e\u0148 pro j\u00f3gu, ale tak\u00e9 oslavuje va\u0161e spojen\u00ed s p\u0159\u00edrodou, \u010d\u00edm\u017e se st\u00e1v\u00e1 skute\u010dn\u011b jedine\u010dn\u00fdm kouskem, kter\u00fd odr\u00e1\u017e\u00ed v\u00e1\u0161 vnit\u0159n\u00ed klid a v\u0161\u00edmavost.<\/p>\n<p>Na\u0161e tri\u010dko na j\u00f3gu na m\u00edru, vyroben\u00e9 s maxim\u00e1ln\u00ed p\u00e9\u010d\u00ed a d\u016frazem na detail, je perfektn\u00edm d\u00e1rkem pro milovn\u00edky j\u00f3gy a fitness nad\u0161ence. Vychutnejte si s\u00edlu osobn\u00edho sebevyj\u00e1d\u0159en\u00ed s mo\u017enost\u00ed p\u0159idat libovolnou lidskou nebo zv\u00ed\u0159ec\u00ed tv\u00e1\u0159, d\u00edky \u010demu\u017e se toto tri\u010dko stane h\u0159ejiv\u00fdm suven\u00fdrem, kter\u00fd zachycuje va\u0161i podstatu a l\u00e1sku k j\u00f3ze. A\u0165 u\u017e jste v\u00e1\u0161niv\u00fdm j\u00f3gov\u00fdm praktikantem nebo za\u010d\u00e1te\u010dn\u00edkem na sv\u00e9 cest\u011b j\u00f3gy, toto vysoce kvalitn\u00ed unisex tri\u010dko zaru\u010d\u00ed pohodl\u00ed a styl pro v\u0161echny v\u011bkov\u00e9 kategorie, v\u010detn\u011b dosp\u011bl\u00fdch, ml\u00e1de\u017ee, d\u011bt\u00ed i batolat. Nechte n\u00e1\u0161 t\u00fdm zku\u0161en\u00fdch um\u011blc\u016f vdechnout \u017eivot va\u0161im j\u00f3gov\u00fdm sn\u016fm, od pouh\u00e9 fotografie a\u017e po \u00fa\u017easnou ilustraci, a posu\u0148te svou praxi j\u00f3gy na novou \u00farove\u0148 s na\u0161\u00edm personalizovan\u00fdm tri\u010dkem na j\u00f3gu pro \u017eeny. Namaste.<\/p>","protected":false},"excerpt":{"rendered":"<p>Prot\u00e1hn\u011bte se stylov\u011b s personalizovanou j\u00f3govou ko\u0161il\u00ed pro \u017eeny. Vlastn\u00ed j\u00f3gov\u00e1 ilustra\u010dn\u00ed tri\u010dka prom\u011bn\u00ed fotografie v klidn\u00e1, jedine\u010dn\u00e1 tri\u010dka.<\/p>","protected":false},"featured_media":143226,"comment_status":"open","ping_status":"closed","template":"","meta":{"_acf_changed":false},"product_brand":[],"product_cat":[6191,6412,6428,6362,6248],"product_tag":[6214,6433,229,576,6215],"class_list":{"0":"post-21035","1":"product","2":"type-product","3":"status-publish","4":"has-post-thumbnail","6":"product_cat-t-shirts-women","7":"product_cat-photo-to-tees","8":"product_cat-translate-products","9":"product_cat-womens-yoga-t-shirts","10":"product_cat-yoga-gifts","11":"product_tag-affordable-custom-t-shirts","12":"product_tag-ai-artwork","13":"product_tag-custom-tee-shirts","14":"product_tag-cute-yoga-shirts","15":"product_tag-screen-printing-near-me","17":"first","18":"instock","19":"taxable","20":"shipping-taxable","21":"purchasable","22":"product-type-simple"},"acf":[],"wcpa_form_fields":null,"_links":{"self":[{"href":"https:\/\/www.customywear.com\/cs\/wp-json\/wp\/v2\/product\/21035","targetHints":{"allow":["GET"]}}],"collection":[{"href":"https:\/\/www.customywear.com\/cs\/wp-json\/wp\/v2\/product"}],"about":[{"href":"https:\/\/www.customywear.com\/cs\/wp-json\/wp\/v2\/types\/product"}],"replies":[{"embeddable":true,"href":"https:\/\/www.customywear.com\/cs\/wp-json\/wp\/v2\/comments?post=21035"}],"wp:featuredmedia":[{"embeddable":true,"href":"https:\/\/www.customywear.com\/cs\/wp-json\/wp\/v2\/media\/143226"}],"wp:attachment":[{"href":"https:\/\/www.customywear.com\/cs\/wp-json\/wp\/v2\/media?parent=21035"}],"wp:term":[{"taxonomy":"product_brand","embeddable":true,"href":"https:\/\/www.customywear.com\/cs\/wp-json\/wp\/v2\/product_brand?post=21035"},{"taxonomy":"product_cat","embeddable":true,"href":"https:\/\/www.customywear.com\/cs\/wp-json\/wp\/v2\/product_cat?post=21035"},{"taxonomy":"product_tag","embeddable":true,"href":"https:\/\/www.customywear.com\/cs\/wp-json\/wp\/v2\/product_tag?post=21035"}],"curies":[{"name":"wp","href":"https:\/\/api.w.org\/{rel}","templated":true}]}}