{"id":21083,"date":"2023-07-28T13:45:25","date_gmt":"2023-07-28T13:45:25","guid":{"rendered":"https:\/\/www.customywear.com\/?post_type=product&#038;p=21083"},"modified":"2026-05-07T15:29:55","modified_gmt":"2026-05-07T15:29:55","slug":"personalizovane-tricko-japonsko-mladez-premena-fotka","status":"publish","type":"product","link":"https:\/\/www.customywear.com\/cs\/custom-japanese-tee-transform-photo-youth-japan-shirt\/","title":{"rendered":"Custom Japanese Tee for girls &#8211; your photo to Japan Shirt"},"content":{"rendered":"<p>Hled\u00e1te jedine\u010dn\u00fd a personalizovan\u00fd d\u00e1rek, kter\u00fd zanech\u00e1 trval\u00fd dojem? U\u017e nehledejte! P\u0159edstavujeme na\u0161e d\u011btsk\u00e9 tri\u010dko s kr\u00e1tk\u00fdm a dlouh\u00fdm ruk\u00e1vem na m\u00edru, kde prom\u011bn\u00edme va\u0161i drahocennou fotografii v \u00fa\u017easn\u00fd vektorov\u00fd portr\u00e9t, kter\u00fd vypad\u00e1, jako by va\u0161e d\u00edt\u011b m\u011blo na sob\u011b tradi\u010dn\u00ed japonsk\u00e9 \u0161aty. D\u00edky tomu je to perfektn\u00ed d\u00e1rek pro milovn\u00edky japonsk\u00e9 nebo asijsk\u00e9 kultury v\u0161ech v\u011bkov\u00fdch kategori\u00ed. Jsme hrd\u00ed na na\u0161e \u0159emesln\u00e9 zpracov\u00e1n\u00ed a pou\u017e\u00edv\u00e1me \u0161pi\u010dkov\u00fd software, v\u010detn\u011b Adobe Illustratoru a Adobe Photoshopu, abychom pe\u010dliv\u011b nakreslili va\u0161e fotografie a vytvo\u0159ili tento jedine\u010dn\u00fd design. To zaji\u0161\u0165uje vysoce kvalitn\u00ed vektorovou grafiku, kter\u00e1 s p\u0159esnost\u00ed zachycuje ka\u017ed\u00fd detail. A nebojte se, n\u00e1\u0161 tiskov\u00fd proces vyu\u017e\u00edv\u00e1 technologii DTG k dosa\u017een\u00ed z\u00e1\u0159iv\u00fdch a dlouhotrvaj\u00edc\u00edch barev. Tato tri\u010dka jsou k dispozici nejen pro ml\u00e1de\u017e, ale tak\u00e9 ve velikostech pro dosp\u011bl\u00e9, d\u011bti a dokonce i batolata! A\u0165 u\u017e tedy chcete sv\u00e9 d\u00edt\u011b p\u0159ekvapit k narozenin\u00e1m nebo si p\u0159ipomenout zvl\u00e1\u0161tn\u00ed p\u0159\u00edle\u017eitost, na\u0161e tri\u010dko na m\u00edru bude nezapomenuteln\u00fdm a smyslupln\u00fdm d\u00e1rkem. A to nejlep\u0161\u00ed? Tato tri\u010dka si m\u016f\u017eete personalizovat pomoc\u00ed obli\u010deje sv\u00fdch bl\u00edzk\u00fdch, v\u010detn\u011b lid\u00ed i dom\u00e1c\u00edch mazl\u00ed\u010dk\u016f. Objedn\u00e1v\u00e1n\u00ed je jednoduch\u00e9 a bezprobl\u00e9mov\u00e9. Sta\u010d\u00ed n\u00e1m poskytnout va\u0161i obl\u00edbenou fotografii a na\u0161i talentovan\u00ed um\u011blci ji prom\u011bn\u00ed v um\u011bleck\u00e9 d\u00edlo. Pokud m\u00e1te jak\u00e9koli dotazy nebo pot\u0159ebujete dal\u0161\u00ed pomoc, n\u00e1\u0161 p\u0159\u00e1telsk\u00fd t\u00fdm z\u00e1kaznick\u00e9 podpory je p\u0159ipraven v\u00e1m pomoci. Tak pro\u010d \u010dekat? Vytvo\u0159te si je\u0161t\u011b dnes vlastn\u00ed japonsk\u00e9 tri\u010dko a vdechn\u011bte sv\u00fdm fotografi\u00edm \u017eivot skute\u010dn\u011b jedine\u010dn\u00fdm zp\u016fsobem.<\/p>","protected":false},"excerpt":{"rendered":"<p>\u010cest kultury s vlastn\u00edm japonsk\u00fdm tri\u010dkem. Prom\u011b\u0148te svou fotografii do personalizovan\u00e9 ko\u0161ile Youth Japan pro jedine\u010dn\u00e9, jedine\u010dn\u00e9 tri\u010dko.<\/p>","protected":false},"featured_media":142913,"comment_status":"open","ping_status":"closed","template":"","meta":{"_acf_changed":false},"product_brand":[],"product_cat":[6193,6157,6156,2341,6412,6428],"product_tag":[6433,6439,64,2342,67,557],"class_list":{"0":"post-21083","1":"product","2":"type-product","3":"status-publish","4":"has-post-thumbnail","6":"product_cat-girls-t-shirts","7":"product_cat-country","8":"product_cat-culture","9":"product_cat-custom-gifts-japanese-tradition","10":"product_cat-photo-to-tees","11":"product_cat-translate-products","12":"product_tag-ai-artwork","13":"product_tag-ai-kids-artwork","14":"product_tag-country_shirts","15":"product_tag-custom-arts-japanese","16":"product_tag-kids_birthday_shirt","17":"product_tag-manga_shirt","19":"first","20":"instock","21":"taxable","22":"shipping-taxable","23":"purchasable","24":"product-type-simple"},"acf":[],"wcpa_form_fields":null,"_links":{"self":[{"href":"https:\/\/www.customywear.com\/cs\/wp-json\/wp\/v2\/product\/21083","targetHints":{"allow":["GET"]}}],"collection":[{"href":"https:\/\/www.customywear.com\/cs\/wp-json\/wp\/v2\/product"}],"about":[{"href":"https:\/\/www.customywear.com\/cs\/wp-json\/wp\/v2\/types\/product"}],"replies":[{"embeddable":true,"href":"https:\/\/www.customywear.com\/cs\/wp-json\/wp\/v2\/comments?post=21083"}],"wp:featuredmedia":[{"embeddable":true,"href":"https:\/\/www.customywear.com\/cs\/wp-json\/wp\/v2\/media\/142913"}],"wp:attachment":[{"href":"https:\/\/www.customywear.com\/cs\/wp-json\/wp\/v2\/media?parent=21083"}],"wp:term":[{"taxonomy":"product_brand","embeddable":true,"href":"https:\/\/www.customywear.com\/cs\/wp-json\/wp\/v2\/product_brand?post=21083"},{"taxonomy":"product_cat","embeddable":true,"href":"https:\/\/www.customywear.com\/cs\/wp-json\/wp\/v2\/product_cat?post=21083"},{"taxonomy":"product_tag","embeddable":true,"href":"https:\/\/www.customywear.com\/cs\/wp-json\/wp\/v2\/product_tag?post=21083"}],"curies":[{"name":"wp","href":"https:\/\/api.w.org\/{rel}","templated":true}]}}