{"id":21124,"date":"2023-07-28T13:45:54","date_gmt":"2023-07-28T13:45:54","guid":{"rendered":"https:\/\/www.customywear.com\/?post_type=product&#038;p=21124"},"modified":"2026-05-07T15:29:52","modified_gmt":"2026-05-07T15:29:52","slug":"tricko-s-bubenikem","status":"publish","type":"product","link":"https:\/\/www.customywear.com\/cs\/drummer-boy-t-shirt\/","title":{"rendered":"Tri\u010dko Drummer Boy na m\u00edru | Prom\u011b\u0148te svou fotografii v personalizovan\u00e9 hudebn\u00ed tri\u010dko"},"content":{"rendered":"<p>P\u0159ipravte se na rozjet\u00ed p\u00f3dia s na\u0161\u00edm kreativn\u00edm tri\u010dkem s kr\u00e1tk\u00fdm a dlouh\u00fdm ruk\u00e1vem pro ml\u00e1de\u017e! Na\u0161i talentovan\u00ed um\u011blci prom\u011bn\u00ed fotografii va\u0161eho d\u00edt\u011bte v z\u00e1\u0159iv\u00fd vektorov\u00fd design, d\u00edky kter\u00e9mu bude vypadat, jako by hralo na bubny s v\u00e1\u0161n\u00ed a energi\u00ed. Toto personalizovan\u00e9 hudebn\u00ed tri\u010dko je perfektn\u00edm inspirativn\u00edm d\u00e1rkem pro mal\u00e9 d\u011bti, kter\u00e9 jsou hudebn\u00edmi nad\u0161enci a miluj\u00ed rytmus! S vyu\u017eit\u00edm program\u016f Adobe Illustrator a Adobe Photoshop pe\u010dliv\u011b vytvo\u0159\u00edme vysoce kvalitn\u00ed design, kter\u00fd zachycuje l\u00e1sku va\u0161eho d\u00edt\u011bte k hudb\u011b. Na\u0161e technologie tisku DTG zaji\u0161\u0165uje, \u017ee design je vyti\u0161t\u011bn s p\u0159esnost\u00ed a vydr\u017e\u00ed z\u00e1\u0159iv\u00fd po dlouhou dobu. Tato tri\u010dka jsou k dispozici v unisex stylu, tak\u017ee jsou vhodn\u00e1 pro dosp\u011bl\u00e9, ml\u00e1de\u017e, d\u011bti a dokonce i batolata, kter\u00e1 se cht\u011bj\u00ed p\u0159idat ke kapele! Posu\u0148te toto personalizovan\u00e9 tri\u010dko na dal\u0161\u00ed \u00farove\u0148 p\u0159id\u00e1n\u00edm obli\u010deje dom\u00e1c\u00edho mazl\u00ed\u010dka va\u0161eho d\u00edt\u011bte nebo jin\u00e9ho \u010dlena rodiny do designu. To dod\u00e1 tri\u010dku n\u00e1dech personalizace, d\u00edky kter\u00e9mu se stane nezapomenuteln\u00fdm d\u00e1rkem. Objedn\u00e1v\u00e1n\u00ed je snadn\u00e9 \u2013 jednodu\u0161e nahrajte svou fotografii a o zbytek se postar\u00e1me my. Pokud m\u00e1te jak\u00e9koli dotazy nebo pot\u0159ebujete pomoc, n\u00e1\u0161 specializovan\u00fd t\u00fdm z\u00e1kaznick\u00e9 podpory je tu, aby v\u00e1m pomohl. P\u0159ipravte se pono\u0159it do sv\u011bta hudby s t\u00edmto tri\u010dkem s motivem buben\u00edka na m\u00edru! Objednejte si nyn\u00ed a nechte v\u00e1\u0161e\u0148 a talent va\u0161eho d\u00edt\u011bte vyniknout v jeho nov\u00e9m obl\u00edben\u00e9m tri\u010dku.<\/p>","protected":false},"excerpt":{"rendered":"<p>Rock Out s vlastn\u00edm tri\u010dkem Drummer Boy. Prom\u011b\u0148te svou fotografii na personalizovan\u00e9 hudebn\u00ed tri\u010dko pro z\u00e1bavn\u00e9, jedine\u010dn\u00e9 tri\u010dko.<\/p>","protected":false},"featured_media":142698,"comment_status":"open","ping_status":"closed","template":"","meta":{"_acf_changed":false},"product_brand":[],"product_cat":[6189,1577,1582,6412,6428],"product_tag":[6433,6439,1578,65,73],"class_list":{"0":"post-21124","1":"product","2":"type-product","3":"status-publish","4":"has-post-thumbnail","6":"product_cat-boys-t-shirts","7":"product_cat-custom-gifts-drummers","8":"product_cat-music","9":"product_cat-photo-to-tees","10":"product_cat-translate-products","11":"product_tag-ai-artwork","12":"product_tag-ai-kids-artwork","13":"product_tag-gift_for_drummer","14":"product_tag-kid","15":"product_tag-youth-boy","17":"first","18":"instock","19":"taxable","20":"shipping-taxable","21":"purchasable","22":"product-type-simple"},"acf":[],"wcpa_form_fields":null,"_links":{"self":[{"href":"https:\/\/www.customywear.com\/cs\/wp-json\/wp\/v2\/product\/21124","targetHints":{"allow":["GET"]}}],"collection":[{"href":"https:\/\/www.customywear.com\/cs\/wp-json\/wp\/v2\/product"}],"about":[{"href":"https:\/\/www.customywear.com\/cs\/wp-json\/wp\/v2\/types\/product"}],"replies":[{"embeddable":true,"href":"https:\/\/www.customywear.com\/cs\/wp-json\/wp\/v2\/comments?post=21124"}],"wp:featuredmedia":[{"embeddable":true,"href":"https:\/\/www.customywear.com\/cs\/wp-json\/wp\/v2\/media\/142698"}],"wp:attachment":[{"href":"https:\/\/www.customywear.com\/cs\/wp-json\/wp\/v2\/media?parent=21124"}],"wp:term":[{"taxonomy":"product_brand","embeddable":true,"href":"https:\/\/www.customywear.com\/cs\/wp-json\/wp\/v2\/product_brand?post=21124"},{"taxonomy":"product_cat","embeddable":true,"href":"https:\/\/www.customywear.com\/cs\/wp-json\/wp\/v2\/product_cat?post=21124"},{"taxonomy":"product_tag","embeddable":true,"href":"https:\/\/www.customywear.com\/cs\/wp-json\/wp\/v2\/product_tag?post=21124"}],"curies":[{"name":"wp","href":"https:\/\/api.w.org\/{rel}","templated":true}]}}