{"id":21125,"date":"2023-07-28T13:45:54","date_gmt":"2023-07-28T13:45:54","guid":{"rendered":"https:\/\/www.customywear.com\/?post_type=product&#038;p=21125"},"modified":"2026-05-07T15:29:52","modified_gmt":"2026-05-07T15:29:52","slug":"personalizovana-divci-kosile-pro-bubenika","status":"publish","type":"product","link":"https:\/\/www.customywear.com\/cs\/personalized-drummer-girl-shirt\/","title":{"rendered":"Personalizovan\u00e9 tri\u010dko pro buben\u00ed\u010dky \u2013 d\u011btsk\u00e9 rock n rollov\u00e9 tri\u010dko na m\u00edru"},"content":{"rendered":"<p>Probu\u010fte v d\u011btech v\u00e1\u0161e\u0148 pro hudbu s na\u0161\u00edm poutav\u00fdm <em>Personalizovan\u00e9 tri\u010dko pro buben\u00ed\u010dky<\/em>Pono\u0159te ji do rytmu rock&#039;n&#039;rollu a my jej\u00ed fotografii pomoc\u00ed programu Adobe Illustrator p\u0159em\u011bn\u00edme do dynamick\u00e9 vektorov\u00e9 grafiky, kter\u00e1 zachycuje podstatu mlad\u00e9 buben\u00ed\u010dky pono\u0159en\u00e9 do hudby. Toto tri\u010dko na m\u00edru je harmonick\u00fdm a inspirativn\u00edm d\u00e1rkem pro za\u010d\u00ednaj\u00edc\u00ed hudebn\u00edky, kte\u0159\u00ed pochoduj\u00ed do rytmu vlastn\u00edho bubnu. N\u00e1\u0161 pe\u010dliv\u00fd designov\u00fd proces zaru\u010duje d\u016fraz na detail a kreativn\u00ed vyj\u00e1d\u0159en\u00ed s vyu\u017eit\u00edm s\u00edly Adobe Photoshopu a technologie tisku DTG. V\u00fdsledkem je z\u00e1\u0159iv\u00e9 a vysoce kvalitn\u00ed unisex tri\u010dko, p\u0159izp\u016fsoben\u00e9 pro ml\u00e1de\u017e, d\u011bti i batolata, kter\u00e9 zajist\u00ed, \u017ee va\u0161e d\u00edt\u011b stylov\u011b vynikne. Nechte jej\u00ed kreativitu dostat se do centra pozornosti, kdy\u017e p\u0159edvede svou v\u00e1\u0161e\u0148 pro hudbu ve sv\u00e9m jedine\u010dn\u00e9m a personalizovan\u00e9m oble\u010den\u00ed s buben\u00edckou t\u00e9matikou. Ud\u011blejte z jej\u00edho d\u00e1rku skute\u010dn\u011b nezapomenuteln\u00fd personalizac\u00ed designu s tv\u00e1\u0159emi dle jej\u00edho v\u00fdb\u011bru, a\u0165 u\u017e je to jej\u00ed vlastn\u00ed tv\u00e1\u0159 nebo dokonce tv\u00e1\u0159 jej\u00edho milovan\u00e9ho mazl\u00ed\u010dka. Obejm\u011bte sv\u011bt hudby a rytmu s kouskem na m\u00edru, kter\u00fd oslavuje jej\u00ed individualitu. A\u0165 u\u017e cvi\u010d\u00ed sv\u00e9 rytmy, nebo si jen pochutn\u00e1v\u00e1 na sv\u00fdch obl\u00edben\u00fdch melodi\u00edch, toto tri\u010dko je neust\u00e1lou p\u0159ipom\u00ednkou s\u00edly sebevyj\u00e1d\u0159en\u00ed a kreativity. Prozkoumejte dal\u0161\u00ed designy a s ka\u017ed\u00fdm outfitem zesilujte jej\u00ed l\u00e1sku k hudb\u011b.<\/p>","protected":false},"excerpt":{"rendered":"<p>O\u017eivte hudbu s personalizovanou d\u00edv\u010d\u00ed ko\u0161il\u00ed buben\u00edka. Vlastn\u00ed rock n rollov\u00e1 d\u011btsk\u00e1 tri\u010dka prom\u011bn\u00ed jakoukoli fotografii v hrav\u00e9, jedine\u010dn\u00e9 tri\u010dko.<\/p>","protected":false},"featured_media":142705,"comment_status":"open","ping_status":"closed","template":"","meta":{"_acf_changed":false},"product_brand":[],"product_cat":[6193,1577,6412,6428],"product_tag":[6433,6439,1578,65,1583,156],"class_list":{"0":"post-21125","1":"product","2":"type-product","3":"status-publish","4":"has-post-thumbnail","6":"product_cat-girls-t-shirts","7":"product_cat-custom-gifts-drummers","8":"product_cat-photo-to-tees","9":"product_cat-translate-products","10":"product_tag-ai-artwork","11":"product_tag-ai-kids-artwork","12":"product_tag-gift_for_drummer","13":"product_tag-kid","14":"product_tag-music","15":"product_tag-youth-girl","17":"first","18":"instock","19":"taxable","20":"shipping-taxable","21":"purchasable","22":"product-type-simple"},"acf":[],"wcpa_form_fields":null,"_links":{"self":[{"href":"https:\/\/www.customywear.com\/cs\/wp-json\/wp\/v2\/product\/21125","targetHints":{"allow":["GET"]}}],"collection":[{"href":"https:\/\/www.customywear.com\/cs\/wp-json\/wp\/v2\/product"}],"about":[{"href":"https:\/\/www.customywear.com\/cs\/wp-json\/wp\/v2\/types\/product"}],"replies":[{"embeddable":true,"href":"https:\/\/www.customywear.com\/cs\/wp-json\/wp\/v2\/comments?post=21125"}],"wp:featuredmedia":[{"embeddable":true,"href":"https:\/\/www.customywear.com\/cs\/wp-json\/wp\/v2\/media\/142705"}],"wp:attachment":[{"href":"https:\/\/www.customywear.com\/cs\/wp-json\/wp\/v2\/media?parent=21125"}],"wp:term":[{"taxonomy":"product_brand","embeddable":true,"href":"https:\/\/www.customywear.com\/cs\/wp-json\/wp\/v2\/product_brand?post=21125"},{"taxonomy":"product_cat","embeddable":true,"href":"https:\/\/www.customywear.com\/cs\/wp-json\/wp\/v2\/product_cat?post=21125"},{"taxonomy":"product_tag","embeddable":true,"href":"https:\/\/www.customywear.com\/cs\/wp-json\/wp\/v2\/product_tag?post=21125"}],"curies":[{"name":"wp","href":"https:\/\/api.w.org\/{rel}","templated":true}]}}