{"id":21198,"date":"2023-07-28T13:46:45","date_gmt":"2023-07-28T13:46:45","guid":{"rendered":"https:\/\/www.customywear.com\/?post_type=product&#038;p=21198"},"modified":"2026-05-05T20:24:09","modified_gmt":"2026-05-05T20:24:09","slug":"vlastni-gymnastika-muz-cviceni-tricko","status":"publish","type":"product","link":"https:\/\/www.customywear.com\/cs\/custom-gymnastics-man-workout-t-shirt\/","title":{"rendered":"P\u00e1nsk\u00e9 cvi\u010debn\u00ed tri\u010dko na m\u00edru pro gymnastiku \u2013 personalizovan\u00e9 cvi\u010debn\u00ed tri\u010dko"},"content":{"rendered":"<p>Posu\u0148te sv\u016fj tr\u00e9ninkov\u00fd pl\u00e1n na vy\u0161\u0161\u00ed \u00farove\u0148 s na\u0161\u00edm unik\u00e1tn\u00edm tri\u010dkem s n\u00e1pisem \u201eGymnastics Man Workout\u201c. Pomoc\u00ed program\u016f Adobe Illustrator a Adobe Photoshop prom\u011bn\u00edme va\u0161i fotografii v \u00fa\u017easn\u00fd vizu\u00e1l, kter\u00fd v\u00e1s um\u00edst\u00ed do malebn\u00e9ho pl\u00e1\u017eov\u00e9ho pozad\u00ed p\u0159i osv\u011b\u017euj\u00edc\u00edch cvic\u00edch. Toto personalizovan\u00e9 tri\u010dko je vyrobeno na m\u00edru pro nad\u0161ence do cvi\u010den\u00ed, n\u00e1v\u0161t\u011bvn\u00edky posiloven a ty, kte\u0159\u00ed si u\u017e\u00edvaj\u00ed aktivn\u00edho \u017eivotn\u00edho stylu.<\/p>\n<p>Za\u017eijte spojen\u00ed stylu a fitness s na\u0161\u00edm tri\u010dkem na cvi\u010den\u00ed na m\u00edru. Tento design vystihuje podstatu va\u0161eho odhodl\u00e1n\u00ed k cvi\u010den\u00ed, a proto je ide\u00e1ln\u00edm d\u00e1rkem pro mu\u017ee, kte\u0159\u00ed oce\u0148uj\u00ed um\u011bn\u00ed pohybu. Krom\u011b toho, \u017ee je to spole\u010dn\u00edk do posilovny, je to tak\u00e9 v\u0161estrann\u00fd kousek, kter\u00fd se hod\u00ed k narozenin\u00e1m, v\u00fdro\u010d\u00edm cvi\u010den\u00ed a dal\u0161\u00edm oslav\u00e1m s cvi\u010debn\u00ed tematikou.<\/p>\n<p>Na\u0161e tri\u010dka s DTG potiskem se py\u0161n\u00ed vysoce kvalitn\u00edm vektorov\u00fdm um\u011bn\u00edm, kter\u00e9 zaru\u010duje \u017eiv\u00e9 a trval\u00e9 designy. Na\u0161e tri\u010dka jsou k dispozici v unisex stylech a jsou ur\u010dena pro dosp\u011bl\u00e9, ml\u00e1de\u017e, d\u011bti i batolata. Pozdvihn\u011bte sv\u00e9 sportovn\u00ed oble\u010den\u00ed o osobn\u00ed detail integrac\u00ed lidsk\u00fdch a zv\u00ed\u0159ec\u00edch obli\u010dej\u016f do designu a vytvo\u0159te tak vizu\u00e1ln\u00ed zn\u00e1zorn\u011bn\u00ed va\u0161\u00ed v\u00e1\u0161n\u011b pro fitness. Prozkoumejte \u0159adu mo\u017enost\u00ed a chopte se p\u0159\u00edle\u017eitosti nosit sv\u016fj z\u00e1vazek hrd\u011b.<\/p>","protected":false},"excerpt":{"rendered":"<p>Tr\u00e9nujte ve velk\u00e9m stylu s vlastn\u00edm gymnastick\u00fdm tri\u010dkem pro mu\u017ee. Personalizovan\u00e1 cvi\u010debn\u00ed tri\u010dka prom\u011b\u0148uj\u00ed fotografie do odv\u00e1\u017en\u00fdch fitness n\u00e1vrh\u016f.<\/p>","protected":false},"featured_media":143254,"comment_status":"open","ping_status":"closed","template":"","meta":{"_acf_changed":false},"product_brand":[],"product_cat":[6195,526,186,6337,6339,6412,310,6428],"product_tag":[6433,6217,6165,546,6216,326],"class_list":{"0":"post-21198","1":"product","2":"type-product","3":"status-publish","4":"has-post-thumbnail","6":"product_cat-t-shirts-men","7":"product_cat-gym-shirts","8":"product_cat-men","9":"product_cat-mens-gym-t-shirts","10":"product_cat-mens-sports-t-shirts","11":"product_cat-photo-to-tees","12":"product_cat-sports-shirts","13":"product_cat-translate-products","14":"product_tag-ai-artwork","15":"product_tag-custom-t-shirt","16":"product_tag-custom-gym-tees","17":"product_tag-gym","18":"product_tag-mens-custom-t-shirts","19":"product_tag-sports","21":"first","22":"instock","23":"taxable","24":"shipping-taxable","25":"purchasable","26":"product-type-simple"},"acf":[],"wcpa_form_fields":null,"_links":{"self":[{"href":"https:\/\/www.customywear.com\/cs\/wp-json\/wp\/v2\/product\/21198","targetHints":{"allow":["GET"]}}],"collection":[{"href":"https:\/\/www.customywear.com\/cs\/wp-json\/wp\/v2\/product"}],"about":[{"href":"https:\/\/www.customywear.com\/cs\/wp-json\/wp\/v2\/types\/product"}],"replies":[{"embeddable":true,"href":"https:\/\/www.customywear.com\/cs\/wp-json\/wp\/v2\/comments?post=21198"}],"wp:featuredmedia":[{"embeddable":true,"href":"https:\/\/www.customywear.com\/cs\/wp-json\/wp\/v2\/media\/143254"}],"wp:attachment":[{"href":"https:\/\/www.customywear.com\/cs\/wp-json\/wp\/v2\/media?parent=21198"}],"wp:term":[{"taxonomy":"product_brand","embeddable":true,"href":"https:\/\/www.customywear.com\/cs\/wp-json\/wp\/v2\/product_brand?post=21198"},{"taxonomy":"product_cat","embeddable":true,"href":"https:\/\/www.customywear.com\/cs\/wp-json\/wp\/v2\/product_cat?post=21198"},{"taxonomy":"product_tag","embeddable":true,"href":"https:\/\/www.customywear.com\/cs\/wp-json\/wp\/v2\/product_tag?post=21198"}],"curies":[{"name":"wp","href":"https:\/\/api.w.org\/{rel}","templated":true}]}}