{"id":21199,"date":"2023-07-28T13:46:46","date_gmt":"2023-07-28T13:46:46","guid":{"rendered":"https:\/\/www.customywear.com\/?post_type=product&#038;p=21199"},"modified":"2026-05-05T20:24:09","modified_gmt":"2026-05-05T20:24:09","slug":"vlastni-kosile-pro-muze-k-narozeninam","status":"publish","type":"product","link":"https:\/\/www.customywear.com\/cs\/custom-happy-birthday-man-shirt\/","title":{"rendered":"P\u00e1nsk\u00e9 tri\u010dko k narozenin\u00e1m na zak\u00e1zku \u2013 personalizovan\u00fd z\u00e1bavn\u00fd d\u00e1rek pro n\u011bj"},"content":{"rendered":"<p>Ud\u011blejte si narozeniny nezapomenuteln\u00fdmi s na\u0161\u00edm personalizovan\u00fdm tri\u010dkem pro mu\u017ee s n\u00e1pisem \u201eHappy Birthday Man\u201c. Na\u0161i zku\u0161en\u00ed um\u011blci pou\u017e\u00edvaj\u00ed Adobe Illustrator a Adobe Photoshop k vytvo\u0159en\u00ed vektorov\u00e9ho portr\u00e9tu, kter\u00fd v\u00e1s zachycuje p\u0159i oslav\u011b p\u0159ed z\u00e1\u0159iv\u00fdm narozeninov\u00fdm dortem. Toto personalizovan\u00e9 tri\u010dko je dokonal\u00fdm z\u00e1bavn\u00fdm a bezstarostn\u00fdm d\u00e1rkem, ide\u00e1ln\u00edm pro va\u0161eho p\u0159\u00edtele, t\u00e1tu, man\u017eela, bratra a jak\u00e9hokoli v\u00fdjime\u010dn\u00e9ho mu\u017ee ve va\u0161em \u017eivot\u011b. Vychutnejte si radost z personalizace s na\u0161\u00edm unisex designem tri\u010dek pro dosp\u011bl\u00e9 s kr\u00e1tk\u00fdm i dlouh\u00fdm ruk\u00e1vem. Nen\u00ed to jen tri\u010dko; je to um\u011bleck\u00e9 d\u00edlo, kter\u00e9 vyvol\u00e1v\u00e1 sm\u00edch a zachycuje ducha oslavy. A\u0165 u\u017e se jedn\u00e1 o miln\u00edk k narozenin\u00e1m, nebo o den, kter\u00fd si chcete prost\u011b u\u017e\u00edt, toto tri\u010dko dod\u00e1v\u00e1 p\u0159\u00edle\u017eitosti n\u00e1dech humoru a personalizace. N\u00e1\u0161 proces tisku DTG zaji\u0161\u0165uje, \u017ee v\u00e1\u0161 personalizovan\u00fd design z\u016fstane \u017eiv\u00fd a vysoce kvalitn\u00ed, a prezentuje propracovan\u00e9 vektorov\u00e9 um\u011bn\u00ed. Tato v\u0161estrann\u00e1 tri\u010dka jsou ur\u010dena pro dosp\u011bl\u00e9, ml\u00e1de\u017e, d\u011bti i batolata, co\u017e z nich \u010din\u00ed ide\u00e1ln\u00ed volbu pro \u0161irokou v\u011bkovou \u0161k\u00e1lu. Zvy\u0161te sm\u00edch a vytvo\u0159te nezapomenuteln\u00fd d\u00e1rek za\u010dlen\u011bn\u00edm lidsk\u00fdch a zv\u00ed\u0159ec\u00edch obli\u010dej\u016f do designu. Prozkoumejte \u0159\u00ed\u0161i personalizovan\u00fdch d\u00e1rk\u016f s nekone\u010dn\u00fdmi mo\u017enostmi designu a sd\u00edlejte radost z narozenin jako nikdy p\u0159edt\u00edm.<\/p>","protected":false},"excerpt":{"rendered":"<p>Oslavte narozeniny vlastn\u00ed ko\u0161il\u00ed Happy Birthday Man. Personalizovan\u00e9 z\u00e1bavn\u00e9 d\u00e1rky pro n\u011bj prom\u011bn\u00ed jakoukoli fotografii v jedine\u010dn\u00e9, slavnostn\u00ed tri\u010dko.<\/p>","protected":false},"featured_media":142573,"comment_status":"open","ping_status":"closed","template":"","meta":{"_acf_changed":false},"product_brand":[],"product_cat":[6195,496,6246,186,6342,6412,6428],"product_tag":[6433,498,6216,6219,6220],"class_list":{"0":"post-21199","1":"product","2":"type-product","3":"status-publish","4":"has-post-thumbnail","6":"product_cat-t-shirts-men","7":"product_cat-birthday","8":"product_cat-custom-gifts-birthday-party","9":"product_cat-men","10":"product_cat-mens-birthday-t-shirts","11":"product_cat-photo-to-tees","12":"product_cat-translate-products","13":"product_tag-ai-artwork","14":"product_tag-birthday","15":"product_tag-mens-custom-t-shirts","16":"product_tag-order-custom-shirts","17":"product_tag-t-shirt-printing-near-me","19":"first","20":"instock","21":"taxable","22":"shipping-taxable","23":"purchasable","24":"product-type-simple"},"acf":[],"wcpa_form_fields":null,"_links":{"self":[{"href":"https:\/\/www.customywear.com\/cs\/wp-json\/wp\/v2\/product\/21199","targetHints":{"allow":["GET"]}}],"collection":[{"href":"https:\/\/www.customywear.com\/cs\/wp-json\/wp\/v2\/product"}],"about":[{"href":"https:\/\/www.customywear.com\/cs\/wp-json\/wp\/v2\/types\/product"}],"replies":[{"embeddable":true,"href":"https:\/\/www.customywear.com\/cs\/wp-json\/wp\/v2\/comments?post=21199"}],"wp:featuredmedia":[{"embeddable":true,"href":"https:\/\/www.customywear.com\/cs\/wp-json\/wp\/v2\/media\/142573"}],"wp:attachment":[{"href":"https:\/\/www.customywear.com\/cs\/wp-json\/wp\/v2\/media?parent=21199"}],"wp:term":[{"taxonomy":"product_brand","embeddable":true,"href":"https:\/\/www.customywear.com\/cs\/wp-json\/wp\/v2\/product_brand?post=21199"},{"taxonomy":"product_cat","embeddable":true,"href":"https:\/\/www.customywear.com\/cs\/wp-json\/wp\/v2\/product_cat?post=21199"},{"taxonomy":"product_tag","embeddable":true,"href":"https:\/\/www.customywear.com\/cs\/wp-json\/wp\/v2\/product_tag?post=21199"}],"curies":[{"name":"wp","href":"https:\/\/api.w.org\/{rel}","templated":true}]}}