{"id":21200,"date":"2023-07-28T13:46:48","date_gmt":"2023-07-28T13:46:48","guid":{"rendered":"https:\/\/www.customywear.com\/?post_type=product&#038;p=21200"},"modified":"2026-05-05T20:23:30","modified_gmt":"2026-05-05T20:23:30","slug":"zenska-kosile-k-narozeninam-na-zakazku","status":"publish","type":"product","link":"https:\/\/www.customywear.com\/cs\/custom-happy-birthday-woman-shirt\/","title":{"rendered":"D\u00e1msk\u00e9 tri\u010dko k narozenin\u00e1m na zak\u00e1zku \u2013 personalizovan\u00fd z\u00e1bavn\u00fd d\u00e1rek pro ni"},"content":{"rendered":"<p>Ud\u011blejte jej\u00ed narozeniny v\u00fdjime\u010dn\u00fdmi s na\u0161\u00edm personalizovan\u00fdm tri\u010dkem Happy Birthday Woman. Na\u0161i zku\u0161en\u00ed \u0159emesln\u00edci pou\u017e\u00edvaj\u00ed Adobe Illustrator a Adobe Photoshop k vytvo\u0159en\u00ed vektorov\u00e9ho portr\u00e9tu, kter\u00fd zachycuje podstatu oslavy p\u0159ed n\u00e1dhern\u00fdm narozeninov\u00fdm dortem. Toto personalizovan\u00e9 tri\u010dko je srde\u010dn\u00fdm a z\u00e1bavn\u00fdm d\u00e1rkem, ide\u00e1ln\u00ed pro \u017eeny v\u0161ech v\u011bkov\u00fdch kategori\u00ed, a\u0165 u\u017e je to va\u0161e maminka, sestra, man\u017eelka, p\u0159\u00edtelkyn\u011b nebo jak\u00e1koli jin\u00e1 v\u00fdjime\u010dn\u00e1 d\u00e1ma. Za\u017eijte radost z personalizace s na\u0161\u00edm unisex designem tri\u010dek pro dosp\u011bl\u00e9 s kr\u00e1tk\u00fdm i dlouh\u00fdm ruk\u00e1vem. Je to v\u00edc ne\u017e jen tri\u010dko; je to nositeln\u00e1 vzpom\u00ednka, kter\u00e1 zt\u011bles\u0148uje ducha oslavy. A\u0165 u\u017e se jedn\u00e1 o miln\u00edk k narozenin\u00e1m nebo o okam\u017eik, kter\u00fd si chcete jednodu\u0161e u\u017e\u00edt, toto tri\u010dko dod\u00e1v\u00e1 p\u0159\u00edle\u017eitosti n\u00e1dech humoru a personalizace. N\u00e1\u0161 proces tisku DTG zaru\u010duje \u017eiv\u00e9 a dlouhotrvaj\u00edc\u00ed designy, kter\u00e9 v cel\u00e9 sv\u00e9 kr\u00e1se prezentuj\u00ed slo\u017eit\u00e9 vektorov\u00e9 um\u011bn\u00ed. Tato v\u0161estrann\u00e1 tri\u010dka, kter\u00e1 jsou k dispozici pro dosp\u011bl\u00e9, ml\u00e1de\u017e, d\u011bti i batolata, uspokoj\u00ed \u0161irokou v\u011bkovou \u0161k\u00e1lu. Zvy\u0161te radost a vytvo\u0159te cenn\u00fd suven\u00fdr za\u010dlen\u011bn\u00edm lidsk\u00fdch a zv\u00ed\u0159ec\u00edch obli\u010dej\u016f do designu. Pot\u011b\u0161te se sv\u011btem personalizovan\u00fdch d\u00e1rk\u016f s nep\u0159ebern\u00fdm mno\u017estv\u00edm designov\u00fdch mo\u017enost\u00ed a sd\u00edlejte radost z narozenin jako nikdy p\u0159edt\u00edm.<\/p>","protected":false},"excerpt":{"rendered":"<p>Ud\u011blejte narozeniny speci\u00e1ln\u00ed pomoc\u00ed vlastn\u00ed ko\u0161ile Happy Birthday Woman. Personalizovan\u00e9 z\u00e1bavn\u00e9 d\u00e1rky pro ni prom\u011b\u0148te jakoukoli fotografii do jedine\u010dn\u00e9ho tri\u010dka.<\/p>","protected":false},"featured_media":142581,"comment_status":"open","ping_status":"closed","template":"","meta":{"_acf_changed":false},"product_brand":[],"product_cat":[6191,496,6246,6412,6428,6357],"product_tag":[6433,498,503,112],"class_list":{"0":"post-21200","1":"product","2":"type-product","3":"status-publish","4":"has-post-thumbnail","6":"product_cat-t-shirts-women","7":"product_cat-birthday","8":"product_cat-custom-gifts-birthday-party","9":"product_cat-photo-to-tees","10":"product_cat-translate-products","11":"product_cat-womens-birthday-t-shirts","12":"product_tag-ai-artwork","13":"product_tag-birthday","14":"product_tag-girlfriend_gift","15":"product_tag-women","17":"first","18":"instock","19":"taxable","20":"shipping-taxable","21":"purchasable","22":"product-type-simple"},"acf":[],"wcpa_form_fields":null,"_links":{"self":[{"href":"https:\/\/www.customywear.com\/cs\/wp-json\/wp\/v2\/product\/21200","targetHints":{"allow":["GET"]}}],"collection":[{"href":"https:\/\/www.customywear.com\/cs\/wp-json\/wp\/v2\/product"}],"about":[{"href":"https:\/\/www.customywear.com\/cs\/wp-json\/wp\/v2\/types\/product"}],"replies":[{"embeddable":true,"href":"https:\/\/www.customywear.com\/cs\/wp-json\/wp\/v2\/comments?post=21200"}],"wp:featuredmedia":[{"embeddable":true,"href":"https:\/\/www.customywear.com\/cs\/wp-json\/wp\/v2\/media\/142581"}],"wp:attachment":[{"href":"https:\/\/www.customywear.com\/cs\/wp-json\/wp\/v2\/media?parent=21200"}],"wp:term":[{"taxonomy":"product_brand","embeddable":true,"href":"https:\/\/www.customywear.com\/cs\/wp-json\/wp\/v2\/product_brand?post=21200"},{"taxonomy":"product_cat","embeddable":true,"href":"https:\/\/www.customywear.com\/cs\/wp-json\/wp\/v2\/product_cat?post=21200"},{"taxonomy":"product_tag","embeddable":true,"href":"https:\/\/www.customywear.com\/cs\/wp-json\/wp\/v2\/product_tag?post=21200"}],"curies":[{"name":"wp","href":"https:\/\/api.w.org\/{rel}","templated":true}]}}