{"id":21207,"date":"2023-07-28T13:46:58","date_gmt":"2023-07-28T13:46:58","guid":{"rendered":"https:\/\/www.customywear.com\/?post_type=product&#038;p=21207"},"modified":"2026-05-16T11:14:10","modified_gmt":"2026-05-16T11:14:10","slug":"vlastni-turisticka-damska-kosile","status":"publish","type":"product","link":"https:\/\/www.customywear.com\/cs\/custom-hiking-woman-shirt\/","title":{"rendered":"D\u00e1msk\u00e9 turistick\u00e9 tri\u010dko na m\u00edru \u2013 personalizovan\u00e9 d\u00e1msk\u00e9 turistick\u00e9 horsk\u00e9 tri\u010dko"},"content":{"rendered":"<p>Pozdvihn\u011bte sv\u00e1 outdoorov\u00e1 dobrodru\u017estv\u00ed s na\u0161\u00edm d\u00e1msk\u00fdm turistick\u00fdm tri\u010dkem na m\u00edru, personalizovanou poctou turistk\u00e1m dob\u00fdvaj\u00edc\u00edm vrcholy. Na\u0161i zku\u0161en\u00ed \u0159emesln\u00edci vyu\u017e\u00edvaj\u00ed s\u00edlu program\u016f Adobe Illustrator a Adobe Photoshop k tvorb\u011b poutav\u00fdch vektorov\u00fdch portr\u00e9t\u016f a prom\u011bn\u00ed va\u0161i fotografii v \u00fa\u017easn\u00e9 zobrazen\u00ed v\u00e1s, jak dob\u00fdv\u00e1te majest\u00e1tn\u00ed horu. Toto tri\u010dko na m\u00edru, zdoben\u00e9 na\u0161\u00edm pr\u00e9miov\u00fdm grafick\u00fdm zpracov\u00e1n\u00edm, je dokonal\u00fdm d\u00e1rkem pro milovn\u00edky turistiky a p\u0159\u00edrody. Za\u017eijte kouzlo personalizace s na\u0161\u00edm unisex tri\u010dkem s kr\u00e1tk\u00fdm a dlouh\u00fdm ruk\u00e1vem pro dosp\u011bl\u00e9. Tato tri\u010dka se nejen st\u00e1vaj\u00ed od\u011bvem, ale st\u00e1vaj\u00ed se tak\u00e9 cenn\u00fdmi suven\u00fdry, kter\u00e9 zt\u011bles\u0148uj\u00ed vzru\u0161en\u00ed ze zdol\u00e1v\u00e1n\u00ed vrchol\u016f a zdol\u00e1v\u00e1n\u00ed v\u00fdzev. D\u00edky v\u0161estrann\u00e9mu unisex stylu jsou vhodn\u00e1 pro dosp\u011bl\u00e9, ml\u00e1de\u017e, d\u011bti i batolata. Vneste do sv\u00e9ho designu n\u00e1dech individuality za\u010dlen\u011bn\u00edm lidsk\u00fdch a zv\u00ed\u0159ec\u00edch obli\u010dej\u016f a vytvo\u0159te tak tri\u010dka, kter\u00e1 jsou skute\u010dn\u011b jedine\u010dn\u00e1. Tato personalizovan\u00e1 tri\u010dka nejen oslavuj\u00ed kr\u00e1su p\u0159\u00edrody, ale tak\u00e9 symbolizuj\u00ed pos\u00edlen\u00ed a s\u00edlu turistek. Prozkoumejte na\u0161i \u0159adu design\u016f, z nich\u017e ka\u017ed\u00fd je p\u0159ipraven zachytit ducha va\u0161\u00ed jedine\u010dn\u00e9 cesty a inspirovat hlubok\u00e9 spojen\u00ed s divy p\u0159\u00edrody.<\/p>","protected":false},"excerpt":{"rendered":"<p>Trek ve velk\u00e9m stylu s vlastn\u00ed turistickou ko\u0161il\u00ed. Personalizovan\u00e1 turistick\u00e1 tri\u010dka pro \u017eeny prom\u011bn\u00ed jakoukoli fotografii na jedine\u010dn\u00e9 tri\u010dko inspirovan\u00e9 outdoorem.<\/p>","protected":false},"featured_media":142837,"comment_status":"open","ping_status":"closed","template":"","meta":{"_acf_changed":false},"product_brand":[],"product_cat":[6191,558,559,6412,310,6428,75,6356],"product_tag":[560,6433,562,326,6442,112],"class_list":{"0":"post-21207","1":"product","2":"type-product","3":"status-publish","4":"has-post-thumbnail","6":"product_cat-t-shirts-women","7":"product_cat-custom-gifts-hiking","8":"product_cat-hiking-t-shirts","9":"product_cat-photo-to-tees","10":"product_cat-sports-shirts","11":"product_cat-translate-products","12":"product_cat-women","13":"product_cat-womens-summer-t-shirts","14":"product_tag-adventure_shirt","15":"product_tag-ai-artwork","16":"product_tag-hiking-art","17":"product_tag-sports","18":"product_tag-top-artwork","19":"product_tag-women","21":"first","22":"instock","23":"taxable","24":"shipping-taxable","25":"purchasable","26":"product-type-simple"},"acf":[],"wcpa_form_fields":null,"_links":{"self":[{"href":"https:\/\/www.customywear.com\/cs\/wp-json\/wp\/v2\/product\/21207","targetHints":{"allow":["GET"]}}],"collection":[{"href":"https:\/\/www.customywear.com\/cs\/wp-json\/wp\/v2\/product"}],"about":[{"href":"https:\/\/www.customywear.com\/cs\/wp-json\/wp\/v2\/types\/product"}],"replies":[{"embeddable":true,"href":"https:\/\/www.customywear.com\/cs\/wp-json\/wp\/v2\/comments?post=21207"}],"wp:featuredmedia":[{"embeddable":true,"href":"https:\/\/www.customywear.com\/cs\/wp-json\/wp\/v2\/media\/142837"}],"wp:attachment":[{"href":"https:\/\/www.customywear.com\/cs\/wp-json\/wp\/v2\/media?parent=21207"}],"wp:term":[{"taxonomy":"product_brand","embeddable":true,"href":"https:\/\/www.customywear.com\/cs\/wp-json\/wp\/v2\/product_brand?post=21207"},{"taxonomy":"product_cat","embeddable":true,"href":"https:\/\/www.customywear.com\/cs\/wp-json\/wp\/v2\/product_cat?post=21207"},{"taxonomy":"product_tag","embeddable":true,"href":"https:\/\/www.customywear.com\/cs\/wp-json\/wp\/v2\/product_tag?post=21207"}],"curies":[{"name":"wp","href":"https:\/\/api.w.org\/{rel}","templated":true}]}}